{"id":12086,"date":"2026-03-18T22:04:41","date_gmt":"2026-03-18T21:04:41","guid":{"rendered":"https:\/\/gltestm.webology.pl\/produkt\/stopka-uniwersalna-do-overlocka-lucznik\/"},"modified":"2026-03-18T22:27:29","modified_gmt":"2026-03-18T21:27:29","slug":"stopka-uniwersalna-do-overlocka-lucznik","status":"publish","type":"product","link":"https:\/\/gltestm.webology.pl\/pl\/produkt\/stopka-uniwersalna-do-overlocka-lucznik\/","title":{"rendered":"Stopka uniwersalna do overlocka \u0141ucznik"},"content":{"rendered":"<div>\n<div>\n<div>\n<div>\n<h2>Niezast\u0105piona stopka uniwersalna do overlocka \u0141ucznik<\/h2>\n<p>Ta metalowa stopka to absolutny must-have w warsztacie ka\u017cdej krawcowej i krawca. Pasuje do wielu modeli overlock\u00f3w \u0141ucznik, co czyni j\u0105 uniwersalnym i praktycznym dodatkiem. Niezale\u017cnie od tego, czy Twoim zadaniem jest obszywanie brzeg\u00f3w materia\u0142u, czy zszywanie go, ta stopka sprawi, \u017ce praca stanie si\u0119 prostsza i bardziej precyzyjna. Dzi\u0119ki niej Twoje szwy b\u0119d\u0105 idealnie r\u00f3wne, a brzegi tkanin perfekcyjnie wyko\u0144czone.<\/p>\n<h2>Wysoka jako\u015b\u0107 i komfort pracy<\/h2>\n<p>Wykonana z trwa\u0142ego metalu, nasza uniwersalna stopka do overlocka gwarantuje d\u0142ugie lata bezproblemowego u\u017cytkowania. Jej solidna konstrukcja minimalizuje drgania i zapewnia stabilno\u015b\u0107, co przek\u0142ada si\u0119 na wygod\u0119 i kontrol\u0119 podczas szycia. To niezb\u0119dne akcesorium dla ka\u017cdego, kto ceni sobie precyzj\u0119 i wydajno\u015b\u0107.<\/p>\n<h2>Kompatybilno\u015b\u0107 i zastosowanie<\/h2>\n<p>Stopka jest \u0142atwa w monta\u017cu, a dzi\u0119ki swojej uniwersalno\u015bci pasuje do wi\u0119kszo\u015bci domowych overlock\u00f3w \u0141ucznik z systemem szybkiej wymiany. Idealnie sprawdzi si\u0119 przy szyciu r\u00f3\u017cnych typ\u00f3w materia\u0142\u00f3w \u2013 od delikatnych tkanin, po elastyczne dzianiny.<\/p>\n<h2>Stopka uniwersalna do overlocka &#8211; najwa\u017cniejsze informacje<\/h2>\n<ul>\n<li>\n<p><strong>Przeznaczenie:<\/strong> uniwersalna stopka do overlocka \u0141ucznik 820D5, 820D3, 720D4, 1200 D-4<\/p>\n<\/li>\n<li>\n<p><strong>Materia\u0142:<\/strong> metal<\/p>\n<\/li>\n<li>\n<p><strong>Zastosowanie:<\/strong> obszywanie i \u0142\u0105czenie brzeg\u00f3w materia\u0142\u00f3w<\/p>\n<\/li>\n<li>\n<p>Stopka zawiera r\u00f3wnie\u017c<strong> system mocowania <\/strong>na zatrzask &#8211; widoczny na zdj\u0119ciu.<\/p>\n<\/li>\n<\/ul>\n<\/div>\n<\/div>\n<p><\/div>\n<\/div>\n","protected":false},"excerpt":{"rendered":"<p>Uniwersalna stopka do overlocka \u0141ucznik, z systemem do zamontowania.<\/p>\n","protected":false},"featured_media":13073,"comment_status":"open","ping_status":"closed","template":"","meta":[],"product_brand":[],"product_cat":[453],"product_tag":[],"class_list":{"0":"post-12086","1":"product","2":"type-product","3":"status-publish","4":"has-post-thumbnail","6":"product_cat-stopki-do-overlockow","8":"first","9":"instock","10":"taxable","11":"shipping-taxable","12":"purchasable","13":"product-type-simple"},"_links":{"self":[{"href":"https:\/\/gltestm.webology.pl\/pl\/wp-json\/wp\/v2\/product\/12086","targetHints":{"allow":["GET"]}}],"collection":[{"href":"https:\/\/gltestm.webology.pl\/pl\/wp-json\/wp\/v2\/product"}],"about":[{"href":"https:\/\/gltestm.webology.pl\/pl\/wp-json\/wp\/v2\/types\/product"}],"replies":[{"embeddable":true,"href":"https:\/\/gltestm.webology.pl\/pl\/wp-json\/wp\/v2\/comments?post=12086"}],"version-history":[{"count":0,"href":"https:\/\/gltestm.webology.pl\/pl\/wp-json\/wp\/v2\/product\/12086\/revisions"}],"wp:featuredmedia":[{"embeddable":true,"href":"https:\/\/gltestm.webology.pl\/pl\/wp-json\/wp\/v2\/media\/13073"}],"wp:attachment":[{"href":"https:\/\/gltestm.webology.pl\/pl\/wp-json\/wp\/v2\/media?parent=12086"}],"wp:term":[{"taxonomy":"product_brand","embeddable":true,"href":"https:\/\/gltestm.webology.pl\/pl\/wp-json\/wp\/v2\/product_brand?post=12086"},{"taxonomy":"product_cat","embeddable":true,"href":"https:\/\/gltestm.webology.pl\/pl\/wp-json\/wp\/v2\/product_cat?post=12086"},{"taxonomy":"product_tag","embeddable":true,"href":"https:\/\/gltestm.webology.pl\/pl\/wp-json\/wp\/v2\/product_tag?post=12086"}],"curies":[{"name":"wp","href":"https:\/\/api.w.org\/{rel}","templated":true}]}}