{"id":12084,"date":"2026-03-18T22:04:40","date_gmt":"2026-03-18T21:04:40","guid":{"rendered":"https:\/\/gltestm.webology.pl\/produkt\/podwojna-igla-do-maszyny-do-szycia\/"},"modified":"2026-03-22T21:59:57","modified_gmt":"2026-03-22T20:59:57","slug":"podwojna-igla-do-maszyny-do-szycia","status":"publish","type":"product","link":"https:\/\/gltestm.webology.pl\/pl\/produkt\/podwojna-igla-do-maszyny-do-szycia\/","title":{"rendered":"Podw\u00f3jna ig\u0142a do maszyny do szycia"},"content":{"rendered":"<h2>Podw\u00f3jna ig\u0142a do maszyny do szycia<\/h2>\n<p>Podw\u00f3jna ig\u0142a najcz\u0119\u015bciej s\u0142u\u017cy do <strong>podk\u0142adania<\/strong> r\u0119kaw\u00f3w, do\u0142\u00f3w w bluzkach, a tak\u017ce do szycia ozdobnego (mo\u017cemy szy\u0107 np. dwoma r\u00f3\u017cnymi kolorami nici).<br \/>Szyj\u0105c ig\u0142\u0105 podw\u00f3jn\u0105 tworzymy dwa r\u00f3wnoleg\u0142e \u015bciegi proste , a od spodu zygzak.<\/p>\n<ul>\n<li><strong>grubo\u015b\u0107 90<\/strong><\/li>\n<li><strong>rozstaw 2 mm<\/strong><\/li>\n<\/ul>\n<p>Chc\u0105c jej u\u017cywa\u0107 musimy sprawdzi\u0107 w instrukcji czy nasza maszyna jest przystosowana do szycia podw\u00f3jn\u0105 ig\u0142\u0105. Maszyna musi na pewno posiada\u0107 \u015bcieg zygzakowy \u017ceby m\u00f3c takiej ig\u0142y u\u017cywa\u0107 (ale nie jest to jedyne kryterium, dlatego trzeba przeczyta\u0107 instrukcj\u0119).<\/p>\n<h2>Pami\u0119taj!<\/h2>\n<p>Na bie\u017c\u0105co nale\u017cy r\u00f3wnie\u017c kontrolowa\u0107 czubek ig\u0142y, gdy zauwa\u017cysz jakiekolwiek \u015blady zu\u017cycia, wymie\u0144 ig\u0142\u0119 na now\u0105. Stan ig\u0142y wp\u0142ywa na jako\u015b\u0107 \u015bciegu, uszkodzony czubek ig\u0142y mo\u017ce zniszczy\u0107 szyt\u0105 tkanin\u0119. Ig\u0142y powinny by\u0107 przechowywane w oryginalnych opakowaniach, zapobiegaj\u0105cych ich uszkodzeniu.<\/p>\n<p><span>Stopki widoczne na zdj\u0119ciach nie s\u0105 elementem zestawu.<\/span><\/p>\n","protected":false},"excerpt":{"rendered":"<p>Podw\u00f3jna ig\u0142a do maszyny do szycia. Grubo\u015b\u0107 90. Rozstaw 2 mm.<\/p>\n","protected":false},"featured_media":13401,"comment_status":"open","ping_status":"closed","template":"","meta":[],"product_brand":[],"product_cat":[518],"product_tag":[],"class_list":{"0":"post-12084","1":"product","2":"type-product","3":"status-publish","4":"has-post-thumbnail","6":"product_cat-igly-do-maszyn","8":"first","9":"instock","10":"taxable","11":"shipping-taxable","12":"purchasable","13":"product-type-simple"},"_links":{"self":[{"href":"https:\/\/gltestm.webology.pl\/pl\/wp-json\/wp\/v2\/product\/12084","targetHints":{"allow":["GET"]}}],"collection":[{"href":"https:\/\/gltestm.webology.pl\/pl\/wp-json\/wp\/v2\/product"}],"about":[{"href":"https:\/\/gltestm.webology.pl\/pl\/wp-json\/wp\/v2\/types\/product"}],"replies":[{"embeddable":true,"href":"https:\/\/gltestm.webology.pl\/pl\/wp-json\/wp\/v2\/comments?post=12084"}],"version-history":[{"count":0,"href":"https:\/\/gltestm.webology.pl\/pl\/wp-json\/wp\/v2\/product\/12084\/revisions"}],"wp:featuredmedia":[{"embeddable":true,"href":"https:\/\/gltestm.webology.pl\/pl\/wp-json\/wp\/v2\/media\/13401"}],"wp:attachment":[{"href":"https:\/\/gltestm.webology.pl\/pl\/wp-json\/wp\/v2\/media?parent=12084"}],"wp:term":[{"taxonomy":"product_brand","embeddable":true,"href":"https:\/\/gltestm.webology.pl\/pl\/wp-json\/wp\/v2\/product_brand?post=12084"},{"taxonomy":"product_cat","embeddable":true,"href":"https:\/\/gltestm.webology.pl\/pl\/wp-json\/wp\/v2\/product_cat?post=12084"},{"taxonomy":"product_tag","embeddable":true,"href":"https:\/\/gltestm.webology.pl\/pl\/wp-json\/wp\/v2\/product_tag?post=12084"}],"curies":[{"name":"wp","href":"https:\/\/api.w.org\/{rel}","templated":true}]}}