{"id":12081,"date":"2026-03-18T22:04:39","date_gmt":"2026-03-18T21:04:39","guid":{"rendered":"https:\/\/gltestm.webology.pl\/produkt\/sokowirowka-jc-2005-s\/"},"modified":"2026-03-22T22:11:23","modified_gmt":"2026-03-22T21:11:23","slug":"sokowirowka-jc-2005-s","status":"publish","type":"product","link":"https:\/\/gltestm.webology.pl\/pl\/produkt\/sokowirowka-jc-2005-s\/","title":{"rendered":"Sokowir\u00f3wka JC-2005 S"},"content":{"rendered":"<p>Sokowir\u00f3wka JC-2005 S to doskona\u0142y wyb\u00f3r dla wszystkich, kt\u00f3rzy ceni\u0105 sobie <strong>zdrowe<\/strong> i pe\u0142ne <strong>witamin<\/strong> posi\u0142ki, kt\u00f3re mo\u017cna przygotowa\u0107 w postaci <strong>pysznych sok\u00f3w<\/strong> bez dodatku <strong>cukru<\/strong> czy <strong>konserwant\u00f3w<\/strong>. Dzi\u0119ki sokowir\u00f3wce mo\u017cna w <strong>prosty spos\u00f3b<\/strong> wykorzysta\u0107 owoce i warzywa, kt\u00f3re zazwyczaj zostaj\u0105 <strong>niezjedzone<\/strong> i <strong>marnuj\u0105 si\u0119<\/strong>. Posiadanie w domu sokowir\u00f3wki to r\u00f3wnie\u017c <strong>oszcz\u0119dno\u015b\u0107 czasu<\/strong> i <strong>pieni\u0119dzy<\/strong>, poniewa\u017c nie trzeba ju\u017c kupowa\u0107 <strong>gotowych sok\u00f3w<\/strong> w sklepie.<\/p>\n<h2>Najwa\u017cniejsze cechy<\/h2>\n<ul>\n<li>Moc <strong>600 W<\/strong><\/li>\n<li><strong>2 pr\u0119dko\u015bci<\/strong> wyciskania<\/li>\n<li>Obudowa ze stali <strong>nierdzewnej<\/strong> INOX<\/li>\n<li><strong>Filtr z siatki<\/strong> z koszem ze stali <strong>nierdzewnej<\/strong> INOX<\/li>\n<li>Wy\u0142\u0105cznik bezpiecze\u0144stwa z <strong>blokad\u0105<\/strong><\/li>\n<li>D\u017awignia bezpiecze\u0144stwa z <strong>blokad\u0105<\/strong><\/li>\n<li>Zdejmowany pojemnik na sok u\u0142atwia mycie<\/li>\n<li>\u0141atwa w czyszczeniu\n<\/li>\n<\/ul>\n<h2>Do\u0142\u0105czane akcesoria<\/h2>\n<ul>\n<li>Pojemnik na sok<\/li>\n<li>Pojemnik na resztki<\/li>\n<li>Popychacz\n<\/li>\n<\/ul>\n<h2>Filtr ze stali nierdzewnej<\/h2>\n<p>Z moc\u0105 <strong>600 W<\/strong> i <strong>specjalnym filtrem<\/strong> z siatki z koszem ze stali nierdzewnej, mo\u017cesz mie\u0107 pewno\u015b\u0107, \u017ce ka\u017cde wyci\u015bni\u0119te soki b\u0119d\u0105 <strong>czyste<\/strong> i <strong>g\u0142adkie<\/strong>, pozbawione <strong>pulpy<\/strong>, czy <strong>pozosta\u0142o\u015bci<\/strong>. Sokowir\u00f3wka umo\u017cliwia wyciskanie nawet <strong>twardych owoc\u00f3w<\/strong> i <strong>warzyw<\/strong>.<\/p>\n<h2>Bezpieczna w u\u017cyciu<\/h2>\n<p><strong>D\u017awignia bezpiecze\u0144stwa<\/strong> z blokad\u0105 i wy\u0142\u0105cznik bezpiecze\u0144stwa dodatkowo zwi\u0119kszaj\u0105 bezpiecze\u0144stwo u\u017cytkowania wyciskarki JC-2005 S.<\/p>\n<h2>Wygodne nalewanie i mycie w zmywarce<\/h2>\n<p>Zdejmowany <strong>profilowany<\/strong> dzbanek z <strong>klapk\u0105<\/strong> umo\u017cliwia \u0142atwe i<strong> wygodne nalewanie<\/strong> z wyci\u015bni\u0119tego soku bez rozchlapywania na boki. Podajnik, przezroczysta pokrywa, pojemnik na mi\u0105\u017csz, dzbanek, obr\u0119cz oraz sitko mo\u017cna <strong>my\u0107 w zmywarce<\/strong>.<\/p>\n<h2>2 pr\u0119dko\u015bci wyciskania<\/h2>\n<p>Dobierz pr\u0119dko\u015b\u0107 wyciskania do <strong>twardo\u015bci<\/strong> <strong>owoc\u00f3w<\/strong> i ciesz si\u0119 \u015bwie\u017cym i g\u0142adkim sokiem bez p\u0142ywaj\u0105cych w nim resztek.<\/p>\n<h2>24-miesi\u0119czna gwarancja<\/h2>\n<p>Sokowir\u00f3wka \u0141ucznik JC-2005 S obj\u0119ta jest <strong>dwuletni\u0105 gwarancj\u0105 importera<\/strong>. W opakowaniu znajduje si\u0119 r\u00f3wnie\u017c instrukcja w j\u0119zyku polskim, z kt\u00f3r\u0105 nale\u017cy zapozna\u0107 si\u0119 przed przyst\u0105pieniem do korzystania z urz\u0105dzenia.<\/p>\n","protected":false},"excerpt":{"rendered":"<p>Domowa wyciskarka do sok\u00f3w o mocy 600 W. Dwie pr\u0119dko\u015bciami wyciskania. Wyciska czyste i g\u0142adkie soki z mi\u0119kkich i twardych owoc\u00f3w.<\/p>\n","protected":false},"featured_media":14779,"comment_status":"open","ping_status":"closed","template":"","meta":[],"product_brand":[],"product_cat":[578],"product_tag":[],"class_list":{"0":"post-12081","1":"product","2":"type-product","3":"status-publish","4":"has-post-thumbnail","6":"product_cat-sokowirowki-i-wyciskarki","8":"first","9":"outofstock","10":"sale","11":"taxable","12":"shipping-taxable","13":"purchasable","14":"product-type-simple"},"_links":{"self":[{"href":"https:\/\/gltestm.webology.pl\/pl\/wp-json\/wp\/v2\/product\/12081","targetHints":{"allow":["GET"]}}],"collection":[{"href":"https:\/\/gltestm.webology.pl\/pl\/wp-json\/wp\/v2\/product"}],"about":[{"href":"https:\/\/gltestm.webology.pl\/pl\/wp-json\/wp\/v2\/types\/product"}],"replies":[{"embeddable":true,"href":"https:\/\/gltestm.webology.pl\/pl\/wp-json\/wp\/v2\/comments?post=12081"}],"version-history":[{"count":0,"href":"https:\/\/gltestm.webology.pl\/pl\/wp-json\/wp\/v2\/product\/12081\/revisions"}],"wp:featuredmedia":[{"embeddable":true,"href":"https:\/\/gltestm.webology.pl\/pl\/wp-json\/wp\/v2\/media\/14779"}],"wp:attachment":[{"href":"https:\/\/gltestm.webology.pl\/pl\/wp-json\/wp\/v2\/media?parent=12081"}],"wp:term":[{"taxonomy":"product_brand","embeddable":true,"href":"https:\/\/gltestm.webology.pl\/pl\/wp-json\/wp\/v2\/product_brand?post=12081"},{"taxonomy":"product_cat","embeddable":true,"href":"https:\/\/gltestm.webology.pl\/pl\/wp-json\/wp\/v2\/product_cat?post=12081"},{"taxonomy":"product_tag","embeddable":true,"href":"https:\/\/gltestm.webology.pl\/pl\/wp-json\/wp\/v2\/product_tag?post=12081"}],"curies":[{"name":"wp","href":"https:\/\/api.w.org\/{rel}","templated":true}]}}