{"id":12077,"date":"2026-03-18T22:04:38","date_gmt":"2026-03-18T21:04:38","guid":{"rendered":"https:\/\/gltestm.webology.pl\/produkt\/pojemnik-na-kurz-do-odkurzacza-op-2018\/"},"modified":"2026-03-22T21:59:54","modified_gmt":"2026-03-22T20:59:54","slug":"pojemnik-na-kurz-do-odkurzacza-op-2018","status":"publish","type":"product","link":"https:\/\/gltestm.webology.pl\/pl\/produkt\/pojemnik-na-kurz-do-odkurzacza-op-2018\/","title":{"rendered":"Pojemnik na kurz do odkurzacza OP-2018"},"content":{"rendered":"<div>\n<div>\n<h2>Pojemnik na kurz 0,5 l z zabezpieczeniem<\/h2>\n<p>Wykonany z wytrzyma\u0142ego tworzywa pojemnik na kurz o pojemno\u015bci 0,5 l. Pojemnik sprzedawany jest w zestawie z gumk\u0105 zapobiegaj\u0105c\u0105 wypadaniu kurzu + filtr<\/p>\n<h2>Zawarto\u015b\u0107 zestawu<\/h2>\n<ul>\n<li>pojemnik na kurz<\/li>\n<li>gumka zabezpieczaj\u0105ca<\/li>\n<li>filtr<\/li>\n<\/ul>\n<p>Pojemnik przeznaczony jest do u\u017cytku z pionowym odkurzaczem \u0141ucznik OP-2018.<\/p>\n<\/div>\n<\/div>\n","protected":false},"excerpt":{"rendered":"<p>Plastikowy pojemnik z gumow\u0105 uszczelk\u0105<\/p>\n","protected":false},"featured_media":15835,"comment_status":"open","ping_status":"closed","template":"","meta":[],"product_brand":[],"product_cat":[628],"product_tag":[],"class_list":{"0":"post-12077","1":"product","2":"type-product","3":"status-publish","4":"has-post-thumbnail","6":"product_cat-odkurzacze","8":"first","9":"instock","10":"taxable","11":"shipping-taxable","12":"purchasable","13":"product-type-simple"},"_links":{"self":[{"href":"https:\/\/gltestm.webology.pl\/pl\/wp-json\/wp\/v2\/product\/12077","targetHints":{"allow":["GET"]}}],"collection":[{"href":"https:\/\/gltestm.webology.pl\/pl\/wp-json\/wp\/v2\/product"}],"about":[{"href":"https:\/\/gltestm.webology.pl\/pl\/wp-json\/wp\/v2\/types\/product"}],"replies":[{"embeddable":true,"href":"https:\/\/gltestm.webology.pl\/pl\/wp-json\/wp\/v2\/comments?post=12077"}],"version-history":[{"count":0,"href":"https:\/\/gltestm.webology.pl\/pl\/wp-json\/wp\/v2\/product\/12077\/revisions"}],"wp:featuredmedia":[{"embeddable":true,"href":"https:\/\/gltestm.webology.pl\/pl\/wp-json\/wp\/v2\/media\/15835"}],"wp:attachment":[{"href":"https:\/\/gltestm.webology.pl\/pl\/wp-json\/wp\/v2\/media?parent=12077"}],"wp:term":[{"taxonomy":"product_brand","embeddable":true,"href":"https:\/\/gltestm.webology.pl\/pl\/wp-json\/wp\/v2\/product_brand?post=12077"},{"taxonomy":"product_cat","embeddable":true,"href":"https:\/\/gltestm.webology.pl\/pl\/wp-json\/wp\/v2\/product_cat?post=12077"},{"taxonomy":"product_tag","embeddable":true,"href":"https:\/\/gltestm.webology.pl\/pl\/wp-json\/wp\/v2\/product_tag?post=12077"}],"curies":[{"name":"wp","href":"https:\/\/api.w.org\/{rel}","templated":true}]}}