{"id":12076,"date":"2026-03-18T22:04:38","date_gmt":"2026-03-18T21:04:38","guid":{"rendered":"https:\/\/gltestm.webology.pl\/produkt\/ladowarka-do-odkurzacza-lucznik-op-2018\/"},"modified":"2026-03-22T22:11:22","modified_gmt":"2026-03-22T21:11:22","slug":"ladowarka-do-odkurzacza-lucznik-op-2018","status":"publish","type":"product","link":"https:\/\/gltestm.webology.pl\/pl\/produkt\/ladowarka-do-odkurzacza-lucznik-op-2018\/","title":{"rendered":"\u0141adowarka do odkurzacza \u0141ucznik OP-2018"},"content":{"rendered":"<h2>\u0141adowarka do odkurzacza \u0141ucznik OP-2018<\/h2>\n<p>Kompaktowa<strong> \u0142adowarka<\/strong> (<strong>zasilacz<\/strong>) do <strong>odkurzacza pionowego \u0141ucznik OP-2018<\/strong>. \u0141adowarka posiada wtyczk\u0119 EU, idealnie pasuj\u0105c\u0105 do gniazdek w naszych domach (wtyk Europejski).<\/p>\n<h2>Parametry techniczne<\/h2>\n<ul>\n<li><strong>Wej\u015bcie<\/strong> \u0142adowarki 100-240 V, 50-60 Hz<\/li>\n<li><strong>Wyj\u015bcie<\/strong> \u0142adowarki 18 V, 500 mA<\/li>\n<li>Wtyczka <strong>europejska (EU),<\/strong> 2-polowa<\/li>\n<li>Kompatybilna z odkurzaczem \u0141ucznik OP-2018<\/li>\n<\/ul>\n","protected":false},"excerpt":{"rendered":"<p>\u0141adowarka do odkurzacza pionowego \u0141ucznik OP-2018<\/p>\n","protected":false},"featured_media":14586,"comment_status":"open","ping_status":"closed","template":"","meta":[],"product_brand":[],"product_cat":[628],"product_tag":[],"class_list":{"0":"post-12076","1":"product","2":"type-product","3":"status-publish","4":"has-post-thumbnail","6":"product_cat-odkurzacze","8":"first","9":"instock","10":"taxable","11":"shipping-taxable","12":"purchasable","13":"product-type-simple"},"_links":{"self":[{"href":"https:\/\/gltestm.webology.pl\/pl\/wp-json\/wp\/v2\/product\/12076","targetHints":{"allow":["GET"]}}],"collection":[{"href":"https:\/\/gltestm.webology.pl\/pl\/wp-json\/wp\/v2\/product"}],"about":[{"href":"https:\/\/gltestm.webology.pl\/pl\/wp-json\/wp\/v2\/types\/product"}],"replies":[{"embeddable":true,"href":"https:\/\/gltestm.webology.pl\/pl\/wp-json\/wp\/v2\/comments?post=12076"}],"version-history":[{"count":0,"href":"https:\/\/gltestm.webology.pl\/pl\/wp-json\/wp\/v2\/product\/12076\/revisions"}],"wp:featuredmedia":[{"embeddable":true,"href":"https:\/\/gltestm.webology.pl\/pl\/wp-json\/wp\/v2\/media\/14586"}],"wp:attachment":[{"href":"https:\/\/gltestm.webology.pl\/pl\/wp-json\/wp\/v2\/media?parent=12076"}],"wp:term":[{"taxonomy":"product_brand","embeddable":true,"href":"https:\/\/gltestm.webology.pl\/pl\/wp-json\/wp\/v2\/product_brand?post=12076"},{"taxonomy":"product_cat","embeddable":true,"href":"https:\/\/gltestm.webology.pl\/pl\/wp-json\/wp\/v2\/product_cat?post=12076"},{"taxonomy":"product_tag","embeddable":true,"href":"https:\/\/gltestm.webology.pl\/pl\/wp-json\/wp\/v2\/product_tag?post=12076"}],"curies":[{"name":"wp","href":"https:\/\/api.w.org\/{rel}","templated":true}]}}