{"id":12075,"date":"2026-03-18T22:04:38","date_gmt":"2026-03-18T21:04:38","guid":{"rendered":"https:\/\/gltestm.webology.pl\/produkt\/zestaw-ssawek-do-odkurzacza-lucznik-op-2018\/"},"modified":"2026-03-22T22:11:22","modified_gmt":"2026-03-22T21:11:22","slug":"zestaw-ssawek-do-odkurzacza-lucznik-op-2018","status":"publish","type":"product","link":"https:\/\/gltestm.webology.pl\/pl\/produkt\/zestaw-ssawek-do-odkurzacza-lucznik-op-2018\/","title":{"rendered":"Zestaw ssawek do odkurzacza \u0141ucznik OP-2018"},"content":{"rendered":"<p>Zestaw ma\u0142ych i wyj\u0105tkowo por\u0119cznych ssawek pasuj\u0105cych do <strong><a href=\"https:\/\/galerialucznik.pl\/pl\/products\/agd\/agd-do-domu\/odkurzacze\/odkurzacz-pionowy-lucznik-2w1-op-2018-810.html\" target=\"_blank\" rel=\"noopener\">odkurzacza \u0141ucznik OP-2018<\/a><\/strong>. Zestaw sk\u0142ada si\u0119 ze ssawki szczelinowej i ssawki tapicerskiej.<\/p>\n<h2><strong>Ssawka szczelinowa<\/strong><\/h2>\n<p><strong>Ssawka szczelinowa<\/strong><span> idealn\u0105 przy odkurzaniu kaloryfer\u00f3w lub trudno dost\u0119pnych miejsc takich jak zakamarki we wn\u0119trzu samochodu.<\/span><\/p>\n<h2>Ssawka tapicerska<\/h2>\n<p><strong>Ssawka tapicerska <\/strong>\u015b<span>wietnie nada si\u0119 do odkurzania tapicerki oraz innych materia\u0142\u00f3w, w szczeg\u00f3lno\u015bci, je\u015bli chcemy pozby\u0107 si\u0119 niepotrzebnych w\u0142os\u00f3w, czy te\u017c sier\u015bci naszego domowego futrzaka. Dzi\u0119ki temu, \u017ce <\/span><strong>ssawka tapicerska<\/strong><span> pod wp\u0142ywem tarcia elektryzuje si\u0119, to \u0142atwo przywieraj\u0105 do niej w\u0142a\u015bnie w\u0142osy i sier\u015b\u0107, a Ty mo\u017cesz przesta\u0107 przejmowa\u0107 si\u0119 tymi pozosta\u0142o\u015bciami, gdy\u017c teraz sprz\u0105tniesz je prosto i szybko.<\/span><\/p>\n","protected":false},"excerpt":{"rendered":"<p>Zestaw ssawek sk\u0142ada si\u0119 ze ssawki szczelinowej i ssawki tapicerskiej.<\/p>\n","protected":false},"featured_media":15805,"comment_status":"open","ping_status":"closed","template":"","meta":[],"product_brand":[],"product_cat":[628],"product_tag":[],"class_list":{"0":"post-12075","1":"product","2":"type-product","3":"status-publish","4":"has-post-thumbnail","6":"product_cat-odkurzacze","8":"first","9":"instock","10":"taxable","11":"shipping-taxable","12":"purchasable","13":"product-type-simple"},"_links":{"self":[{"href":"https:\/\/gltestm.webology.pl\/pl\/wp-json\/wp\/v2\/product\/12075","targetHints":{"allow":["GET"]}}],"collection":[{"href":"https:\/\/gltestm.webology.pl\/pl\/wp-json\/wp\/v2\/product"}],"about":[{"href":"https:\/\/gltestm.webology.pl\/pl\/wp-json\/wp\/v2\/types\/product"}],"replies":[{"embeddable":true,"href":"https:\/\/gltestm.webology.pl\/pl\/wp-json\/wp\/v2\/comments?post=12075"}],"version-history":[{"count":0,"href":"https:\/\/gltestm.webology.pl\/pl\/wp-json\/wp\/v2\/product\/12075\/revisions"}],"wp:featuredmedia":[{"embeddable":true,"href":"https:\/\/gltestm.webology.pl\/pl\/wp-json\/wp\/v2\/media\/15805"}],"wp:attachment":[{"href":"https:\/\/gltestm.webology.pl\/pl\/wp-json\/wp\/v2\/media?parent=12075"}],"wp:term":[{"taxonomy":"product_brand","embeddable":true,"href":"https:\/\/gltestm.webology.pl\/pl\/wp-json\/wp\/v2\/product_brand?post=12075"},{"taxonomy":"product_cat","embeddable":true,"href":"https:\/\/gltestm.webology.pl\/pl\/wp-json\/wp\/v2\/product_cat?post=12075"},{"taxonomy":"product_tag","embeddable":true,"href":"https:\/\/gltestm.webology.pl\/pl\/wp-json\/wp\/v2\/product_tag?post=12075"}],"curies":[{"name":"wp","href":"https:\/\/api.w.org\/{rel}","templated":true}]}}