{"id":12073,"date":"2026-03-18T22:04:37","date_gmt":"2026-03-18T21:04:37","guid":{"rendered":"https:\/\/gltestm.webology.pl\/produkt\/przybornik-do-szycia-w-duzej-metalowej-puszce\/"},"modified":"2026-03-18T22:27:29","modified_gmt":"2026-03-18T21:27:29","slug":"przybornik-do-szycia-w-duzej-metalowej-puszce","status":"publish","type":"product","link":"https:\/\/gltestm.webology.pl\/pl\/produkt\/przybornik-do-szycia-w-duzej-metalowej-puszce\/","title":{"rendered":"Przybornik do szycia w du\u017cej metalowej puszce"},"content":{"rendered":"<h2>Niezb\u0119dny zestaw do szycia<\/h2>\n<p>Zestaw do szycia w stylowym blaszanym pude\u0142ku to niezb\u0119dny produkt w ka\u017cdym domu. Posiada wszystkie podstawowe elementy kt&oacute;re znajd\u0105 zastosowanie w szybkich poprawkach krawieckich i nie tylko.<\/p>\n<p>Metalowa puszka z motywem krawiecki ma dodatkowo wyrysowan\u0105 na oko\u0142o miark\u0119 krawieck\u0105, z kt&oacute;rej r&oacute;wnie\u017c mo\u017cemy skorzysta\u0107.<\/p>\n<h2>Elementy znajduj\u0105ce si\u0119 w zestawie<\/h2>\n<p>W przyborniku znajduj\u0105 si\u0119 podstawowe akcesoria krawieckie:<\/p>\n<ul>\n<li>6 szpulek z ni\u0107mi poliestrowymi w r&oacute;\u017cnych kolorach<\/li>\n<li>komplet 10 agrafek o d\u0142ugo\u015bci ok. 2,8 cm<\/li>\n<li>dwustronny centymetr krawiecki (z jednej strony cale &#8211; 45&rdquo;, z drugiej centymetry &#8211; 150 cm)<\/li>\n<li>przecinak<\/li>\n<li>no\u017cyczki,<\/li>\n<li>zestaw igie\u0142 o r&oacute;\u017cnych rozmiarach do szycia r\u0119cznego w wygodnym pojemniku<\/li>\n<li>komplet szpilek z plastikow\u0105 g\u0142&oacute;wk\u0105<\/li>\n<li>nawlekacz<\/li>\n<li>naparstek<\/li>\n<li>ma\u0142e guziki (2 bia\u0142e, 2 czarne)<\/li>\n<\/ul>\n<p>Taki zestaw pozwoli nam wyj\u015b\u0107 z nie jednej opresji.<\/p>\n<p>Pude\u0142ko ma wymiary 14,5 x 10 x 5,6 cm i wyst\u0119puje tylko w czarnym kolorze.<\/p>\n","protected":false},"excerpt":{"rendered":"<p>Du\u017cy zestaw akcesori\u00f3w do szycia w metalowej puszcze.<\/p>\n","protected":false},"featured_media":13283,"comment_status":"open","ping_status":"closed","template":"","meta":[],"product_brand":[],"product_cat":[763],"product_tag":[],"class_list":{"0":"post-12073","1":"product","2":"type-product","3":"status-publish","4":"has-post-thumbnail","6":"product_cat-przyborniki-i-zestawy-do-szycia","8":"first","9":"instock","10":"taxable","11":"shipping-taxable","12":"purchasable","13":"product-type-simple"},"_links":{"self":[{"href":"https:\/\/gltestm.webology.pl\/pl\/wp-json\/wp\/v2\/product\/12073","targetHints":{"allow":["GET"]}}],"collection":[{"href":"https:\/\/gltestm.webology.pl\/pl\/wp-json\/wp\/v2\/product"}],"about":[{"href":"https:\/\/gltestm.webology.pl\/pl\/wp-json\/wp\/v2\/types\/product"}],"replies":[{"embeddable":true,"href":"https:\/\/gltestm.webology.pl\/pl\/wp-json\/wp\/v2\/comments?post=12073"}],"version-history":[{"count":0,"href":"https:\/\/gltestm.webology.pl\/pl\/wp-json\/wp\/v2\/product\/12073\/revisions"}],"wp:featuredmedia":[{"embeddable":true,"href":"https:\/\/gltestm.webology.pl\/pl\/wp-json\/wp\/v2\/media\/13283"}],"wp:attachment":[{"href":"https:\/\/gltestm.webology.pl\/pl\/wp-json\/wp\/v2\/media?parent=12073"}],"wp:term":[{"taxonomy":"product_brand","embeddable":true,"href":"https:\/\/gltestm.webology.pl\/pl\/wp-json\/wp\/v2\/product_brand?post=12073"},{"taxonomy":"product_cat","embeddable":true,"href":"https:\/\/gltestm.webology.pl\/pl\/wp-json\/wp\/v2\/product_cat?post=12073"},{"taxonomy":"product_tag","embeddable":true,"href":"https:\/\/gltestm.webology.pl\/pl\/wp-json\/wp\/v2\/product_tag?post=12073"}],"curies":[{"name":"wp","href":"https:\/\/api.w.org\/{rel}","templated":true}]}}