{"id":12070,"date":"2026-03-18T22:04:36","date_gmt":"2026-03-18T21:04:36","guid":{"rendered":"https:\/\/gltestm.webology.pl\/produkt\/dlugopis-znikajacy-do-tkanin-niebieski\/"},"modified":"2026-03-22T21:59:50","modified_gmt":"2026-03-22T20:59:50","slug":"dlugopis-znikajacy-do-tkanin-niebieski","status":"publish","type":"product","link":"https:\/\/gltestm.webology.pl\/pl\/produkt\/dlugopis-znikajacy-do-tkanin-niebieski\/","title":{"rendered":"D\u0142ugopis znikaj\u0105cy do tkanin niebieski"},"content":{"rendered":"<h2><strong>Zastosowanie znacznik<\/strong><\/h2>\n<p>D\u0142ugopis do tkanin \u015bwietnie sprawdzi si\u0119 do przenoszenia wykroj&oacute;w na materia\u0142, tworzenia w\u0142asnych projekt&oacute;w, jak i innych prac krawieckich. Marker zostawia bardzo wyra\u017ane, precyzyjne linie, sprawdzi si\u0119 na wielu tkaninach.<\/p>\n<h2><strong>Usuwanie wyrysowanych linii<\/strong><\/h2>\n<p>Pod wp\u0142ywem ciep\u0142a wyrysowane kreski znikaj\u0105. Wystarczy przeprasowa\u0107 materia\u0142 \u017celazkiem lub u\u017cy\u0107 gor\u0105cej wody, czy te\u017c podmuchu ciep\u0142ego powietrza.<\/p>\n<p>D\u0142ugopis jest w formie wk\u0142adu, wi\u0119c mo\u017cemy w\u0142o\u017cy\u0107 go do niekt&oacute;rych d\u0142ugopis&oacute;w lub u\u017cywa\u0107 samodzielnie.<\/p>\n<p>Polecamy wykona\u0107 wcze\u015bniej pr&oacute;b\u0119 na skrawku u\u017cywanego materia\u0142u.<\/p>\n","protected":false},"excerpt":{"rendered":"<p>Marker znikaj\u0105cy do zaznaczania linii szycia na materiale.<\/p>\n","protected":false},"featured_media":15692,"comment_status":"open","ping_status":"closed","template":"","meta":[],"product_brand":[],"product_cat":[743],"product_tag":[],"class_list":{"0":"post-12070","1":"product","2":"type-product","3":"status-publish","4":"has-post-thumbnail","6":"product_cat-mydelka-krawieckie-i-ich-zamienniki","8":"first","9":"instock","10":"taxable","11":"shipping-taxable","12":"purchasable","13":"product-type-simple"},"_links":{"self":[{"href":"https:\/\/gltestm.webology.pl\/pl\/wp-json\/wp\/v2\/product\/12070","targetHints":{"allow":["GET"]}}],"collection":[{"href":"https:\/\/gltestm.webology.pl\/pl\/wp-json\/wp\/v2\/product"}],"about":[{"href":"https:\/\/gltestm.webology.pl\/pl\/wp-json\/wp\/v2\/types\/product"}],"replies":[{"embeddable":true,"href":"https:\/\/gltestm.webology.pl\/pl\/wp-json\/wp\/v2\/comments?post=12070"}],"version-history":[{"count":0,"href":"https:\/\/gltestm.webology.pl\/pl\/wp-json\/wp\/v2\/product\/12070\/revisions"}],"wp:featuredmedia":[{"embeddable":true,"href":"https:\/\/gltestm.webology.pl\/pl\/wp-json\/wp\/v2\/media\/15692"}],"wp:attachment":[{"href":"https:\/\/gltestm.webology.pl\/pl\/wp-json\/wp\/v2\/media?parent=12070"}],"wp:term":[{"taxonomy":"product_brand","embeddable":true,"href":"https:\/\/gltestm.webology.pl\/pl\/wp-json\/wp\/v2\/product_brand?post=12070"},{"taxonomy":"product_cat","embeddable":true,"href":"https:\/\/gltestm.webology.pl\/pl\/wp-json\/wp\/v2\/product_cat?post=12070"},{"taxonomy":"product_tag","embeddable":true,"href":"https:\/\/gltestm.webology.pl\/pl\/wp-json\/wp\/v2\/product_tag?post=12070"}],"curies":[{"name":"wp","href":"https:\/\/api.w.org\/{rel}","templated":true}]}}