{"id":12053,"date":"2026-03-18T22:04:33","date_gmt":"2026-03-18T21:04:33","guid":{"rendered":"https:\/\/gltestm.webology.pl\/produkt\/kreda-krawiecka-w-olowku-biala\/"},"modified":"2026-03-22T21:59:47","modified_gmt":"2026-03-22T20:59:47","slug":"kreda-krawiecka-w-olowku-biala","status":"publish","type":"product","link":"https:\/\/gltestm.webology.pl\/pl\/produkt\/kreda-krawiecka-w-olowku-biala\/","title":{"rendered":"Kreda krawiecka w o\u0142\u00f3wku bia\u0142a"},"content":{"rendered":"<h2>Znacznik krawiecki w formie kredki<\/h2>\n<p>Kreda w o\u0142&oacute;wku jest praktycznym pomocnikiem ka\u017cdej krawcowej. Bardzo \u0142atwo si\u0119 ostrzy i nie \u0142amie si\u0119. Dzi\u0119ki niej wykonamy dok\u0142adne kre\u015blenia na materiale. Jest w bia\u0142ym kolorze, wi\u0119c b\u0119dzie \u015bwietnie widoczna na ciemnych tkaninach.<\/p>\n<p>Dzi\u0119ki formie o\u0142&oacute;wka unikniemy brudzenia si\u0119. Kred\u0119 mo\u017cemy naostrzy\u0107 za pomoc\u0105 zwyk\u0142ej temper&oacute;wki lub ostrza\u0142ki.<\/p>\n<p>Kreda w o\u0142&oacute;wku ma d\u0142ugo\u015b\u0107 17 cm.<\/p>\n<p>Przed u\u017cyciem nale\u017cy przetestowa\u0107 kred\u0119 na materiale.<\/p>\n","protected":false},"excerpt":{"rendered":"<p>Bia\u0142a kreda krawiecka w o\u0142\u00f3wku o d\u0142ugo\u015bci 17 cm. \u0141atwo si\u0119 ostrzy i nie \u0142amie.<\/p>\n","protected":false},"featured_media":14290,"comment_status":"open","ping_status":"closed","template":"","meta":[],"product_brand":[],"product_cat":[743],"product_tag":[],"class_list":{"0":"post-12053","1":"product","2":"type-product","3":"status-publish","4":"has-post-thumbnail","6":"product_cat-mydelka-krawieckie-i-ich-zamienniki","8":"first","9":"instock","10":"taxable","11":"shipping-taxable","12":"purchasable","13":"product-type-simple"},"_links":{"self":[{"href":"https:\/\/gltestm.webology.pl\/pl\/wp-json\/wp\/v2\/product\/12053","targetHints":{"allow":["GET"]}}],"collection":[{"href":"https:\/\/gltestm.webology.pl\/pl\/wp-json\/wp\/v2\/product"}],"about":[{"href":"https:\/\/gltestm.webology.pl\/pl\/wp-json\/wp\/v2\/types\/product"}],"replies":[{"embeddable":true,"href":"https:\/\/gltestm.webology.pl\/pl\/wp-json\/wp\/v2\/comments?post=12053"}],"version-history":[{"count":0,"href":"https:\/\/gltestm.webology.pl\/pl\/wp-json\/wp\/v2\/product\/12053\/revisions"}],"wp:featuredmedia":[{"embeddable":true,"href":"https:\/\/gltestm.webology.pl\/pl\/wp-json\/wp\/v2\/media\/14290"}],"wp:attachment":[{"href":"https:\/\/gltestm.webology.pl\/pl\/wp-json\/wp\/v2\/media?parent=12053"}],"wp:term":[{"taxonomy":"product_brand","embeddable":true,"href":"https:\/\/gltestm.webology.pl\/pl\/wp-json\/wp\/v2\/product_brand?post=12053"},{"taxonomy":"product_cat","embeddable":true,"href":"https:\/\/gltestm.webology.pl\/pl\/wp-json\/wp\/v2\/product_cat?post=12053"},{"taxonomy":"product_tag","embeddable":true,"href":"https:\/\/gltestm.webology.pl\/pl\/wp-json\/wp\/v2\/product_tag?post=12053"}],"curies":[{"name":"wp","href":"https:\/\/api.w.org\/{rel}","templated":true}]}}