{"id":12048,"date":"2026-03-18T22:04:32","date_gmt":"2026-03-18T21:04:32","guid":{"rendered":"https:\/\/gltestm.webology.pl\/produkt\/golarka-do-ubran-lucznik-lr-2020\/"},"modified":"2026-03-22T22:11:22","modified_gmt":"2026-03-22T21:11:22","slug":"golarka-do-ubran-lucznik-lr-2020","status":"publish","type":"product","link":"https:\/\/gltestm.webology.pl\/pl\/produkt\/golarka-do-ubran-lucznik-lr-2020\/","title":{"rendered":"Golarka do ubra\u0144 \u0141ucznik LR-2020"},"content":{"rendered":"<h2>Golarka do ubra\u0144 LR-2020 zadba o Twoj\u0105 garderob\u0119. Dok\u0142adnie i bezpiecznie!<\/h2>\n<p><strong>Tr\u00f3jramienne ostrze<\/strong> golarki wykonane z nierdzewnej <strong>stali Whirlwind<\/strong> bez problemu poradzi sobie z k\u0142aczkami na Twojej odzie\u017cy, po\u015bcieli czy innych materia\u0142ach. Co najwa\u017cniejsze, po jej zastosowaniu nie b\u0119dzie \u015bladu! Jak to mo\u017cliwe? Dok\u0142adne i szybkie ostrze chroni specjalna siatka o strukturze <strong>plastra miodu<\/strong>, kt\u00f3ra dba o ubrania i odnawiane rzeczy. <\/p>\n<p><strong>Golarka LR-2020<\/strong> ma te\u017c na uwadze Twoje bezpiecze\u0144stwo. W zestawie znajdziesz <strong>magnetyczn\u0105 os\u0142ona ostrza<\/strong>, kt\u00f3ra nie tylko je zabezpiecza, ale te\u017c chroni golark\u0119 przed zniszczeniem. Z kolei blokada bezpiecze\u0144stwa uniemo\u017cliwia przypadkowe uruchomienie urz\u0105dzenia.<\/p>\n<h2>Najwa\u017cniejsze cechy<\/h2>\n<ul>\n<li>tr\u00f3jramienne otrze ze <strong>stali nierdzewnej<\/strong> Whirlwind<\/li>\n<li>specjalna<strong> siatka ochronna<\/strong> o strukturze plastra miodu<\/li>\n<li><strong>dok\u0142adne<\/strong> golenie bez uszkadzania odzie\u017cy<\/li>\n<li><strong>magnetyczna os\u0142onka<\/strong> ostrza<\/li>\n<li><strong>bezpieczna<\/strong> w u\u017cytkowaniu (specjalna blokada bezpiecze\u0144stwa)<\/li>\n<li><strong>otwierany pojemnik<\/strong> na k\u0142aczki\/meszek<\/li>\n<li><strong>ergonomiczny<\/strong> kszta\u0142t uatwiaj\u0105cy prac\u0119.<\/li>\n<li>\u0142atwe w\u0142\u0105czanie<\/li>\n<li>szybkie i wygodne \u0142adowanie (<strong>z\u0142\u0105cze USB<\/strong>)<\/li>\n<li>czas pracy ok. 60 min<\/li>\n<li>\u0142adowanie ok. 4 h<\/li>\n<\/ul>\n<h2>Zawarto\u015b\u0107 opakowania<\/h2>\n<ul>\n<li><strong>Golarka<\/strong> do ubra\u0144 LR-2020<\/li>\n<li><strong>przew\u00f3d USB<\/strong><\/li>\n<li>specjalna <strong>szczoteczka<\/strong> do czyszczenia<\/li>\n<\/ul>\n<h2><strong>D\u0142ugi czas pracy i wygodne \u0142adowanie<\/strong><\/h2>\n<p><strong>Golarka do ubra\u0144 LR-2020<\/strong> mo\u017ce pracowa\u0107 na pe\u0142nych obrotach a\u017c <strong>60 minut<\/strong>. W tym czasie zamontowana w niej dioda pod\u015bwietla si\u0119 na zielono. Kiedy golarka roz\u0142aduje si\u0119, szybko i wygodnie na\u0142adujesz j\u0105 za pomoc\u0105 z\u0142\u0105cza USB. Potrzebny do tego kabel jest do\u0142\u0105czony do produktu. Na\u0142adowanie golarki do \u201epe\u0142na\u201d zajmie ok. 4 godzin, a dioda pod\u015bwietli si\u0119 w\u00f3wczas na czerwono.<\/p>\n<h2><strong>Bez ba\u0142aganu i bez k\u0142aczk\u00f3w<\/strong><\/h2>\n<p>Czyszczenie <strong>golarki do ubra\u0144 LR-2020<\/strong>  nie przysparza najmniejszych problem\u00f3w. W zestawie z produktem znajdziesz bowiem specjaln\u0105 szczotk\u0119, a samo urz\u0105dzenie wyposa\u017cone jest otwierany pojemniczek na k\u0142aczki, kt\u00f3ry po sko\u0144czeniu pracy, mo\u017cesz od razu opr\u00f3\u017cni\u0107, bez robienia zb\u0119dnego ba\u0142aganu.<\/p>\n<p><span>Aby jak najd\u0142u\u017cej cieszy\u0107 si\u0119 bezawaryjnym dzia\u0142aniem naszej golarki do ubra\u0144, nale\u017cy czy\u015bci\u0107 jak w nast\u0119puj\u0105cy spos\u00f3b: okr\u0119\u0107 plastikow\u0105 przezroczyst\u0105 pokryw\u0119, a nast\u0119pnie os\u0142on\u0119 ostrzy \u2014 metalowe sitko z czarn\u0105 obr\u0119cz\u0105. Oczy\u015b\u0107 ostrze za\u0142\u0105czon\u0105 do zestawu szczoteczk\u0105 i starannie skr\u0119\u0107 urz\u0105dzenie. Powtarzaj ten zabieg regularnie  zawsze przed kolejnym uruchomieniem maszynki.regularnie<\/span><\/p>\n<div> Czytaj wi\u0119cej<\/p>\n<h2>Golarka do ubra\u0144 \u0141ucznik \u2014 po\u0142\u0105czenie wysokiej jako\u015bci wykonania ze skuteczno\u015bci\u0105<\/h2>\n<p>Nie jest tajemnic\u0105 fakt, \u017ce po pewnym czasie cz\u0119sto u\u017cywane ubrania przestaj\u0105 wygl\u0105da\u0107 tak jak nowe i wymagaj\u0105 od\u015bwie\u017cenia. Wiele os\u00f3b pope\u0142nia jednak b\u0142\u0105d, uwa\u017caj\u0105c, \u017ce niezb\u0119dna oka\u017ce si\u0119 wizyta w profesjonalnej pralni, kt\u00f3ra zajmie si\u0119 odnowieniem danego ubrania i przywr\u00f3ceniem go do bardzo dobrego stanu. W wi\u0119kszo\u015bci przypadk\u00f3w wystarczy wysokiej jako\u015bci golarka elektryczna do ubra\u0144, kt\u00f3ra skutecznie usunie wszelkiego rodzaju zmechacenia i nieestetycznie odstaj\u0105ce nitki, od\u015bwie\u017caj\u0105c tym samym materia\u0142. Z tego te\u017c powodu w naszej ofercie znajduje si\u0119 funkcjonalna golarka do ubra\u0144 \u0141ucznik, kt\u00f3ra wyr\u00f3\u017cnia si\u0119 niezawodnym dzia\u0142aniem i \u0142atw\u0105 obs\u0142ug\u0105. Co jeszcze sprawia, \u017ce warto si\u0119 na ni\u0105 zdecydowa\u0107?<\/p>\n<h2>Czym wyr\u00f3\u017cnia si\u0119 golarka do swetr\u00f3w \u0141ucznik?<\/h2>\n<p>To prawda, \u017ce \u0141ucznik jest jedn\u0105 z firm, kt\u00f3ra od wielu lat cieszy si\u0119 w Polsce nies\u0142abn\u0105c\u0105 popularno\u015bci\u0105. Pierwsze urz\u0105dzenia pod nazw\u0105 tej marki pojawi\u0142y si\u0119 na rodzimym rynku w 1925 roku i bardzo szybko spotka\u0142y si\u0119 z og\u00f3lnym uznaniem. Dlatego te\u017c, dbaj\u0105c o jak najwi\u0119ksze zadowolenie klient\u00f3w, \u0141ucznik zapewnia dost\u0119p do nowoczesnych urz\u0105dze\u0144, kt\u00f3re znacznie u\u0142atwiaj\u0105 dbanie o gospodarstwo domowe i poprawiaj\u0105 komfort codziennego \u017cycia. I cho\u0107 wiele os\u00f3b mo\u017ce nie zdawa\u0107 sobie z tego sprawy, technologiczne zmiany nie omin\u0119\u0142y r\u00f3wnie\u017c popularnych golarek do ubra\u0144, kt\u00f3re obecnie wyr\u00f3\u017cniaj\u0105 si\u0119 licznymi ciekawymi funkcjami.<\/p>\n<p>Mimo \u017ce przez wiele lat najwi\u0119ksz\u0105 popularno\u015bci\u0105 cieszy\u0142a si\u0119 maszynka do golenia ubra\u0144 na baterie, w ostatnim czasie coraz wi\u0119ksze uznanie zyskuje elektryczna golarka do ubra\u0144, kt\u00f3ra okazuje si\u0119 nie tylko bardziej ekologiczna, ale r\u00f3wnie\u017c wygodniejsza. Ka\u017cda proponowana przez \u0141ucznik golarka do ubra\u0144 jest w stanie pracowa\u0107 bez przerwy przez nawet jedn\u0105 godzin\u0119. Zwracaj\u0105c uwag\u0119 na to, \u017ce za spraw\u0105 wysokiej jako\u015bci ostrza ogolenie zmechaconego swetra nie powinno zaj\u0105\u0107 wi\u0119cej ni\u017c 15 minut, na jednym \u0142adowaniu golarka elektryczna do ubra\u0144 jest w stanie od\u015bwie\u017cy\u0107 spor\u0105 cz\u0119\u015b\u0107 garderoby. Warto ponadto wspomnie\u0144, \u017ce proponowana przez nas golarka do swetr\u00f3w \u0141ucznik wyr\u00f3\u017cnia si\u0119 specjaln\u0105 diod\u0105, kt\u00f3ra wskazuje poziom na\u0142adowania urz\u0105dzenia.<\/p>\n<h2>Czy elektryczna golarka do ubra\u0144 nie zniszczy delikatnych rzeczy?<\/h2>\n<p>Klienci, kt\u00f3rzy rozwa\u017caj\u0105 inwestycj\u0119 w taki produkt jak maszynka do ubra\u0144, cz\u0119sto obawiaj\u0105 si\u0119, \u017ce mo\u017ce ona zniszczy\u0107 delikatne bluzki i swetry, zaci\u0105gaj\u0105c materia\u0142 lub go dziurawi\u0105c. Z tego te\u017c powodu ka\u017cda oferowana przez nas golarka do ubra\u0144 elektryczna wyr\u00f3\u017cnia si\u0119 specjaln\u0105 tarcz\u0105 przypominaj\u0105c\u0105 plaster miodu, kt\u00f3ra skutecznie chroni odzie\u017c przed wszelkiego rodzaju uszkodzeniami mechanicznymi.<\/p>\n<p>Opr\u00f3cz tego proponowana maszynka do ubra\u0144 \u0141ucznik zosta\u0142a wyposa\u017cona w wytrzyma\u0142\u0105 magnetyczn\u0105 nak\u0142adk\u0119 os\u0142aniaj\u0105c\u0105 siateczk\u0119 i ostrza oraz blokad\u0119 bezpiecze\u0144stwa, kt\u00f3ra chroni przed bezpo\u015brednim kontaktem z ostrzem. Dlatego te\u017c maszynk\u0119 mo\u017cna z powodzeniem przenosi\u0107 w torebce lub w walizce, nie martwi\u0105c si\u0119 o to, \u017ce mog\u0142aby o cokolwiek zahaczy\u0107 i spowodowa\u0107 r\u00f3\u017cne zniszczenia. To sprawia, \u017ce w przypadku takiej marki jak \u0141ucznik golarka do ubra\u0144 \u015bwietnie sprawdza si\u0119 nawet podczas wyjazd\u00f3w.<\/p>\n<p>Golarka do ubra\u0144 \u0141ucznik \u2014 opinie, kt\u00f3re potwierdzaj\u0105 jej funkcjonalno\u015b\u0107<\/p>\n<p>Rozwa\u017caj\u0105c inwestycj\u0119 w takie akcesorium jak maszynka do ubra\u0144, warto zwr\u00f3ci\u0107 uwag\u0119 na jej wytrzyma\u0142o\u015b\u0107 oraz na jako\u015b\u0107 wykonania ostrzy. W przypadku godnych uwagi produkt\u00f3w obudowa powinna wyr\u00f3\u017cnia\u0107 si\u0119 wytrzyma\u0142o\u015bci\u0105 i odporno\u015bci\u0105 na p\u0119kni\u0119cia, a ostrza zapewnia\u0107 \u0142atwe oraz sprawne od\u015bwie\u017canie odzie\u017cy bez konieczno\u015bci wykonywania wielu powt\u00f3rze\u0144. Co wi\u0119cej, starannie dobrane ostrza nie b\u0119d\u0105 si\u0119 t\u0119pi\u0107 nawet w wyniku intensywnego u\u017cytkowania golarki, dzi\u0119ki czemu urz\u0105dzenie nie b\u0119dzie wymaga\u0142o wymiany na nowe.<\/p>\n<p>W przypadku takiego produktu jak golarka do ubra\u0144 \u0141ucznik opinie klient\u00f3w, kt\u00f3rzy zdecydowali si\u0119 na jej zakup, \u015bwiadcz\u0105 o trwa\u0142o\u015bci i funkcjonalno\u015bci maszynki. Niew\u0105tpliw\u0105 zalet\u0105 okazuje si\u0119 jej por\u0119czny rozmiar, dzi\u0119ki kt\u00f3remu golarka do ubra\u0144 elektryczna nie zajmie zbyt wiele cennego miejsca w szufladzie. Warto przy tym wspomnie\u0107, \u017ce niezwykle sprawnie przebiega r\u00f3wnie\u017c samo czyszczenie oferowanej golarki do ubra\u0144 za spraw\u0105 do\u0142\u0105czonych do niej specjalnych szczoteczek.<\/p>\n<\/div>\n","protected":false},"excerpt":{"rendered":"<p>Ergonomiczna golarka do ubra\u0144 LR-2020 ze specjaln\u0105 siatk\u0105 ochronn\u0105 o strukturze plastra miodu szybko i skutecznie usuwa k\u0142aczki z odzie\u017cy, produkt\u00f3w z we\u0142ny, po\u015bcieli oraz mebli, dbaj\u0105c jednocze\u015bnie o materia\u0142y i bezpiecze\u0144stwo u\u017cytkownika.<\/p>\n","protected":false},"featured_media":14981,"comment_status":"open","ping_status":"closed","template":"","meta":[],"product_brand":[],"product_cat":[643],"product_tag":[],"class_list":{"0":"post-12048","1":"product","2":"type-product","3":"status-publish","4":"has-post-thumbnail","6":"product_cat-golarki-do-swetrow","8":"first","9":"instock","10":"taxable","11":"shipping-taxable","12":"purchasable","13":"product-type-simple"},"_links":{"self":[{"href":"https:\/\/gltestm.webology.pl\/pl\/wp-json\/wp\/v2\/product\/12048","targetHints":{"allow":["GET"]}}],"collection":[{"href":"https:\/\/gltestm.webology.pl\/pl\/wp-json\/wp\/v2\/product"}],"about":[{"href":"https:\/\/gltestm.webology.pl\/pl\/wp-json\/wp\/v2\/types\/product"}],"replies":[{"embeddable":true,"href":"https:\/\/gltestm.webology.pl\/pl\/wp-json\/wp\/v2\/comments?post=12048"}],"version-history":[{"count":0,"href":"https:\/\/gltestm.webology.pl\/pl\/wp-json\/wp\/v2\/product\/12048\/revisions"}],"wp:featuredmedia":[{"embeddable":true,"href":"https:\/\/gltestm.webology.pl\/pl\/wp-json\/wp\/v2\/media\/14981"}],"wp:attachment":[{"href":"https:\/\/gltestm.webology.pl\/pl\/wp-json\/wp\/v2\/media?parent=12048"}],"wp:term":[{"taxonomy":"product_brand","embeddable":true,"href":"https:\/\/gltestm.webology.pl\/pl\/wp-json\/wp\/v2\/product_brand?post=12048"},{"taxonomy":"product_cat","embeddable":true,"href":"https:\/\/gltestm.webology.pl\/pl\/wp-json\/wp\/v2\/product_cat?post=12048"},{"taxonomy":"product_tag","embeddable":true,"href":"https:\/\/gltestm.webology.pl\/pl\/wp-json\/wp\/v2\/product_tag?post=12048"}],"curies":[{"name":"wp","href":"https:\/\/api.w.org\/{rel}","templated":true}]}}