{"id":12047,"date":"2026-03-18T22:04:31","date_gmt":"2026-03-18T21:04:31","guid":{"rendered":"https:\/\/gltestm.webology.pl\/produkt\/mikser-z-misa-obrotowa-lucznik-ms-2019\/"},"modified":"2026-03-22T21:59:23","modified_gmt":"2026-03-22T20:59:23","slug":"mikser-z-misa-obrotowa-lucznik-ms-2019","status":"publish","type":"product","link":"https:\/\/gltestm.webology.pl\/pl\/produkt\/mikser-z-misa-obrotowa-lucznik-ms-2019\/","title":{"rendered":"Mikser z mis\u0105 obrotow\u0105 \u0141ucznik MS-2019"},"content":{"rendered":"<h2><strong>MS-2019 pomocnik w dziedzinie wypiek\u00f3w<\/strong><\/h2>\n<p><strong><span>Kuchnia to Twoje kr\u00f3lestwo, kt\u00f3rym rz\u0105dzisz niepodzielnie i czujesz si\u0119 w nim jak ryba w wodzie? A mo\u017ce dopiero stawiasz swoje pierwsze kulinarne kroki w dziedzinie wypiek\u00f3w? Mamy dla Ciebie idealnego pomocnika, kt\u00f3ry wesprze Ci\u0119 w Twoich zmaganiach!<\/span><\/strong><\/p>\n<p><strong><span>Mikser z mis\u0105 obrotow\u0105 MS-2019, bo o nim mowa, posiada <strong>5-stopniow\u0105 regulacj\u0119 pr\u0119dko\u015bci<\/strong>, dzi\u0119ki kt\u00f3rej w wygodny spos\u00f3b dopasujesz tempo <strong>mieszania<\/strong> czy <strong>wyrabiania<\/strong> do aktualnej fazy przygotowania ciasta. Urz\u0105dzenie wyposa\u017cone jest te\u017c w <strong>funkcj\u0119 TURBO<\/strong>, kt\u00f3ra pozwala b\u0142yskawicznie prze\u0142\u0105czy\u0107 je na szybsze obroty i najwy\u017csz\u0105 moc.<\/span><\/strong><\/p>\n<h2><strong>Solidne, por\u0119czne urz\u0105dzenie 2 w 1<\/strong><\/h2>\n<p><strong><span>Dzi\u0119ki zastosowaniu prostych, acz skutecznych rozwi\u0105za\u0144 MS-2019 to <strong>urz\u0105dzenie 2 w 1<\/strong>. Sk\u0142ada si\u0119 bowiem z pojemnej, <strong>3-litrowej misy obrotowej<\/strong>, starannie wykonanego, solidnego korpusu (w tym ruchomego ramienia z blokad\u0105) oraz zamontowanego do niego miksera. Wystarczy jeden przycisk, by od\u0142\u0105czy\u0107 go od korpusu, w b\u0142yskawiczny spos\u00f3b zamieniaj\u0105c mikser z mis\u0105 obrotow\u0105 w <strong>mikser r\u0119czny<\/strong>.<\/span><\/strong><\/p>\n<p><strong><span>Mikser posiada <strong>dwa komplety mieszade\u0142<\/strong> \u2013 po dwa mieszad\u0142a do ubijania oraz wyrabiania i ugniatania. Co istotne, od\u0142\u0105cza si\u0119 je za pomoc\u0105 jednego przycisku. Warto te\u017c podkre\u015bli\u0107, \u017ce mieszad\u0142a s\u0105 <strong>chromowane<\/strong>, a wi\u0119c bardziej trwa\u0142e i odporne na uszkodzenia ni\u017c te, kt\u00f3re mo\u017cna spotka\u0107 w urz\u0105dzeniach o ni\u017cszym standardzie.<\/span><\/strong><\/p>\n<h2><strong>MS-2019 pos\u0142u\u017cy Ci lata<\/strong><\/h2>\n<p><strong><span>Mikser MS-19 to sprz\u0119t na lata, kt\u00f3ry sprawdzi si\u0119 w ka\u017cdej kuchni. Dzi\u0119ki swojej uniwersalno\u015bci jest odpowiedni zar\u00f3wno dla tych, kt\u00f3rzy w\u0142a\u015bnie zaczynaj\u0105 swoj\u0105 przygod\u0119 z pieczeniem, jak i tych, kt\u00f3rzy robi\u0105 to od lat.<\/span><\/strong><\/p>\n<h2>24-miesi\u0119czna gwarancja<\/h2>\n<p><span>Urz\u0105dzenie posiada <\/span><strong>24-miesi\u0119czn\u0105 gwarancj<\/strong><span>\u0119 oraz <\/span><strong>instrukcj\u0119 w j\u0119zyku polskim<\/strong><span>, z kt\u00f3r\u0105 nale\u017cy zapozna\u0107 si\u0119 przed przyst\u0105pieniem do u\u017cytkowania sprz\u0119tu, aby bezpiecznie i zgodnie z przeznaczeniem wykorzystywa\u0107 pe\u0142ni\u0119 jego mo\u017cliwo\u015bci.<\/span><\/p>\n","protected":false},"excerpt":{"rendered":"<p>Starannie wykonany, prosty w obs\u0142udze, a jednocze\u015bnie efektywny i funkcjonalny. Taki jest mikser z mis\u0105 obrotow\u0105 \u0141ucznik MS-2019. Dro\u017cd\u017c\u00f3wka, sernik czy biszkopt \u2013 z jego pomoc\u0105 bez problemu przygotujesz ka\u017cde ciasto, deser lub krem.<\/p>\n","protected":false},"featured_media":14947,"comment_status":"open","ping_status":"closed","template":"","meta":[],"product_brand":[],"product_cat":[573],"product_tag":[],"class_list":{"0":"post-12047","1":"product","2":"type-product","3":"status-publish","4":"has-post-thumbnail","6":"product_cat-miksery","8":"first","9":"instock","10":"taxable","11":"shipping-taxable","12":"purchasable","13":"product-type-simple"},"_links":{"self":[{"href":"https:\/\/gltestm.webology.pl\/pl\/wp-json\/wp\/v2\/product\/12047","targetHints":{"allow":["GET"]}}],"collection":[{"href":"https:\/\/gltestm.webology.pl\/pl\/wp-json\/wp\/v2\/product"}],"about":[{"href":"https:\/\/gltestm.webology.pl\/pl\/wp-json\/wp\/v2\/types\/product"}],"replies":[{"embeddable":true,"href":"https:\/\/gltestm.webology.pl\/pl\/wp-json\/wp\/v2\/comments?post=12047"}],"version-history":[{"count":0,"href":"https:\/\/gltestm.webology.pl\/pl\/wp-json\/wp\/v2\/product\/12047\/revisions"}],"wp:featuredmedia":[{"embeddable":true,"href":"https:\/\/gltestm.webology.pl\/pl\/wp-json\/wp\/v2\/media\/14947"}],"wp:attachment":[{"href":"https:\/\/gltestm.webology.pl\/pl\/wp-json\/wp\/v2\/media?parent=12047"}],"wp:term":[{"taxonomy":"product_brand","embeddable":true,"href":"https:\/\/gltestm.webology.pl\/pl\/wp-json\/wp\/v2\/product_brand?post=12047"},{"taxonomy":"product_cat","embeddable":true,"href":"https:\/\/gltestm.webology.pl\/pl\/wp-json\/wp\/v2\/product_cat?post=12047"},{"taxonomy":"product_tag","embeddable":true,"href":"https:\/\/gltestm.webology.pl\/pl\/wp-json\/wp\/v2\/product_tag?post=12047"}],"curies":[{"name":"wp","href":"https:\/\/api.w.org\/{rel}","templated":true}]}}