{"id":12046,"date":"2026-03-18T22:04:31","date_gmt":"2026-03-18T21:04:31","guid":{"rendered":"https:\/\/gltestm.webology.pl\/produkt\/kabel-zasilajacy-do-maszyn-elektronicznych\/"},"modified":"2026-03-22T21:58:59","modified_gmt":"2026-03-22T20:58:59","slug":"kabel-zasilajacy-do-maszyn-elektronicznych","status":"publish","type":"product","link":"https:\/\/gltestm.webology.pl\/pl\/produkt\/kabel-zasilajacy-do-maszyn-elektronicznych\/","title":{"rendered":"Kabel zasilaj\u0105cy do maszyn elektronicznych"},"content":{"rendered":"<p>Kabel zasilaj\u0105cy pasuj\u0105cy do maszyn elektronicznych marki \u0141ucznik.<\/p>\n","protected":false},"excerpt":{"rendered":"<p>Kabel zasilaj\u0105cy pasuj\u0105cy do maszyn elektronicznych marki \u0141ucznik.<\/p>\n","protected":false},"featured_media":14120,"comment_status":"open","ping_status":"closed","template":"","meta":[],"product_brand":[],"product_cat":[478],"product_tag":[],"class_list":{"0":"post-12046","1":"product","2":"type-product","3":"status-publish","4":"has-post-thumbnail","6":"product_cat-pedaly-do-maszyn-i-regulatory-obrotow","8":"first","9":"instock","10":"taxable","11":"shipping-taxable","12":"purchasable","13":"product-type-simple"},"_links":{"self":[{"href":"https:\/\/gltestm.webology.pl\/pl\/wp-json\/wp\/v2\/product\/12046","targetHints":{"allow":["GET"]}}],"collection":[{"href":"https:\/\/gltestm.webology.pl\/pl\/wp-json\/wp\/v2\/product"}],"about":[{"href":"https:\/\/gltestm.webology.pl\/pl\/wp-json\/wp\/v2\/types\/product"}],"replies":[{"embeddable":true,"href":"https:\/\/gltestm.webology.pl\/pl\/wp-json\/wp\/v2\/comments?post=12046"}],"version-history":[{"count":0,"href":"https:\/\/gltestm.webology.pl\/pl\/wp-json\/wp\/v2\/product\/12046\/revisions"}],"wp:featuredmedia":[{"embeddable":true,"href":"https:\/\/gltestm.webology.pl\/pl\/wp-json\/wp\/v2\/media\/14120"}],"wp:attachment":[{"href":"https:\/\/gltestm.webology.pl\/pl\/wp-json\/wp\/v2\/media?parent=12046"}],"wp:term":[{"taxonomy":"product_brand","embeddable":true,"href":"https:\/\/gltestm.webology.pl\/pl\/wp-json\/wp\/v2\/product_brand?post=12046"},{"taxonomy":"product_cat","embeddable":true,"href":"https:\/\/gltestm.webology.pl\/pl\/wp-json\/wp\/v2\/product_cat?post=12046"},{"taxonomy":"product_tag","embeddable":true,"href":"https:\/\/gltestm.webology.pl\/pl\/wp-json\/wp\/v2\/product_tag?post=12046"}],"curies":[{"name":"wp","href":"https:\/\/api.w.org\/{rel}","templated":true}]}}