{"id":12044,"date":"2026-03-18T22:04:30","date_gmt":"2026-03-18T21:04:30","guid":{"rendered":"https:\/\/gltestm.webology.pl\/produkt\/golarka-meska-lucznik-es-2019\/"},"modified":"2026-03-22T22:11:09","modified_gmt":"2026-03-22T21:11:09","slug":"golarka-meska-lucznik-es-2019","status":"publish","type":"product","link":"https:\/\/gltestm.webology.pl\/pl\/produkt\/golarka-meska-lucznik-es-2019\/","title":{"rendered":"Golarka m\u0119ska \u0141ucznik ES-2019"},"content":{"rendered":"<div>\n<div><img fetchpriority=\"high\" decoding=\"async\" src=\"\/hpeciai\/d6e72d1c23e616ff6b62e049398ac2aa\/pol_pl_Golarka-meska-Lucznik-ES-2019-1164_24.png\" alt=\"es-2019\" width=\"1472\" height=\"704\"><\/div>\n<div>\n<h2>Golarka m\u0119ska ES-2019 \u2013 szybkie i dok\u0142adne golenie bez podra\u017cnie\u0144<\/h2>\n<p>O tym, \u017ce golenie to sztuka, wie ka\u017cdy m\u0119\u017cczyzna, kt\u00f3ry chce poczu\u0107 si\u0119 komfortowo i \u2013 przede wszystkim \u2013 pewnie we w\u0142asnej sk\u00f3rze. Odpowiednio przyci\u0119ty zarost lub g\u0142adko ogolona sk\u00f3ra (bez podra\u017cnie\u0144, rzecz jasna) to atrybuty ka\u017cdego zadbanego m\u0119\u017cczyzny, i to zar\u00f3wno w \u017cyciu prywatnym, jak i zawodowym. Tu nie ma miejsca na kompromisy!<\/p>\n<h2>Najwa\u017cniejsze cechy<\/h2>\n<ul>\n<li><strong>3 niezale\u017cne<\/strong>, <strong>ruchome<\/strong> ostrza<\/li>\n<li><strong>wbudowany<\/strong>, odchylany <strong>trymer<\/strong> do przycinania<\/li>\n<li><strong>du\u017ca powierzchnia<\/strong> golenia<\/li>\n<li><strong>wymienna g\u0142owica<\/strong> (dost\u0119pna na naszych innych ofertach)<\/li>\n<li>wbudowany <strong>akumulator<\/strong><\/li>\n<li>czas pracy 45 min.<\/li>\n<li><strong>golenie<\/strong> na <strong>mokro<\/strong> i <strong>sucho<\/strong><\/li>\n<li><strong>szczoteczka do czyszczenia<\/strong> w zestawie<\/li>\n<li>czas \u0142adowania 8 godz.<\/li>\n<\/ul>\n<h2>Szybko, dok\u0142adne i bez podra\u017cnie\u0144<\/h2>\n<p>Nasza <strong>golarka m\u0119ska<\/strong> <strong>ES-2019<\/strong> umo\u017cliwia <strong>golenie zar\u00f3wno na mokro, jak i na sucho<\/strong> \u2013 nie podra\u017cniaj\u0105c przy tym delikatnej, zazwyczaj, sk\u00f3ry. Po u\u017cyciu op\u0142ucz ostrza pod wod\u0105, nie zanurzaj jednak urz\u0105dzenia w wodzie.<\/p>\n<p><strong>Golarka ES-2019<\/strong> posiada <strong>g\u0142owic\u0119 z<\/strong> <strong>trzema rotuj\u0105cymi ostrzami<\/strong> o <strong>du\u017cej powierzchni golenia<\/strong>, kt\u00f3re idealnie dopasowuj\u0105 si\u0119 do kontur\u00f3w m\u0119skiej twarzy. Co istotne, ostrza te zosta\u0142y <strong>pokryte specjaln\u0105 pow\u0142ok\u0105<\/strong>, kt\u00f3ra jeszcze bardziej podnosi <strong>komfort<\/strong> i <strong>skuteczno\u015b\u0107<\/strong> golenia. <strong>Golarka przeznaczona jest do codziennego golenia jednodniowego zarostu. <\/strong>Nasza najnowsza golarka sprawdzi si\u0119 nie tylko u m\u0119\u017cczyzn, kt\u00f3rzy w og\u00f3le nie toleruj\u0105 zarostu na twarzy.<\/p>\n<h2><strong>Wbudowany trymer<\/strong><\/h2>\n<p><strong>Wbudowany trymer<\/strong>, umo\u017cliwiaj\u0105cy precyzyjne <strong>przycinanie<\/strong> i <strong>modelowanie<\/strong> zarostu, sprawia, \u017ce <strong>ES-2019<\/strong> b\u0119dzie idealnym rozwi\u0105zaniem tak\u017ce dla brodaczy!<\/p>\n<h2>Bez pl\u0105cz\u0105cych si\u0119 przewod\u00f3w!<\/h2>\n<p>Golarka m\u0119ska <strong>ES-2019<\/strong> ma <strong>zasilanie bezprzewodowe<\/strong>. <strong>100% zapewni nawet 45 minut efektywnego golenia<\/strong>! Wystarczy, \u017ce wieczorem pod\u0142\u0105czysz j\u0105 na maksymalnie 8 godzin do \u0142adowania, a rano b\u0119dzie w pe\u0142ni gotowa do dzia\u0142ania \u2013 zupe\u0142nie tak jak Ty! Dzi\u0119ki <strong>\u015bci\u0105ganej g\u0142owicy<\/strong>, czyszczenie golarki jest \u0142atwe i szybie. Kompletu zalet dope\u0142nia podr\u00f3\u017cne <strong>etui<\/strong>, idealne na dalsze i bli\u017csze wypady.<\/p>\n<p><strong>Uwaga<\/strong>: nie u\u017cywaj maszynki, kiedy jest <strong>pod\u0142\u0105czona do \u0142adowania<\/strong>.<\/p>\n<h2>24-miesi\u0119czna gwarancja<\/h2>\n<p>Golarka elektryczna <strong>ES-2019 posiada 24-miesi\u0119czn\u0105 gwarancj\u0119 <\/strong>oraz instrukcj\u0119 w j\u0119zyku polskim, z kt\u00f3r\u0105 nale\u017cy zapozna\u0107 si\u0119 przed u\u017cyciem produktu.<\/p>\n<\/div>\n<\/div>\n","protected":false},"excerpt":{"rendered":"<p>Bezprzewodowa golarka m\u0119ska z trzema ruchomymi ostrzami, kt\u00f3re idealnie dopasowuj\u0105 si\u0119 do kontur\u00f3w twarzy, to po\u0142\u0105czenie delikatno\u015bci ze skuteczno\u015bci\u0105 dzia\u0142ania. Dzi\u0119ki wbudowanemu trymerowi model ten pokochaj\u0105 tak\u017ce zwolennicy d\u0142ugiego zarostu!<\/p>\n","protected":false},"featured_media":15579,"comment_status":"open","ping_status":"closed","template":"","meta":[],"product_brand":[],"product_cat":[668],"product_tag":[],"class_list":{"0":"post-12044","1":"product","2":"type-product","3":"status-publish","4":"has-post-thumbnail","6":"product_cat-maszynki-i-golarki-meskie","8":"first","9":"instock","10":"taxable","11":"shipping-taxable","12":"purchasable","13":"product-type-simple"},"_links":{"self":[{"href":"https:\/\/gltestm.webology.pl\/pl\/wp-json\/wp\/v2\/product\/12044","targetHints":{"allow":["GET"]}}],"collection":[{"href":"https:\/\/gltestm.webology.pl\/pl\/wp-json\/wp\/v2\/product"}],"about":[{"href":"https:\/\/gltestm.webology.pl\/pl\/wp-json\/wp\/v2\/types\/product"}],"replies":[{"embeddable":true,"href":"https:\/\/gltestm.webology.pl\/pl\/wp-json\/wp\/v2\/comments?post=12044"}],"version-history":[{"count":0,"href":"https:\/\/gltestm.webology.pl\/pl\/wp-json\/wp\/v2\/product\/12044\/revisions"}],"wp:featuredmedia":[{"embeddable":true,"href":"https:\/\/gltestm.webology.pl\/pl\/wp-json\/wp\/v2\/media\/15579"}],"wp:attachment":[{"href":"https:\/\/gltestm.webology.pl\/pl\/wp-json\/wp\/v2\/media?parent=12044"}],"wp:term":[{"taxonomy":"product_brand","embeddable":true,"href":"https:\/\/gltestm.webology.pl\/pl\/wp-json\/wp\/v2\/product_brand?post=12044"},{"taxonomy":"product_cat","embeddable":true,"href":"https:\/\/gltestm.webology.pl\/pl\/wp-json\/wp\/v2\/product_cat?post=12044"},{"taxonomy":"product_tag","embeddable":true,"href":"https:\/\/gltestm.webology.pl\/pl\/wp-json\/wp\/v2\/product_tag?post=12044"}],"curies":[{"name":"wp","href":"https:\/\/api.w.org\/{rel}","templated":true}]}}