{"id":12042,"date":"2026-03-18T22:04:29","date_gmt":"2026-03-18T21:04:29","guid":{"rendered":"https:\/\/gltestm.webology.pl\/produkt\/zespol-filtra-epa-do-odkurzacza-lucznik-op-2019\/"},"modified":"2026-03-22T21:58:22","modified_gmt":"2026-03-22T20:58:22","slug":"zespol-filtra-epa-do-odkurzacza-lucznik-op-2019","status":"publish","type":"product","link":"https:\/\/gltestm.webology.pl\/pl\/produkt\/zespol-filtra-epa-do-odkurzacza-lucznik-op-2019\/","title":{"rendered":"Zesp\u00f3\u0142 filtra EPA do odkurzacza \u0141ucznik OP-2019"},"content":{"rendered":"<h2>Zesp\u00f3\u0142 filtra EPA do odkurzacza \u0141ucznik OP-2019<\/h2>\n<p>Standardowy zesp\u00f3\u0142 wymiennego filtra przeznaczony do odkurzacza marki \u0141ucznik, pasuj\u0105cy do modelu odkurzacza pionowego OP-2019. <\/p>\n<p>Zaleca si\u0119 wymian\u0119 filtra co 3 miesi\u0105ce u\u017cytkowania.<\/p>\n","protected":false},"excerpt":{"rendered":"<p>Filtr EPA pasuj\u0105cy do odkurzaczy \u0141ucznik OP-2019. Wymieniaj filtr co 3 miesi\u0105ce.<\/p>\n","protected":false},"featured_media":12970,"comment_status":"open","ping_status":"closed","template":"","meta":[],"product_brand":[],"product_cat":[628],"product_tag":[],"class_list":{"0":"post-12042","1":"product","2":"type-product","3":"status-publish","4":"has-post-thumbnail","6":"product_cat-odkurzacze","8":"first","9":"instock","10":"taxable","11":"shipping-taxable","12":"purchasable","13":"product-type-simple"},"_links":{"self":[{"href":"https:\/\/gltestm.webology.pl\/pl\/wp-json\/wp\/v2\/product\/12042","targetHints":{"allow":["GET"]}}],"collection":[{"href":"https:\/\/gltestm.webology.pl\/pl\/wp-json\/wp\/v2\/product"}],"about":[{"href":"https:\/\/gltestm.webology.pl\/pl\/wp-json\/wp\/v2\/types\/product"}],"replies":[{"embeddable":true,"href":"https:\/\/gltestm.webology.pl\/pl\/wp-json\/wp\/v2\/comments?post=12042"}],"version-history":[{"count":0,"href":"https:\/\/gltestm.webology.pl\/pl\/wp-json\/wp\/v2\/product\/12042\/revisions"}],"wp:featuredmedia":[{"embeddable":true,"href":"https:\/\/gltestm.webology.pl\/pl\/wp-json\/wp\/v2\/media\/12970"}],"wp:attachment":[{"href":"https:\/\/gltestm.webology.pl\/pl\/wp-json\/wp\/v2\/media?parent=12042"}],"wp:term":[{"taxonomy":"product_brand","embeddable":true,"href":"https:\/\/gltestm.webology.pl\/pl\/wp-json\/wp\/v2\/product_brand?post=12042"},{"taxonomy":"product_cat","embeddable":true,"href":"https:\/\/gltestm.webology.pl\/pl\/wp-json\/wp\/v2\/product_cat?post=12042"},{"taxonomy":"product_tag","embeddable":true,"href":"https:\/\/gltestm.webology.pl\/pl\/wp-json\/wp\/v2\/product_tag?post=12042"}],"curies":[{"name":"wp","href":"https:\/\/api.w.org\/{rel}","templated":true}]}}