{"id":12036,"date":"2026-03-18T22:04:28","date_gmt":"2026-03-18T21:04:28","guid":{"rendered":"https:\/\/gltestm.webology.pl\/?post_type=product&#038;p=12036"},"modified":"2026-03-22T22:10:32","modified_gmt":"2026-03-22T21:10:32","slug":"filtr-do-oczyszczacza-powietrza-ap-2019-b","status":"publish","type":"product","link":"https:\/\/gltestm.webology.pl\/pl\/produkt\/filtr-do-oczyszczacza-powietrza-ap-2019-b\/","title":{"rendered":"Filtr do oczyszczacza powietrza AP-2019 B"},"content":{"rendered":"<p>Pojedynczy <strong>wymienny filtr<\/strong> do oczyszczacza powietrza model AP-2019 B sk\u0142adaj\u0105cy si\u0119 z trzech warstw filtruj\u0105cych: wst\u0119pnej, w\u0119glowej oraz HEPA-13. <\/p>\n<p>Filtr mo\u017ce by\u0107 stosowany tak w urz\u0105dzeniach marki \u0141ucznik jak i w urz\u0105dzeniach <strong>innych marek,<\/strong> kt\u00f3re korzystaj\u0105 z filtr\u00f3w o takich samych wymiarach. <\/p>\n<p>Filtr do oczyszczacza powietrza nale\u017cy regularnie czy\u015bci\u0107 mechanicznie &#8211; na przyk\u0142ad z u\u017cyciem odkurzacza. Do czyszczenia nie wolno u\u017cywa\u0107 wody!<\/p>\n<p>Zaleca si\u0119 wymian\u0119 filtra co sezon &#8211; lub cz\u0119\u015bciej, w miar\u0119 zu\u017cycia<strong>.<\/strong><\/p>\n","protected":false},"excerpt":{"rendered":"<p>Filtr wielowarstwowy przeznaczony do u\u017cytkowania z oczyszczaczami powietrza \u0141ucznik AP-2019 B<\/p>\n","protected":false},"featured_media":14221,"comment_status":"open","ping_status":"closed","template":"","meta":[],"product_brand":[],"product_cat":[633],"product_tag":[],"class_list":{"0":"post-12036","1":"product","2":"type-product","3":"status-publish","4":"has-post-thumbnail","6":"product_cat-oczyszczacze-powietrza","8":"first","9":"outofstock","10":"taxable","11":"shipping-taxable","12":"purchasable","13":"product-type-simple"},"_links":{"self":[{"href":"https:\/\/gltestm.webology.pl\/pl\/wp-json\/wp\/v2\/product\/12036","targetHints":{"allow":["GET"]}}],"collection":[{"href":"https:\/\/gltestm.webology.pl\/pl\/wp-json\/wp\/v2\/product"}],"about":[{"href":"https:\/\/gltestm.webology.pl\/pl\/wp-json\/wp\/v2\/types\/product"}],"replies":[{"embeddable":true,"href":"https:\/\/gltestm.webology.pl\/pl\/wp-json\/wp\/v2\/comments?post=12036"}],"version-history":[{"count":1,"href":"https:\/\/gltestm.webology.pl\/pl\/wp-json\/wp\/v2\/product\/12036\/revisions"}],"predecessor-version":[{"id":12316,"href":"https:\/\/gltestm.webology.pl\/pl\/wp-json\/wp\/v2\/product\/12036\/revisions\/12316"}],"wp:featuredmedia":[{"embeddable":true,"href":"https:\/\/gltestm.webology.pl\/pl\/wp-json\/wp\/v2\/media\/14221"}],"wp:attachment":[{"href":"https:\/\/gltestm.webology.pl\/pl\/wp-json\/wp\/v2\/media?parent=12036"}],"wp:term":[{"taxonomy":"product_brand","embeddable":true,"href":"https:\/\/gltestm.webology.pl\/pl\/wp-json\/wp\/v2\/product_brand?post=12036"},{"taxonomy":"product_cat","embeddable":true,"href":"https:\/\/gltestm.webology.pl\/pl\/wp-json\/wp\/v2\/product_cat?post=12036"},{"taxonomy":"product_tag","embeddable":true,"href":"https:\/\/gltestm.webology.pl\/pl\/wp-json\/wp\/v2\/product_tag?post=12036"}],"curies":[{"name":"wp","href":"https:\/\/api.w.org\/{rel}","templated":true}]}}