{"id":12034,"date":"2026-03-18T22:04:28","date_gmt":"2026-03-18T21:04:28","guid":{"rendered":"https:\/\/gltestm.webology.pl\/produkt\/pedal-do-maszyny-do-szycia-lucznik-model-c-8001-do-maszyn-elektronicznych\/"},"modified":"2026-03-22T22:11:09","modified_gmt":"2026-03-22T21:11:09","slug":"pedal-do-maszyny-do-szycia-lucznik-model-c-8001-do-maszyn-elektronicznych","status":"publish","type":"product","link":"https:\/\/gltestm.webology.pl\/pl\/produkt\/pedal-do-maszyny-do-szycia-lucznik-model-c-8001-do-maszyn-elektronicznych\/","title":{"rendered":"Peda\u0142 do maszyny do szycia \u0141ucznik, model C-8001, do maszyn elektronicznych"},"content":{"rendered":"<p>Regulator obrot\u00f3w u\u017cywany do kontroli szybko\u015bci szycia, dedykowany do maszyny elektronicznej \u0141ucznik <strong>Marilyn 2018 HD, Patrycja 2090 <\/strong>i<strong> Martyna 2080<\/strong><strong>.<\/strong> Pozwala na wygodn\u0105 i p\u0142ynn\u0105 regulacj\u0119 pr\u0119dko\u015bci szycia.<\/p>\n<p>Pasuje r\u00f3wnie\u017c do kilku modeli starszych elektronicznych maszyn do szycia.<\/p>\n<p><strong>UWAGA!<\/strong> Rozrusznik <strong>NIE posiada<\/strong> kabla do zasilana sieciowego.<\/p>\n","protected":false},"excerpt":{"rendered":"<p>Zesp\u00f3\u0142 nap\u0119dowy do elektronicznych maszyn \u0141ucznik. Steruje pr\u0119dko\u015bci\u0105 obrotow\u0105 silnik\u00f3w w maszynach do szycia.<\/p>\n","protected":false},"featured_media":14441,"comment_status":"open","ping_status":"closed","template":"","meta":[],"product_brand":[],"product_cat":[478],"product_tag":[],"class_list":{"0":"post-12034","1":"product","2":"type-product","3":"status-publish","4":"has-post-thumbnail","6":"product_cat-pedaly-do-maszyn-i-regulatory-obrotow","8":"first","9":"instock","10":"sale","11":"taxable","12":"shipping-taxable","13":"purchasable","14":"product-type-simple"},"_links":{"self":[{"href":"https:\/\/gltestm.webology.pl\/pl\/wp-json\/wp\/v2\/product\/12034","targetHints":{"allow":["GET"]}}],"collection":[{"href":"https:\/\/gltestm.webology.pl\/pl\/wp-json\/wp\/v2\/product"}],"about":[{"href":"https:\/\/gltestm.webology.pl\/pl\/wp-json\/wp\/v2\/types\/product"}],"replies":[{"embeddable":true,"href":"https:\/\/gltestm.webology.pl\/pl\/wp-json\/wp\/v2\/comments?post=12034"}],"version-history":[{"count":0,"href":"https:\/\/gltestm.webology.pl\/pl\/wp-json\/wp\/v2\/product\/12034\/revisions"}],"wp:featuredmedia":[{"embeddable":true,"href":"https:\/\/gltestm.webology.pl\/pl\/wp-json\/wp\/v2\/media\/14441"}],"wp:attachment":[{"href":"https:\/\/gltestm.webology.pl\/pl\/wp-json\/wp\/v2\/media?parent=12034"}],"wp:term":[{"taxonomy":"product_brand","embeddable":true,"href":"https:\/\/gltestm.webology.pl\/pl\/wp-json\/wp\/v2\/product_brand?post=12034"},{"taxonomy":"product_cat","embeddable":true,"href":"https:\/\/gltestm.webology.pl\/pl\/wp-json\/wp\/v2\/product_cat?post=12034"},{"taxonomy":"product_tag","embeddable":true,"href":"https:\/\/gltestm.webology.pl\/pl\/wp-json\/wp\/v2\/product_tag?post=12034"}],"curies":[{"name":"wp","href":"https:\/\/api.w.org\/{rel}","templated":true}]}}