{"id":12032,"date":"2026-03-18T22:04:27","date_gmt":"2026-03-18T21:04:27","guid":{"rendered":"https:\/\/gltestm.webology.pl\/produkt\/ostrze-do-noza-krazkowego-28-mm-proste\/"},"modified":"2026-03-22T21:57:53","modified_gmt":"2026-03-22T20:57:53","slug":"ostrze-do-noza-krazkowego-28-mm-proste","status":"publish","type":"product","link":"https:\/\/gltestm.webology.pl\/pl\/produkt\/ostrze-do-noza-krazkowego-28-mm-proste\/","title":{"rendered":"Ostrze do no\u017ca kr\u0105\u017ckowego 28 mm proste"},"content":{"rendered":"<h4>Wymienne ostrze do no\u017ca kr\u0105\u017ckowego 28 mm proste \/ 2 sztuki w opakowaniu.<\/h4>\n<p>\u015arednica ostrza: 28 mm<\/p>\n<p>Typ ostrza: proste<\/p>\n","protected":false},"excerpt":{"rendered":"<p>Wymienne ostrze do no\u017ca kr\u0105\u017ckowego 28 mm proste \/ 2 sztuki w opakowaniu<\/p>\n","protected":false},"featured_media":13121,"comment_status":"open","ping_status":"closed","template":"","meta":[],"product_brand":[],"product_cat":[758],"product_tag":[],"class_list":{"0":"post-12032","1":"product","2":"type-product","3":"status-publish","4":"has-post-thumbnail","6":"product_cat-noze-noze-krazkowe-i-przecinaki","8":"first","9":"instock","10":"taxable","11":"shipping-taxable","12":"purchasable","13":"product-type-simple"},"_links":{"self":[{"href":"https:\/\/gltestm.webology.pl\/pl\/wp-json\/wp\/v2\/product\/12032","targetHints":{"allow":["GET"]}}],"collection":[{"href":"https:\/\/gltestm.webology.pl\/pl\/wp-json\/wp\/v2\/product"}],"about":[{"href":"https:\/\/gltestm.webology.pl\/pl\/wp-json\/wp\/v2\/types\/product"}],"replies":[{"embeddable":true,"href":"https:\/\/gltestm.webology.pl\/pl\/wp-json\/wp\/v2\/comments?post=12032"}],"version-history":[{"count":0,"href":"https:\/\/gltestm.webology.pl\/pl\/wp-json\/wp\/v2\/product\/12032\/revisions"}],"wp:featuredmedia":[{"embeddable":true,"href":"https:\/\/gltestm.webology.pl\/pl\/wp-json\/wp\/v2\/media\/13121"}],"wp:attachment":[{"href":"https:\/\/gltestm.webology.pl\/pl\/wp-json\/wp\/v2\/media?parent=12032"}],"wp:term":[{"taxonomy":"product_brand","embeddable":true,"href":"https:\/\/gltestm.webology.pl\/pl\/wp-json\/wp\/v2\/product_brand?post=12032"},{"taxonomy":"product_cat","embeddable":true,"href":"https:\/\/gltestm.webology.pl\/pl\/wp-json\/wp\/v2\/product_cat?post=12032"},{"taxonomy":"product_tag","embeddable":true,"href":"https:\/\/gltestm.webology.pl\/pl\/wp-json\/wp\/v2\/product_tag?post=12032"}],"curies":[{"name":"wp","href":"https:\/\/api.w.org\/{rel}","templated":true}]}}