{"id":12031,"date":"2026-03-18T22:04:27","date_gmt":"2026-03-18T21:04:27","guid":{"rendered":"https:\/\/gltestm.webology.pl\/produkt\/ostrze-do-noza-krazkowego-45-mm-proste\/"},"modified":"2026-03-22T21:57:52","modified_gmt":"2026-03-22T20:57:52","slug":"ostrze-do-noza-krazkowego-45-mm-proste","status":"publish","type":"product","link":"https:\/\/gltestm.webology.pl\/pl\/produkt\/ostrze-do-noza-krazkowego-45-mm-proste\/","title":{"rendered":"Ostrze do no\u017ca kr\u0105\u017ckowego 45 mm proste"},"content":{"rendered":"<div>\n<div>\n<h2>Wymienne ostrze do no\u017ca kr\u0105\u017ckowego 45 mm<\/h2>\n<p>Zapasowe ostrze do no\u017ca kr\u0105\u017ckowego o \u015brednicy 45 mm. Idealnei nadaje si\u0119 do wycinania wszelakich wzor\u00f3w z r\u00f3\u017cnych materia\u0142\u00f3w: tkanin, sk\u00f3r, papieru.<\/p>\n<p>Stalowe ostre ostrze ma \u015brednic\u0119 4,5 cm. Wytrzyma\u0142y materia\u0142 charakteryzuje si\u0119 d\u0142ug\u0105 \u017cywotno\u015bci\u0105.N\u00f3\u017c rotacyjny z pewno\u015bci\u0105 docenisz do technik takich jak patchwork, scrapbooking i quilling.<br \/>W pude\u0142ku znajduj\u0105 si\u0119 2 sztuki.<\/p>\n<\/div>\n<\/div>\n","protected":false},"excerpt":{"rendered":"<p>Wymienne ostrze do no\u017ca kr\u0105\u017ckowego 45 mm.<\/p>\n","protected":false},"featured_media":15247,"comment_status":"open","ping_status":"closed","template":"","meta":[],"product_brand":[],"product_cat":[758],"product_tag":[],"class_list":{"0":"post-12031","1":"product","2":"type-product","3":"status-publish","4":"has-post-thumbnail","6":"product_cat-noze-noze-krazkowe-i-przecinaki","8":"first","9":"instock","10":"taxable","11":"shipping-taxable","12":"purchasable","13":"product-type-simple"},"_links":{"self":[{"href":"https:\/\/gltestm.webology.pl\/pl\/wp-json\/wp\/v2\/product\/12031","targetHints":{"allow":["GET"]}}],"collection":[{"href":"https:\/\/gltestm.webology.pl\/pl\/wp-json\/wp\/v2\/product"}],"about":[{"href":"https:\/\/gltestm.webology.pl\/pl\/wp-json\/wp\/v2\/types\/product"}],"replies":[{"embeddable":true,"href":"https:\/\/gltestm.webology.pl\/pl\/wp-json\/wp\/v2\/comments?post=12031"}],"version-history":[{"count":0,"href":"https:\/\/gltestm.webology.pl\/pl\/wp-json\/wp\/v2\/product\/12031\/revisions"}],"wp:featuredmedia":[{"embeddable":true,"href":"https:\/\/gltestm.webology.pl\/pl\/wp-json\/wp\/v2\/media\/15247"}],"wp:attachment":[{"href":"https:\/\/gltestm.webology.pl\/pl\/wp-json\/wp\/v2\/media?parent=12031"}],"wp:term":[{"taxonomy":"product_brand","embeddable":true,"href":"https:\/\/gltestm.webology.pl\/pl\/wp-json\/wp\/v2\/product_brand?post=12031"},{"taxonomy":"product_cat","embeddable":true,"href":"https:\/\/gltestm.webology.pl\/pl\/wp-json\/wp\/v2\/product_cat?post=12031"},{"taxonomy":"product_tag","embeddable":true,"href":"https:\/\/gltestm.webology.pl\/pl\/wp-json\/wp\/v2\/product_tag?post=12031"}],"curies":[{"name":"wp","href":"https:\/\/api.w.org\/{rel}","templated":true}]}}