{"id":12026,"date":"2026-03-18T22:04:26","date_gmt":"2026-03-18T21:04:26","guid":{"rendered":"https:\/\/gltestm.webology.pl\/produkt\/naparstek-meski\/"},"modified":"2026-03-22T21:57:47","modified_gmt":"2026-03-22T20:57:47","slug":"naparstek-meski","status":"publish","type":"product","link":"https:\/\/gltestm.webology.pl\/pl\/produkt\/naparstek-meski\/","title":{"rendered":"Naparstek m\u0119ski"},"content":{"rendered":"<p><span>Naparstek metalowy m\u0119ski. Wygodny podczas u\u017cytkowania ze wzgl\u0119du na wi\u0119ksz\u0105 \u015brednic\u0119 ni\u017c tradycyjny. <\/span><\/p>\n","protected":false},"excerpt":{"rendered":"<p>Naparstek metalowy m\u0119ski.<\/p>\n","protected":false},"featured_media":14070,"comment_status":"open","ping_status":"closed","template":"","meta":[],"product_brand":[],"product_cat":[343],"product_tag":[],"class_list":{"0":"post-12026","1":"product","2":"type-product","3":"status-publish","4":"has-post-thumbnail","6":"product_cat-naparstki","8":"first","9":"instock","10":"taxable","11":"shipping-taxable","12":"purchasable","13":"product-type-simple"},"_links":{"self":[{"href":"https:\/\/gltestm.webology.pl\/pl\/wp-json\/wp\/v2\/product\/12026","targetHints":{"allow":["GET"]}}],"collection":[{"href":"https:\/\/gltestm.webology.pl\/pl\/wp-json\/wp\/v2\/product"}],"about":[{"href":"https:\/\/gltestm.webology.pl\/pl\/wp-json\/wp\/v2\/types\/product"}],"replies":[{"embeddable":true,"href":"https:\/\/gltestm.webology.pl\/pl\/wp-json\/wp\/v2\/comments?post=12026"}],"version-history":[{"count":0,"href":"https:\/\/gltestm.webology.pl\/pl\/wp-json\/wp\/v2\/product\/12026\/revisions"}],"wp:featuredmedia":[{"embeddable":true,"href":"https:\/\/gltestm.webology.pl\/pl\/wp-json\/wp\/v2\/media\/14070"}],"wp:attachment":[{"href":"https:\/\/gltestm.webology.pl\/pl\/wp-json\/wp\/v2\/media?parent=12026"}],"wp:term":[{"taxonomy":"product_brand","embeddable":true,"href":"https:\/\/gltestm.webology.pl\/pl\/wp-json\/wp\/v2\/product_brand?post=12026"},{"taxonomy":"product_cat","embeddable":true,"href":"https:\/\/gltestm.webology.pl\/pl\/wp-json\/wp\/v2\/product_cat?post=12026"},{"taxonomy":"product_tag","embeddable":true,"href":"https:\/\/gltestm.webology.pl\/pl\/wp-json\/wp\/v2\/product_tag?post=12026"}],"curies":[{"name":"wp","href":"https:\/\/api.w.org\/{rel}","templated":true}]}}