{"id":12023,"date":"2026-03-18T22:04:25","date_gmt":"2026-03-18T21:04:25","guid":{"rendered":"https:\/\/gltestm.webology.pl\/produkt\/sznurek-bawelniany-cotton-twine-no-0223\/"},"modified":"2026-03-22T21:57:46","modified_gmt":"2026-03-22T20:57:46","slug":"sznurek-bawelniany-cotton-twine-no-0223","status":"publish","type":"product","link":"https:\/\/gltestm.webology.pl\/pl\/produkt\/sznurek-bawelniany-cotton-twine-no-0223\/","title":{"rendered":"Sznurek bawe\u0142niany Cotton Twine no. 0223"},"content":{"rendered":"<p>Ten wykonany w 100% z <strong>naturalnej bawe\u0142ny<\/strong> ozdobny sznurek o grubo\u015bci 12 ply i nawoju 100 metr\u00f3w b\u0119dzie idealnym dodatkiem nie tylko do co bardziej kreatywnych wyrob\u00f3w szyciowych, ale r\u00f3wnie\u017c wszelkiego rodzaju wyrob\u00f3w typu DIY. Idealnie spisze si\u0119 do <strong>przygotowania<\/strong> i <strong>ozdabiania<\/strong> wszelkiego rodzaju zawieszek do maskotek, ozd\u00f3b, \u0142apaczy sn\u00f3w czy woreczk\u00f3w a tak\u017ce do wykonywania fr\u0119dzli czy pompon\u00f3w. <\/p>\n<p>Co wi\u0119cej, dobrze spisze si\u0119 te\u017c w miejscu klasycznej<strong> prezentowej wst\u0105\u017cki<\/strong>, ale znajdzie te\u017c zastosowanie w&#8230; kuchni.<\/p>\n<p><strong>UWAGA: <\/strong>kolor widoczny na ekranie mo\u017ce nieznacznie odbiega\u0107 od kolorystyki produktu w naturalnym \u015bwietle i zale\u017cny jest od ustawie\u0144 ekranu. <\/p>\n","protected":false},"excerpt":{"rendered":"<p>Dwukolorowy bawe\u0142niany sznurek o nawoju 100 metr\u00f3w i grubo\u015bci 12 ply b\u0119d\u0105cy idealnym dodatkiem do wielu r\u00f3\u017cnorakich wyrob\u00f3w rzemie\u015blniczych i r\u0119kodzielniczych.<\/p>\n","protected":false},"featured_media":14874,"comment_status":"open","ping_status":"closed","template":"","meta":[],"product_brand":[],"product_cat":[338],"product_tag":[],"class_list":{"0":"post-12023","1":"product","2":"type-product","3":"status-publish","4":"has-post-thumbnail","6":"product_cat-sznurki","8":"first","9":"instock","10":"taxable","11":"shipping-taxable","12":"purchasable","13":"product-type-simple"},"_links":{"self":[{"href":"https:\/\/gltestm.webology.pl\/pl\/wp-json\/wp\/v2\/product\/12023","targetHints":{"allow":["GET"]}}],"collection":[{"href":"https:\/\/gltestm.webology.pl\/pl\/wp-json\/wp\/v2\/product"}],"about":[{"href":"https:\/\/gltestm.webology.pl\/pl\/wp-json\/wp\/v2\/types\/product"}],"replies":[{"embeddable":true,"href":"https:\/\/gltestm.webology.pl\/pl\/wp-json\/wp\/v2\/comments?post=12023"}],"version-history":[{"count":0,"href":"https:\/\/gltestm.webology.pl\/pl\/wp-json\/wp\/v2\/product\/12023\/revisions"}],"wp:featuredmedia":[{"embeddable":true,"href":"https:\/\/gltestm.webology.pl\/pl\/wp-json\/wp\/v2\/media\/14874"}],"wp:attachment":[{"href":"https:\/\/gltestm.webology.pl\/pl\/wp-json\/wp\/v2\/media?parent=12023"}],"wp:term":[{"taxonomy":"product_brand","embeddable":true,"href":"https:\/\/gltestm.webology.pl\/pl\/wp-json\/wp\/v2\/product_brand?post=12023"},{"taxonomy":"product_cat","embeddable":true,"href":"https:\/\/gltestm.webology.pl\/pl\/wp-json\/wp\/v2\/product_cat?post=12023"},{"taxonomy":"product_tag","embeddable":true,"href":"https:\/\/gltestm.webology.pl\/pl\/wp-json\/wp\/v2\/product_tag?post=12023"}],"curies":[{"name":"wp","href":"https:\/\/api.w.org\/{rel}","templated":true}]}}