{"id":12020,"date":"2026-03-18T22:04:24","date_gmt":"2026-03-18T21:04:24","guid":{"rendered":"https:\/\/gltestm.webology.pl\/produkt\/czajnik-elektryczny-wk-1801\/"},"modified":"2026-03-22T22:11:09","modified_gmt":"2026-03-22T21:11:09","slug":"czajnik-elektryczny-wk-1801","status":"publish","type":"product","link":"https:\/\/gltestm.webology.pl\/pl\/produkt\/czajnik-elektryczny-wk-1801\/","title":{"rendered":"Czajnik elektryczny WK-1801"},"content":{"rendered":"<h2>Czajnik elektryczny \u0141ucznik WK 1801 &#8211; prosty czajnik ze stali nierdzewnej<strong><br \/><\/strong><\/h2>\n<p><strong>Czajnik WK 1801<\/strong> posiada metalow\u0105 obudow\u0119 wykonan\u0105<strong> z nierdzewnej stali inox<\/strong>, co nadaje mu jednocze\u015bnie tradycyjny, jak i niezwykle stylowy wygl\u0105d. Doskonale wpasowuje si\u0119 w wystr\u00f3j kuchni utrzymanych w nowoczesnym stylu.<\/p>\n<p>Maksymalna pojemno\u015b\u0107 czajnika <strong>WK 1801<\/strong> to <strong>1,8 litra<\/strong>, co powinno usatysfakcjonowa\u0107 najwi\u0119kszych wielbicieli gor\u0105cych napoj\u00f3w. <\/p>\n<p>Posiada on <strong>obrotow\u0105 podstaw\u0119<\/strong>, dzi\u0119ki czemu mo\u017cna wygodnie po niego si\u0119gn\u0105\u0107 niezale\u017cnie od ustawienia. <\/p>\n<p>Pokrywa <strong>czajnika<\/strong> <strong>WK 1801<\/strong> jest w komfortowy spos\u00f3b <strong>otwierana za pomoc\u0105 przycisku<\/strong>. Przyciskiem w\u0142\u0105czamy r\u00f3wnie\u017c grzanie wody. Lampka kontrolna poinformuje nas, \u017ce czajnik jest w\u0142\u0105czony i pracuje w danym momencie.<\/p>\n<p>Urz\u0105dzenie wyposa\u017cone zosta\u0142o tak\u017ce <strong>grza\u0142k\u0119 ukryta w dnie<\/strong>, co spowalnia osadzanie si\u0119 kamienia oraz u\u0142atwia utrzymanie w czysto\u015bci.<\/p>\n<p><strong>Czajnik WK 1801 <\/strong>to bardzo prosty, metalowy czajnik idealnie nadaj\u0105cy si\u0119 na podstawowe wyposa\u017cenie kuchni lub niewielkiej domowej pracowni.<\/p>\n","protected":false},"excerpt":{"rendered":"<p>Elektryczny czajnik metalowy wykonany ze stali nierdzewnej inox o pojemno\u015bci 1,8 l.<\/p>\n","protected":false},"featured_media":13899,"comment_status":"open","ping_status":"closed","template":"","meta":[],"product_brand":[],"product_cat":[568],"product_tag":[],"class_list":{"0":"post-12020","1":"product","2":"type-product","3":"status-publish","4":"has-post-thumbnail","6":"product_cat-czajniki","8":"first","9":"instock","10":"taxable","11":"shipping-taxable","12":"purchasable","13":"product-type-simple"},"_links":{"self":[{"href":"https:\/\/gltestm.webology.pl\/pl\/wp-json\/wp\/v2\/product\/12020","targetHints":{"allow":["GET"]}}],"collection":[{"href":"https:\/\/gltestm.webology.pl\/pl\/wp-json\/wp\/v2\/product"}],"about":[{"href":"https:\/\/gltestm.webology.pl\/pl\/wp-json\/wp\/v2\/types\/product"}],"replies":[{"embeddable":true,"href":"https:\/\/gltestm.webology.pl\/pl\/wp-json\/wp\/v2\/comments?post=12020"}],"version-history":[{"count":0,"href":"https:\/\/gltestm.webology.pl\/pl\/wp-json\/wp\/v2\/product\/12020\/revisions"}],"wp:featuredmedia":[{"embeddable":true,"href":"https:\/\/gltestm.webology.pl\/pl\/wp-json\/wp\/v2\/media\/13899"}],"wp:attachment":[{"href":"https:\/\/gltestm.webology.pl\/pl\/wp-json\/wp\/v2\/media?parent=12020"}],"wp:term":[{"taxonomy":"product_brand","embeddable":true,"href":"https:\/\/gltestm.webology.pl\/pl\/wp-json\/wp\/v2\/product_brand?post=12020"},{"taxonomy":"product_cat","embeddable":true,"href":"https:\/\/gltestm.webology.pl\/pl\/wp-json\/wp\/v2\/product_cat?post=12020"},{"taxonomy":"product_tag","embeddable":true,"href":"https:\/\/gltestm.webology.pl\/pl\/wp-json\/wp\/v2\/product_tag?post=12020"}],"curies":[{"name":"wp","href":"https:\/\/api.w.org\/{rel}","templated":true}]}}