{"id":12017,"date":"2026-03-18T22:04:23","date_gmt":"2026-03-18T21:04:23","guid":{"rendered":"https:\/\/gltestm.webology.pl\/produkt\/poduszka-na-szpilki-na-reke\/"},"modified":"2026-03-22T21:57:39","modified_gmt":"2026-03-22T20:57:39","slug":"poduszka-na-szpilki-na-reke","status":"publish","type":"product","link":"https:\/\/gltestm.webology.pl\/pl\/produkt\/poduszka-na-szpilki-na-reke\/","title":{"rendered":"Poduszka na szpilki na r\u0119k\u0119"},"content":{"rendered":"<h2>Idealny organizer na szpilki<\/h2>\n<p>Poduszka na szpilki jest bardzo wygodnym krawieckim akcesorium. Dzi\u0119ki elastycznej gumce mo\u017cemy umie\u015bci\u0107 j\u0105 na nadgarstku i wygodnie u\u017cywa\u0107, b\u0119dzie wtedy zawsze pod r\u0119k\u0105. U\u0142atwi to przede wszystkim przymiarki krawieckie i zaznaczenie poprawek.<\/p>\n<h2>Wz\u00f3r i rozmiar<\/h2>\n<p>Motyw w ozdobn\u0105, <strong>bia\u0142o &#8211; niebiesk\u0105 krat\u0119<\/strong> z guzikiem na czerwonej, opasaj\u0105cej j\u0105 wst\u0105\u017cce, dodaje dodatkowych walor\u00f3w estetycznych. \u015arednica poduszki to <strong>60 mm<\/strong>.<\/p>\n","protected":false},"excerpt":{"rendered":"<p>Poduszeczka do igie\u0142 i szpilek z wygodn\u0105 gumk\u0105 na nadgarstek. Niebieska krata.<\/p>\n","protected":false},"featured_media":14142,"comment_status":"open","ping_status":"closed","template":"","meta":[],"product_brand":[],"product_cat":[738],"product_tag":[],"class_list":{"0":"post-12017","1":"product","2":"type-product","3":"status-publish","4":"has-post-thumbnail","6":"product_cat-szpilki-agrafki-i-poduszeczki","8":"first","9":"instock","10":"taxable","11":"shipping-taxable","12":"purchasable","13":"product-type-simple"},"_links":{"self":[{"href":"https:\/\/gltestm.webology.pl\/pl\/wp-json\/wp\/v2\/product\/12017","targetHints":{"allow":["GET"]}}],"collection":[{"href":"https:\/\/gltestm.webology.pl\/pl\/wp-json\/wp\/v2\/product"}],"about":[{"href":"https:\/\/gltestm.webology.pl\/pl\/wp-json\/wp\/v2\/types\/product"}],"replies":[{"embeddable":true,"href":"https:\/\/gltestm.webology.pl\/pl\/wp-json\/wp\/v2\/comments?post=12017"}],"version-history":[{"count":0,"href":"https:\/\/gltestm.webology.pl\/pl\/wp-json\/wp\/v2\/product\/12017\/revisions"}],"wp:featuredmedia":[{"embeddable":true,"href":"https:\/\/gltestm.webology.pl\/pl\/wp-json\/wp\/v2\/media\/14142"}],"wp:attachment":[{"href":"https:\/\/gltestm.webology.pl\/pl\/wp-json\/wp\/v2\/media?parent=12017"}],"wp:term":[{"taxonomy":"product_brand","embeddable":true,"href":"https:\/\/gltestm.webology.pl\/pl\/wp-json\/wp\/v2\/product_brand?post=12017"},{"taxonomy":"product_cat","embeddable":true,"href":"https:\/\/gltestm.webology.pl\/pl\/wp-json\/wp\/v2\/product_cat?post=12017"},{"taxonomy":"product_tag","embeddable":true,"href":"https:\/\/gltestm.webology.pl\/pl\/wp-json\/wp\/v2\/product_tag?post=12017"}],"curies":[{"name":"wp","href":"https:\/\/api.w.org\/{rel}","templated":true}]}}