{"id":12015,"date":"2026-03-18T22:04:22","date_gmt":"2026-03-18T21:04:22","guid":{"rendered":"https:\/\/gltestm.webology.pl\/produkt\/waga-kuchenna-ks-205a\/"},"modified":"2026-03-22T22:11:09","modified_gmt":"2026-03-22T21:11:09","slug":"waga-kuchenna-ks-205a","status":"publish","type":"product","link":"https:\/\/gltestm.webology.pl\/pl\/produkt\/waga-kuchenna-ks-205a\/","title":{"rendered":"Waga kuchenna KS-205A"},"content":{"rendered":"<h2><span><strong>Odkr\u0119cana szklana platforma<br \/><\/strong><\/span><\/h2>\n<p><strong>Waga KS-205 A<\/strong> ze <strong>szklan\u0105 platform\u0105,<\/strong> <strong>kt\u00f3ra<\/strong> <strong>jest odkr\u0119cana<\/strong> przez co mo\u017cna zachowa\u0107 wi\u0119ksz\u0105 higien\u0119 pracy i dok\u0142adnie wyczy\u015bci\u0107 elementy po sko\u0144czonym wa\u017ceniu produkt\u00f3w. To idealna waga dla twojej kuchni. Jest bardzo prosta w budowie i obs\u0142udze, dzi\u0119ki czemu ka\u017cdy z domownik\u00f3w bez problemu poradzi sobie z jej u\u017cyciem.<\/p>\n<h2>Precyzyjny czujnik punktowy<\/h2>\n<p><strong>Waga KS-205 A <\/strong>posiada<strong> precyzyjny czujnik punktowy<\/strong> oraz <strong>procesor o du\u017cej wydajno\u015bci<\/strong>, dzi\u0119ki czemu dok\u0142adno\u015b\u0107 wykonanego pomiaru do <strong>1 grama<\/strong>. \u015awietnie nadaje si\u0119 <strong>do wa\u017cenia \u017cywno\u015bci<\/strong> podczas przygotowywania potraw. Niezb\u0119dna do odmierzania sk\u0142adnik\u00f3w w trakcie pieczenia ciast oraz pomaga utrzyma\u0107 zdrow\u0105, zbilansowan\u0105 diet\u0119.<\/p>\n<h2>Najwa\u017cniejsze cechy<\/h2>\n<ul>\n<li><strong>Szklana<\/strong> platforma (<strong>odkr\u0119cana<\/strong>)<\/li>\n<li>Czytelny <strong>wy\u015bwietlacz LCD<\/strong><\/li>\n<li>Maksymalne obci\u0105\u017cenie: <strong>5 kg<\/strong><\/li>\n<li>Dok\u0142adno\u015b\u0107 pomiaru: <strong>1 g<\/strong><\/li>\n<li>Zakres pomiaru: 2-5000 g<\/li>\n<li>Jednostki pomiaru: g, lb, oz, kg<\/li>\n<li><strong>\u0141atwa w czyszczeniu<\/strong> (odkr\u0119cana szklana platforma)<\/li>\n<li>Wska\u017anik wyczerpania baterii<\/li>\n<li>Zasilanie: 2 szt. baterii AAA (<strong>w zestawie<\/strong>)<\/li>\n<\/ul>\n<h2>24-miesi\u0119czna gwarancja<\/h2>\n<p>Waga posiada <strong>24-miesi\u0119czn\u0105 gwarancj\u0119 <\/strong>oraz instrukcj\u0119 w j\u0119zyku polskim oraz angielskim z kt\u00f3r\u0105 nale\u017cy zapozna\u0107 si\u0119 przed pierwszym u\u017cyciem produktu.<\/p>\n","protected":false},"excerpt":{"rendered":"<p>Dok\u0142adna waga z czujnikiem punktowym<\/p>\n","protected":false},"featured_media":13005,"comment_status":"open","ping_status":"closed","template":"","meta":[],"product_brand":[],"product_cat":[563],"product_tag":[],"class_list":{"0":"post-12015","1":"product","2":"type-product","3":"status-publish","4":"has-post-thumbnail","6":"product_cat-wagi-kuchenne","8":"first","9":"instock","10":"taxable","11":"shipping-taxable","12":"purchasable","13":"product-type-simple"},"_links":{"self":[{"href":"https:\/\/gltestm.webology.pl\/pl\/wp-json\/wp\/v2\/product\/12015","targetHints":{"allow":["GET"]}}],"collection":[{"href":"https:\/\/gltestm.webology.pl\/pl\/wp-json\/wp\/v2\/product"}],"about":[{"href":"https:\/\/gltestm.webology.pl\/pl\/wp-json\/wp\/v2\/types\/product"}],"replies":[{"embeddable":true,"href":"https:\/\/gltestm.webology.pl\/pl\/wp-json\/wp\/v2\/comments?post=12015"}],"version-history":[{"count":0,"href":"https:\/\/gltestm.webology.pl\/pl\/wp-json\/wp\/v2\/product\/12015\/revisions"}],"wp:featuredmedia":[{"embeddable":true,"href":"https:\/\/gltestm.webology.pl\/pl\/wp-json\/wp\/v2\/media\/13005"}],"wp:attachment":[{"href":"https:\/\/gltestm.webology.pl\/pl\/wp-json\/wp\/v2\/media?parent=12015"}],"wp:term":[{"taxonomy":"product_brand","embeddable":true,"href":"https:\/\/gltestm.webology.pl\/pl\/wp-json\/wp\/v2\/product_brand?post=12015"},{"taxonomy":"product_cat","embeddable":true,"href":"https:\/\/gltestm.webology.pl\/pl\/wp-json\/wp\/v2\/product_cat?post=12015"},{"taxonomy":"product_tag","embeddable":true,"href":"https:\/\/gltestm.webology.pl\/pl\/wp-json\/wp\/v2\/product_tag?post=12015"}],"curies":[{"name":"wp","href":"https:\/\/api.w.org\/{rel}","templated":true}]}}