{"id":12013,"date":"2026-03-18T22:04:22","date_gmt":"2026-03-18T21:04:22","guid":{"rendered":"https:\/\/gltestm.webology.pl\/produkt\/opiekacz-elektryczny-do-tostow-kanapek-panini-3w1-lucznik-sm-2019-xl-1000-w\/"},"modified":"2026-03-22T21:55:43","modified_gmt":"2026-03-22T20:55:43","slug":"opiekacz-elektryczny-do-tostow-kanapek-panini-3w1-lucznik-sm-2019-xl-1000-w","status":"publish","type":"product","link":"https:\/\/gltestm.webology.pl\/pl\/produkt\/opiekacz-elektryczny-do-tostow-kanapek-panini-3w1-lucznik-sm-2019-xl-1000-w\/","title":{"rendered":"Opiekacz elektryczny do tost\u00f3w kanapek panini 3w1 \u0141ucznik SM-2019 XL 1000 W"},"content":{"rendered":"<h2><strong>Wielofunkcyjno\u015b\u0107 w zasi\u0119gu r\u0119ki<\/strong><\/h2>\n<p>Posiadanie <strong>jednego<\/strong> urz\u0105dzenia, kt\u00f3re <strong>zast\u0119puje trzy r\u00f3\u017cne<\/strong>, to wygodne rozwi\u0105zanie dla ka\u017cdego, kto ceni <strong>sobie miejsce w kuchni<\/strong> oraz oszcz\u0119dno\u015b\u0107 czasu i energii. Nasz <strong>Opiekacz 3w1<\/strong> <strong>SM-2019-XL<\/strong> to nie tylko mo\u017cliwo\u015b\u0107 przygotowania chrupi\u0105cych <strong>tost\u00f3w<\/strong>, ale tak\u017ce soczystych potraw <strong>grillowych<\/strong>, czy gofr\u00f3w &#8211; wszystko w jednym!<\/p>\n<h2><strong>Potr\u00f3jna moc, potr\u00f3jna przyjemno\u015b\u0107<\/strong><\/h2>\n<p>Dzi\u0119ki mocy <strong>1000 W<\/strong> ka\u017cdy posi\u0142ek b\u0119dzie gotowy <strong>b\u0142yskawicznie<\/strong>, bez d\u0142ugiego czekania. Niczym mistrz kuchni w pe\u0142nej gotowo\u015bci, opiekacz zapewnia <strong>trzy r\u00f3\u017cnorodne p\u0142yty<\/strong>, kt\u00f3re mo\u017cna <strong>szybko wymienia\u0107<\/strong>, dostosowuj\u0105c je do potrzeb Twojego menu.<\/p>\n<p><img fetchpriority=\"high\" decoding=\"async\" src=\"\/data\/include\/cms\/.product\/7\/3\/1037\/6.jpg\" alt=\"Opiekacz do tost\u00f3w kanapek panini 3w1 \u0141ucznik SM-2019 XL 1000 W\" width=\"750\" height=\"750\" \/><\/p>\n<h2><strong>Najwa\u017cniejsze cechy opiekacza SM-2019-XL<\/strong><\/h2>\n<ul>\n<li>moc <strong>1000 W<\/strong><\/li>\n<li><strong>trzy wymienne p\u0142yty<\/strong> o du\u017cych rozmiarach (28,5&#215;15,5 cm) do <strong>grilla<\/strong>, <strong>tost\u00f3w, panini<\/strong> i gofr\u00f3w<\/li>\n<li>specjalna <strong>nieprzywieraj\u0105ca pow\u0142oka <\/strong>na p\u0142ytach u\u0142atwiaj\u0105ca czyszczenie<\/li>\n<li><strong>antypo\u015blizgowe n\u00f3\u017cki<\/strong> zapewniaj\u0105ce stabilno\u015b\u0107 podczas u\u017cytkowania<\/li>\n<li><strong>intuicyjne sterowanie<\/strong> i prosta obs\u0142uga<\/li>\n<li><strong>blokada zabezpieczaj\u0105ca<\/strong> przed otwarciem zapewnia bezpiecze\u0144stwo podczas grillowania<\/li>\n<li><strong>sygnalizacja dwoma lampkami<\/strong> (zielon\u0105 i czerwon\u0105)<\/li>\n<li><strong>szybkie nagrzewanie<\/strong> (oko\u0142o 5 minutach)<\/li>\n<\/ul>\n<p><img decoding=\"async\" src=\"\/data\/include\/cms\/.product\/7\/3\/1037\/5.jpg\" alt=\"Opiekacz do tost\u00f3w kanapek panini 3w1 \u0141ucznik SM-2019 XL 1000 W\" width=\"750\" height=\"750\" \/><\/p>\n<h2><strong>Wymienne p\u0142yty &#8211; wielka r\u00f3\u017cnorodno\u015b\u0107 smak\u00f3w<\/strong><\/h2>\n<p>Dzi\u0119ki <strong>trzem wymiennym p\u0142ytom<\/strong> o <strong>rozmiarach 28,5&#215;15,5 cm<\/strong> mo\u017cliwo\u015bci kulinarne s\u0105 niemal nieograniczone.<\/p>\n<ul>\n<li><strong>P\u0142yta do tost\u00f3w <\/strong>&#8211; zaserwuje Ci tosty z r\u00f3\u017cnorodnymi nadzieniami, idealne na szybkie \u015bniadanie czy przek\u0105sk\u0119.<\/li>\n<li><strong>P\u0142yta do grilla<\/strong> &#8211; pozwoli Ci przygotowa\u0107 soczyste kawa\u0142ki mi\u0119sa, aromatyczne warzywa czy chrupi\u0105ce kanapki z grillowanymi warzywami.<\/li>\n<li><strong>P\u0142yta do gofr\u00f3w<\/strong> &#8211; to zaproszenie do kr\u00f3lestwa s\u0142odko\u015bci &#8211; od klasycznych gofr\u00f3w z syropem klonowym po oryginalne po\u0142\u0105czenia owocowe.<\/li>\n<\/ul>\n<p>Odkryj nowe smaki i przygotuj ulubione potrawy z \u0142atwo\u015bci\u0105 dzi\u0119ki naszemu opiekaczowi 3w1!<\/p>\n<p><img decoding=\"async\" src=\"\/data\/include\/cms\/.product\/7\/3\/1037\/7.jpg\" alt=\"Opiekacz do tost\u00f3w kanapek panini 3w1 \u0141ucznik SM-2019 XL 1000 W\" width=\"750\" height=\"750\" \/><\/p>\n<h2><strong>Bezpiecze\u0144stwo zawsze na pierwszym miejscu<\/strong><\/h2>\n<p><strong>Wygoda u\u017cytkowania<\/strong> naszego opiekacza SM-2019-XL idzie w parze z dba\u0142o\u015bci\u0105 o <strong>bezpiecze\u0144stwo<\/strong>. Dzi\u0119ki <strong>blokadzie zabezpieczaj\u0105cej<\/strong> przed otwarciem pokrywy, masz pewno\u015b\u0107, \u017ce podczas grillowania czy przygotowywania gofr\u00f3w nic z\u0142ego si\u0119 nie stanie.<\/p>\n<p>Dodatkowo, <strong>antypo\u015blizgowe n\u00f3\u017cki<\/strong> zapewniaj\u0105 <strong>stabilno\u015b\u0107<\/strong> urz\u0105dzenia podczas pracy, eliminuj\u0105c ryzyko przesuni\u0119cia si\u0119 czy wywr\u00f3cenia. Teraz mo\u017cesz cieszy\u0107 si\u0119 kulinarnymi eksperymentami bez obaw o bezpiecze\u0144stwo!<\/p>\n<h2><strong>Szybkie i proste przygotowanie do gotowania<\/strong><\/h2>\n<p>Po pod\u0142\u0105czeniu opiekacza do pr\u0105du, <strong>dwie lampki<\/strong> &#8211; zielona i czerwona &#8211; za\u015bwiecaj\u0105 si\u0119, sygnalizuj\u0105c <strong>rozpocz\u0119cie nagrzewania<\/strong>. Gdy <strong>zielona lampka<\/strong> zga\u015bnie, oznacza to, \u017ce <strong>opiekacz jest gotowy do u\u017cycia<\/strong>. Ca\u0142y proces nagrzewania zajmuje zazwyczaj <strong>oko\u0142o 5 minut<\/strong>, dzi\u0119ki czemu mo\u017cesz <strong>szybko rozpocz\u0105\u0107 <\/strong>przygotowywanie swoich ulubionych potraw. Po prostu pod\u0142\u0105cz, poczekaj chwil\u0119 i grilluj!<\/p>\n<h2><strong>Wymiana p\u0142yt grzewczych<\/strong><\/h2>\n<p>Wymieniaj p\u0142yty dopiero gdy opiekacz SM-2019-XL <strong>zostanie od\u0142\u0105czone od pr\u0105du i wystygnie<\/strong>. Dzi\u0119ki temu prostemu krokom, minimalizujemy ryzyko poparze\u0144. Dbamy o Twoje bezpiecze\u0144stwo, dlatego pami\u0119taj o tej wskaz\u00f3wce podczas korzystania z naszego opiekacza!<\/p>\n<p>Z naszym <strong>opiekaczem 3w1<\/strong> przygotowanie ulubionych da\u0144 staje si\u0119 <strong>\u0142atwe<\/strong> i <strong>przyjemne<\/strong>, a ka\u017cdy posi\u0142ek zamienia si\u0119 w wyj\u0105tkowe do\u015bwiadczenie kulinarne. Odkryj nowy wymiar gotowania dzi\u0119ki naszemu wszechstronnemu opiekaczowi SM-2019-XL!<\/p>\n<p><img loading=\"lazy\" decoding=\"async\" src=\"\/data\/include\/cms\/.product\/7\/3\/1037\/9.jpg\" alt=\"Opiekacz do tost\u00f3w kanapek panini 3w1 \u0141ucznik SM-2019 XL 1000 W\" width=\"750\" height=\"750\" \/><\/p>\n","protected":false},"excerpt":{"rendered":"<p>Opiekacz 3w1 o mocy 1000 W. Trzy wymienne p\u0142yty o du\u017cej powierzchni &#8211; do grilla lub panini, do tost\u00f3w, do gofr\u00f3w. Antypo\u015blizgowe n\u00f3\u017cki. Nieprzywieraj\u0105ca pow\u0142oka. Szybkie nagrzewanie &#8211; ok. 5 min.<\/p>\n","protected":false},"featured_media":13385,"comment_status":"open","ping_status":"closed","template":"","meta":[],"product_brand":[],"product_cat":[583],"product_tag":[],"class_list":{"0":"post-12013","1":"product","2":"type-product","3":"status-publish","4":"has-post-thumbnail","6":"product_cat-tostery-i-opiekacze","8":"first","9":"instock","10":"taxable","11":"shipping-taxable","12":"purchasable","13":"product-type-simple"},"_links":{"self":[{"href":"https:\/\/gltestm.webology.pl\/pl\/wp-json\/wp\/v2\/product\/12013","targetHints":{"allow":["GET"]}}],"collection":[{"href":"https:\/\/gltestm.webology.pl\/pl\/wp-json\/wp\/v2\/product"}],"about":[{"href":"https:\/\/gltestm.webology.pl\/pl\/wp-json\/wp\/v2\/types\/product"}],"replies":[{"embeddable":true,"href":"https:\/\/gltestm.webology.pl\/pl\/wp-json\/wp\/v2\/comments?post=12013"}],"version-history":[{"count":0,"href":"https:\/\/gltestm.webology.pl\/pl\/wp-json\/wp\/v2\/product\/12013\/revisions"}],"wp:featuredmedia":[{"embeddable":true,"href":"https:\/\/gltestm.webology.pl\/pl\/wp-json\/wp\/v2\/media\/13385"}],"wp:attachment":[{"href":"https:\/\/gltestm.webology.pl\/pl\/wp-json\/wp\/v2\/media?parent=12013"}],"wp:term":[{"taxonomy":"product_brand","embeddable":true,"href":"https:\/\/gltestm.webology.pl\/pl\/wp-json\/wp\/v2\/product_brand?post=12013"},{"taxonomy":"product_cat","embeddable":true,"href":"https:\/\/gltestm.webology.pl\/pl\/wp-json\/wp\/v2\/product_cat?post=12013"},{"taxonomy":"product_tag","embeddable":true,"href":"https:\/\/gltestm.webology.pl\/pl\/wp-json\/wp\/v2\/product_tag?post=12013"}],"curies":[{"name":"wp","href":"https:\/\/api.w.org\/{rel}","templated":true}]}}