{"id":12011,"date":"2026-03-18T22:04:21","date_gmt":"2026-03-18T21:04:21","guid":{"rendered":"https:\/\/gltestm.webology.pl\/produkt\/toster-dwuszczelinowy-dwa-grube-tosty-lucznik-bt-2019-700-w\/"},"modified":"2026-03-22T22:11:08","modified_gmt":"2026-03-22T21:11:08","slug":"toster-dwuszczelinowy-dwa-grube-tosty-lucznik-bt-2019-700-w","status":"publish","type":"product","link":"https:\/\/gltestm.webology.pl\/pl\/produkt\/toster-dwuszczelinowy-dwa-grube-tosty-lucznik-bt-2019-700-w\/","title":{"rendered":"Toster dwuszczelinowy dwa grube tosty \u0141ucznik BT-2019 700 W"},"content":{"rendered":"<h2>Gor\u0105ce grzanki, tak jak lubisz!<\/h2>\n<p>Czy jest kto\u015b, kto nie kocha zapachu gor\u0105cych, chrupkich grzanek o poranku? Albo nie tylko o poranku&#8230; Z odrobin\u0105 mas\u0142a, d\u017cemu czy czekoladowego kremu&#8230; Mniam! Dobry toster to <strong>gwarancja dobrze przygotowanych, przepysznych grzanek<\/strong>, kiedy tylko najdzie Ci\u0119 na nie ochota. Porz\u0105dny sprz\u0119t umo\u017cliwi Ci przygotowanie <strong>idealnie wypieczonych<\/strong> grzanek nie tylko na kanapki, ale tak\u017ce jako smaczny dodatek do sa\u0142atki czy do zupy-kremu.<\/p>\n<p>Toster \u0141ucznik BT-2019 jest <strong>\u0142atwy do wyczyszczenia<\/strong> oraz posiada niezwykle <strong>prosty system dzia\u0142ania<\/strong>, dzi\u0119ki czemu ka\u017cdy z \u0142atwo\u015bci\u0105 poradzi sobie z jego obs\u0142ug\u0105.<\/p>\n<p><img fetchpriority=\"high\" decoding=\"async\" src=\"\/data\/include\/cms\/.product\/5\/3\/1035\/1.jpg\" alt=\"toster dwuszczelinowy 700 W \u0141ucznik BT-2019\" width=\"768\" height=\"480\" \/><\/p>\n<h2>Najwa\u017cniejsze cechy<\/h2>\n<ul>\n<li>Moc: <strong>700 W<\/strong><\/li>\n<li>Opieka <strong>2 tosty<\/strong> naraz<\/li>\n<li>Tosty <strong>a\u017c do 2,5 cm grubo\u015bci<\/strong>!<\/li>\n<li><strong>6-stopniowa regulacja opiekania<\/strong> pozwala idealnie dobra\u0107 struktur\u0119 grzanek do upodoba\u0144 lub bie\u017c\u0105cych potrzeb.<\/li>\n<li><strong>przycisk \u201eSTOP\u201d<\/strong> &#8211; kiedy zauwa\u017cysz, \u017ce chleb przypieka si\u0119 w stopniu wi\u0119kszym ni\u017c dopuszczalny, grzanie mo\u017ce zosta\u0107 natychmiast zatrzymane, a kromki od razu wyj\u0119te do ostudzenia<\/li>\n<li><strong>wysuwana tacka na okruchy<\/strong> \u2014 nie musisz martwi\u0107 si\u0119 o sprz\u0105tanie po przygotowywaniu takiego \u015bniadania<\/li>\n<li>obudowa ze <strong>stali nierdzewnej Inox<\/strong>, dzi\u0119ki czemu pi\u0119knie prezentuje si\u0119 na blacie kuchennym<\/li>\n<li><strong>antypo\u015blizgowe n\u00f3\u017cki<\/strong> na spodzie, zapewniaj\u0105 niezb\u0119dn\u0105 stabilizacj\u0119 i zapobiegaj\u0105 jego przesuwaniu si\u0119<\/li>\n<\/ul>\n<h2>Bezproblemowe sprz\u0105tanie po \u015bniadaniu<\/h2>\n<p>Czysto\u015b\u0107 w Twojej kuchni oraz higien\u0119 podczas przygotowywania zapewni posiadana przez toster \u0141ucznik BT-2019 <strong>wysuwana tacka na okruchy<\/strong>. Nie musisz martwi\u0107 si\u0119 o sprz\u0105tanie po przygotowywaniu takiego \u015bniadania \u2014 b\u0119dzie ono \u0142atwe jak nigdy dot\u0105d.<\/p>\n<p><img decoding=\"async\" src=\"\/data\/include\/cms\/.product\/5\/3\/1035\/2.jpg\" alt=\"toster dwuszczelinowy 700 W \u0141ucznik BT-2019\" width=\"768\" height=\"480\" \/><\/p>\n<h2>Chrupi\u0105ce tosty \u2013 takie jak lubisz<\/h2>\n<p>Dzi\u0119ki <strong>6-stopniowej regulacji opiekania<\/strong>, mo\u017cna idealnie dobra\u0107 <strong>stopie\u0144 wypieczenia grzanek<\/strong> do swoich upodoba\u0144. Niezale\u017cnie czy potrzebujesz jedynie podgrza\u0107 pieczywo do kanapek, przygotowa\u0107 tosty <strong>chrupkie na zewn\u0105trz i mi\u0119kkie w \u015brodku<\/strong>, idealne do posmarowania d\u017cemem, czy te\u017c maksymalnie chrupi\u0105ce sucharki \u2014 z tosterem BT-2019 z pewno\u015bci\u0105 Ci si\u0119 uda. Wystarczy jedynie kilka eksperyment\u00f3w w postaci przygotowania kilku r\u00f3\u017cnych grzanek podczas pysznego \u015bniadania.<\/p>\n<p><img decoding=\"async\" src=\"\/data\/include\/cms\/.product\/5\/3\/1035\/18.jpg\" alt=\"toster dwuszczelinowy 700 W \u0141ucznik BT-2019\" width=\"768\" height=\"480\" \/><\/p>\n<h2>Grzanki o idealnej grubo\u015bci<\/h2>\n<p>Toster \u0141ucznik BT-2019 to tak\u017ce doskona\u0142e rozwi\u0105zanie dla mi\u0142o\u015bnik\u00f3w <strong>grubszych grzanek<\/strong>. Dzi\u0119ki <strong>mo\u017cliwo\u015bci opiekania tost\u00f3w o grubo\u015bci nawet do 2,5 cm<\/strong>, mo\u017cesz cieszy\u0107 si\u0119 pysznymi, dobrze wypieczonymi kromkami. <strong>Wi\u0119ksza grubo\u015b\u0107 pieczywa nie stanowi problemu<\/strong> \u2013 Twoje tosty b\u0119d\u0105 idealnie chrupi\u0105ce na zewn\u0105trz, a mi\u0119kkie i aromatyczne w \u015brodku.<\/p>\n<p><img loading=\"lazy\" decoding=\"async\" src=\"\/data\/include\/cms\/.product\/5\/3\/1035\/17.jpg\" alt=\"toster dwuszczelinowy 700 W \u0141ucznik BT-2019\" width=\"768\" height=\"480\" \/><\/p>\n<h2>Koniec z przypalonymi tostami<\/h2>\n<p>W ka\u017cdej chwili mo\u017cliwe jest <strong>przerwanie opiekania<\/strong> za pomoc\u0105 wbudowanego w Toster \u0141ucznik BT-2019 przycisku <strong>\u201eSTOP\u201d<\/strong>. Zawsze, kiedy zauwa\u017cysz, \u017ce chleb przypieka si\u0119 w stopniu wi\u0119kszym ni\u017c dopuszczalny, grzanie mo\u017ce zosta\u0107 natychmiast zatrzymane, a kromki od razu wyj\u0119te do <strong>ostudzenia<\/strong>.<\/p>\n<p><img loading=\"lazy\" decoding=\"async\" src=\"\/data\/include\/cms\/.product\/5\/3\/1035\/6.jpg\" alt=\"toster dwuszczelinowy 700 W \u0141ucznik BT-2019\" width=\"768\" height=\"480\" \/><\/p>\n<h2>Uniwersalny styl pasuj\u0105cy do ka\u017cdej kuchni<\/h2>\n<p>Warto zauwa\u017cy\u0107, \u017ce Toster \u0141ucznik BT-2019 ma <strong>obudow\u0119 wykonan\u0105 ze stali nierdzewnej Inox<\/strong>, dzi\u0119ki czemu <strong>pi\u0119knie prezentuje si\u0119 na blacie kuchennym<\/strong> \u2014 nie tylko podczas posi\u0142ku, a tak\u017ce d\u0142ugo zachowuje nienaganny wygl\u0105d. <strong>Antypo\u015blizgowe n\u00f3\u017cki<\/strong> na spodzie zapewniaj\u0105 niezb\u0119dn\u0105 stabilizacj\u0119 i zapobiegaj\u0105 jego przesuwaniu si\u0119, dzi\u0119ki czemu zwi\u0119kszaj\u0105 Twoje <strong>bezpiecze\u0144stwo<\/strong>.<\/p>\n<p><img loading=\"lazy\" decoding=\"async\" src=\"\/data\/include\/cms\/.product\/5\/3\/1035\/3.jpg\" alt=\"toster dwuszczelinowy 700 W \u0141ucznik BT-2019\" width=\"768\" height=\"480\" \/><\/p>\n<h2>24-miesi\u0119czna gwarancja<\/h2>\n<p>Toster \u0141ucznik BT-2019 ma <strong>dwuletni\u0105 gwarancj\u0119<\/strong> oraz instrukcj\u0119 w j\u0119zyku <strong>polskim<\/strong>, oraz <strong>angielskim<\/strong>. Zalecamy zapoznanie si\u0119 z ni\u0105 przed rozpocz\u0119ciem korzystania z urz\u0105dzenia.<\/p>\n","protected":false},"excerpt":{"rendered":"<p>Kompaktowy dwuszczelinowy toster z 6-stopniow\u0105 regulacj\u0105 poziomu opiekania grzanek i moc\u0105 700 W. Super grube tosty a\u017c do 2,5 cm grubo\u015bci!<\/p>\n","protected":false},"featured_media":12996,"comment_status":"open","ping_status":"closed","template":"","meta":[],"product_brand":[],"product_cat":[583],"product_tag":[],"class_list":{"0":"post-12011","1":"product","2":"type-product","3":"status-publish","4":"has-post-thumbnail","6":"product_cat-tostery-i-opiekacze","8":"first","9":"instock","10":"taxable","11":"shipping-taxable","12":"purchasable","13":"product-type-simple"},"_links":{"self":[{"href":"https:\/\/gltestm.webology.pl\/pl\/wp-json\/wp\/v2\/product\/12011","targetHints":{"allow":["GET"]}}],"collection":[{"href":"https:\/\/gltestm.webology.pl\/pl\/wp-json\/wp\/v2\/product"}],"about":[{"href":"https:\/\/gltestm.webology.pl\/pl\/wp-json\/wp\/v2\/types\/product"}],"replies":[{"embeddable":true,"href":"https:\/\/gltestm.webology.pl\/pl\/wp-json\/wp\/v2\/comments?post=12011"}],"version-history":[{"count":0,"href":"https:\/\/gltestm.webology.pl\/pl\/wp-json\/wp\/v2\/product\/12011\/revisions"}],"wp:featuredmedia":[{"embeddable":true,"href":"https:\/\/gltestm.webology.pl\/pl\/wp-json\/wp\/v2\/media\/12996"}],"wp:attachment":[{"href":"https:\/\/gltestm.webology.pl\/pl\/wp-json\/wp\/v2\/media?parent=12011"}],"wp:term":[{"taxonomy":"product_brand","embeddable":true,"href":"https:\/\/gltestm.webology.pl\/pl\/wp-json\/wp\/v2\/product_brand?post=12011"},{"taxonomy":"product_cat","embeddable":true,"href":"https:\/\/gltestm.webology.pl\/pl\/wp-json\/wp\/v2\/product_cat?post=12011"},{"taxonomy":"product_tag","embeddable":true,"href":"https:\/\/gltestm.webology.pl\/pl\/wp-json\/wp\/v2\/product_tag?post=12011"}],"curies":[{"name":"wp","href":"https:\/\/api.w.org\/{rel}","templated":true}]}}