{"id":12010,"date":"2026-03-18T22:04:21","date_gmt":"2026-03-18T21:04:21","guid":{"rendered":"https:\/\/gltestm.webology.pl\/produkt\/wentylator-stojacy-sf-2019-plus-zdalnie-sterowany\/"},"modified":"2026-03-22T22:11:08","modified_gmt":"2026-03-22T21:11:08","slug":"wentylator-stojacy-sf-2019-plus-zdalnie-sterowany","status":"publish","type":"product","link":"https:\/\/gltestm.webology.pl\/pl\/produkt\/wentylator-stojacy-sf-2019-plus-zdalnie-sterowany\/","title":{"rendered":"Wentylator stoj\u0105cy SF-2019 Plus zdalnie sterowany"},"content":{"rendered":"<h2><strong>Wentylator SF 2019 Plus<\/strong> &#8211; komfort i orze\u017awienie w twoim mieszkaniu<\/h2>\n<p>Najbardziej komfortowa temperatura otoczenia dla przeci\u0119tnej osoby zwykle oscyluje pomi\u0119dzy 18 a 24\u00baC. W czasie letnich fal upa\u0142\u00f3w w naszych mieszkaniach mo\u017ce ona jednak znacznie przekracza\u0107 t\u0119 warto\u015b\u0107 &#8211; si\u0119gaj\u0105c nawet 30 stopni! Je\u015bli szukasz och\u0142ody i wi\u0119kszego komfortu, dobrze trafi\u0142e\u015b. <strong>Wentylator Stoj\u0105cy \u0141ucznik SF-2019 Plus <\/strong>b\u0119dzie strza\u0142em w dziesi\u0105tk\u0119 szybko i sprawnie zmieniaj\u0105c Tw\u00f3j dom na nowo w miejsce spokojnego wypoczynku.<\/p>\n<p> <img fetchpriority=\"high\" decoding=\"async\" src=\"\/data\/include\/cms\/.product\/3\/3\/1033\/1.jpg\" alt=\"Wentylator stoj\u0105cy SF-2019 Plus zdalnie sterowany\" width=\"768\" height=\"480\" \/><\/p>\n<h2>Najwa\u017cniejsze cechy:<\/h2>\n<ul>\n<li><strong>zdalne sterowanie<\/strong> za pomoc\u0105 pilota<\/li>\n<li><strong>cicha praca<\/strong> niezak\u0142\u00f3caj\u0105ca pracy i snu<\/li>\n<li>wbudowany <strong>programator <\/strong><\/li>\n<li><strong>wytrzyma\u0142y<\/strong> silnik<\/li>\n<li><strong>3 pr\u0119dko\u015bci nawiewu<\/strong><\/li>\n<li><strong>2 tryb\u00f3w pracy mieszane<\/strong>j<\/li>\n<li><strong>funkcja auto-obracania<\/strong> (prawo i lewo pod k\u0105tem 45 stopni)<\/li>\n<li><strong>p\u0142ynna<\/strong> regulacja <strong>wysoko\u015bci <\/strong>(a\u017c do 130 cm)<\/li>\n<li><strong>dwustronna metalowa siatka<\/strong> zabezpieczaj\u0105ca<\/li>\n<li>stabilna konstrukcja<\/li>\n<li><strong>TIMER<\/strong> (od 0,5 do 7 godzin)<\/li>\n<\/ul>\n<h2><strong>Zdalne sterowanie<\/strong> za pomoc\u0105 pilota<\/h2>\n<p><strong>Wentylator Stoj\u0105cy \u0141ucznik SF 2019 Plus <\/strong>posiada <strong>zdalne sterowanie za pomoc\u0105 pilota<\/strong>, dzi\u0119ki czemu pozwala na kontrolowanie nawiewu i jednocze\u015bnie temperatury pomieszczenia na odleg\u0142o\u015b\u0107, bez konieczno\u015bci wstawania z \u0142\u00f3\u017cka czy kanapy. <\/p>\n<h2>Programator trybu pracy<\/h2>\n<p><strong>Wbudowany programator<\/strong> pozwoli ponadto ustawi\u0107 \u017c\u0105dany czas nawiewu, na przyk\u0142ad w nocy lub podczas naszej nieobecno\u015bci w domu. Jego zakres si\u0119ga <strong>od 30 minut do 7,5 godziny<\/strong> zaplanowanej pracy.<\/p>\n<p><img decoding=\"async\" src=\"\/data\/include\/cms\/.product\/3\/3\/1033\/21xa.jpg\" alt=\"Wentylator stoj\u0105cy SF-2019 Plus zdalnie sterowany\" \/><\/p>\n<h2>3 pr\u0119dko\u015bci nawiewu i 2 tryby pracy<\/h2>\n<p>Efektywne i szybkie ch\u0142odzenie nagrzanych pomieszcze\u0144 zapewniaj\u0105 przede wszystkim <strong>szeroka \u015brednica<\/strong> wentylatora, optymalna budowa \u015bmigie\u0142 oraz <strong>wytrzyma\u0142y silnik wykonany w 100% z miedzi. <\/strong>Wystarczy moment, aby poczu\u0107 orze\u017awiaj\u0105cy, ch\u0142odny wiatr na twarzy. Jego intensywno\u015b\u0107 mo\u017cemy komfortowo wyregulowa\u0107 odpowiednio do bie\u017c\u0105cych potrzeb za pomoc\u0105 dost\u0119pnych ustawie\u0144 <strong>3 pr\u0119dko\u015bci nawiewu oraz 2 tryb\u00f3w pracy mieszanej<\/strong>.<\/p>\n<p>Spo\u015br\u00f3d dost\u0119pnych ustawie\u0144 mo\u017cemy wybra\u0107 mi\u0119dzy innymi <strong>funkcj\u0119 autoobracania<\/strong>, kt\u00f3ra pozwoli wentylatorowi na wywo\u0142anie ruchu powietrza w pomieszczeniu i zarazem w jeszcze bardziej efektywne ch\u0142odzenie wn\u0119trza.<\/p>\n<p><img decoding=\"async\" src=\"\/data\/include\/cms\/.product\/3\/3\/1033\/4.jpg\" alt=\"Wentylator stoj\u0105cy SF-2019 Plus zdalnie sterowany\" width=\"768\" height=\"480\" \/><\/p>\n<h2>Cicha praca w tle<\/h2>\n<p>B\u0119dziesz zaskoczony jak <strong>cicha<\/strong> jest <strong>praca<\/strong> wentylatora podczas u\u017cywania ka\u017cdego z tych tryb\u00f3w &#8211; pozwala na swobodne i komfortowe wykonywanie wszelkich domowych aktywno\u015bci, nie zag\u0142uszaj\u0105c rozm\u00f3w i codziennych odg\u0142os\u00f3w.<\/p>\n<p><img decoding=\"async\" src=\"https:\/\/galerialucznik.pl\/data\/include\/cms\/.product\/3\/3\/1033\/8.jpg\" alt=\"Wentylator stoj\u0105cy SF-2019 Plus zdalnie sterowany\" width=\"768\" height=\"480\" \/><\/p>\n<h2><strong>90\u00b0 zakresu obrotu<\/strong><\/h2>\n<p>Dzi\u0119ki funkcji ruchu obrotowego <strong>wentylator <\/strong>mo\u017ce jeszcze intensywniej wspiera\u0107 wywo\u0142ywanie ruchu powietrza w pomieszczeniu co dodatkowo obni\u017cy jego temperatur\u0119 i pozwoli na efektywniejsze ch\u0142odzenie jeszcze wi\u0119kszej przestrzeni, r\u00f3wnomiernie rozprowadzaj\u0105c po nim wytworzony wiatr. <strong>K\u0105t obrotu wentylatora to a\u017c 45\u00b0 w lewo oraz w prawo<\/strong>. <\/p>\n<p><img loading=\"lazy\" decoding=\"async\" src=\"\/data\/include\/cms\/.product\/3\/3\/1033\/12.jpg\" alt=\"Wentylator stoj\u0105cy SF-2019 Plus zdalnie sterowany\" width=\"768\" height=\"480\" \/><\/p>\n<h2>P\u0142ynna regulacja a\u017c do 130 cm wysoko\u015bci<\/h2>\n<p><strong>Wentylator Stoj\u0105cy \u0141ucznik SF 2019 Plus <\/strong>w ka\u017cdym momencie mo\u017cesz ustawi\u0107 na dowolnej, odpowiedniej dla siebie wysoko\u015bci dzi\u0119ki <strong>teleskopowo wysuwanej podstawie <\/strong>umo\u017cliwiaj\u0105cej jego p\u0142ynne podnoszenie i obni\u017canie. Z \u0142atwo\u015bci\u0105 sch\u0142odzisz si\u0119 zar\u00f3wno stoj\u0105c przy kuchennym blacie podczas przygotowywania obiadu, odpoczywaj\u0105c na kanapie jak i le\u017c\u0105c na \u0142\u00f3\u017cku.<\/p>\n<p><img loading=\"lazy\" decoding=\"async\" src=\"\/data\/include\/cms\/.product\/3\/3\/1033\/16.jpg\" alt=\"Wentylator stoj\u0105cy SF-2019 Plus zdalnie sterowany\" width=\"768\" height=\"480\" \/> <\/p>\n<h2>Bezpieczna konstrukcja z szerokimi \u015bmig\u0142ami os\u0142oni\u0119tymi<\/h2>\n<p>Aby <strong>bezpiecze\u0144stwo Ciebie oraz Twoich bliskich<\/strong> by\u0142o jak najwi\u0119ksze, \u015bmig\u0142a wentylatora zabezpieczone s\u0105 os\u0142on\u0105 w postaci metalowej siatki. <strong>Stabilna konstrukcja<\/strong> nie pozwoli za to na jego nieopatrzne przewr\u00f3cenie podczas weso\u0142ych zabaw Twoich dzieci czy wnuk\u00f3w.<\/p>\n<p><img loading=\"lazy\" decoding=\"async\" src=\"\/data\/include\/cms\/.product\/3\/3\/1033\/20.jpg\" alt=\"Wentylator stoj\u0105cy SF-2019 Plus zdalnie sterowany\" width=\"768\" height=\"480\" \/><\/p>\n<h2>Stylowy i nowoczesny design<\/h2>\n<p><strong>Nie spos\u00f3b pomin\u0105\u0107, \u017ce Wentylator Stoj\u0105cy \u0141ucznik SF 2019 Plus <\/strong>\u015bwietnie wpasuje si\u0119 w wystr\u00f3j Twojego domu dzi\u0119ki niezwykle estetycznemu, eleganckiemu designowi w czarnym odcieniu.<\/p>\n<p> <img loading=\"lazy\" decoding=\"async\" src=\"\/data\/include\/cms\/.product\/3\/3\/1033\/2.jpg\" alt=\"Wentylator stoj\u0105cy SF-2019 Plus zdalnie sterowany\" width=\"768\" height=\"480\" \/><\/p>\n<h2>24 miesi\u0105ce gwarancji producenta<\/h2>\n<p><strong>Wentylator <\/strong>posiada 24-miesi\u0119czn\u0105 gwarancj\u0119 oraz instrukcj\u0119 w j\u0119zyku polskim i angielskim, z kt\u00f3r\u0105 nale\u017cy zapozna\u0107 si\u0119 przed rozpocz\u0119ciem jego u\u017cytkowania.<\/p>\n","protected":false},"excerpt":{"rendered":"<p>Idealny wentylator do domu i biura. 3 pr\u0119dko\u015bci nawiewu. 2 tryby pracy. 130 cm wysoko\u015bci. 40 cm \u015brednicy. Zakres obrotu 90\u00b0 (lewo-prawo).<\/p>\n","protected":false},"featured_media":12932,"comment_status":"open","ping_status":"closed","template":"","meta":[],"product_brand":[],"product_cat":[638],"product_tag":[],"class_list":{"0":"post-12010","1":"product","2":"type-product","3":"status-publish","4":"has-post-thumbnail","6":"product_cat-wentylatory","8":"first","9":"instock","10":"taxable","11":"shipping-taxable","12":"purchasable","13":"product-type-simple"},"_links":{"self":[{"href":"https:\/\/gltestm.webology.pl\/pl\/wp-json\/wp\/v2\/product\/12010","targetHints":{"allow":["GET"]}}],"collection":[{"href":"https:\/\/gltestm.webology.pl\/pl\/wp-json\/wp\/v2\/product"}],"about":[{"href":"https:\/\/gltestm.webology.pl\/pl\/wp-json\/wp\/v2\/types\/product"}],"replies":[{"embeddable":true,"href":"https:\/\/gltestm.webology.pl\/pl\/wp-json\/wp\/v2\/comments?post=12010"}],"version-history":[{"count":0,"href":"https:\/\/gltestm.webology.pl\/pl\/wp-json\/wp\/v2\/product\/12010\/revisions"}],"wp:featuredmedia":[{"embeddable":true,"href":"https:\/\/gltestm.webology.pl\/pl\/wp-json\/wp\/v2\/media\/12932"}],"wp:attachment":[{"href":"https:\/\/gltestm.webology.pl\/pl\/wp-json\/wp\/v2\/media?parent=12010"}],"wp:term":[{"taxonomy":"product_brand","embeddable":true,"href":"https:\/\/gltestm.webology.pl\/pl\/wp-json\/wp\/v2\/product_brand?post=12010"},{"taxonomy":"product_cat","embeddable":true,"href":"https:\/\/gltestm.webology.pl\/pl\/wp-json\/wp\/v2\/product_cat?post=12010"},{"taxonomy":"product_tag","embeddable":true,"href":"https:\/\/gltestm.webology.pl\/pl\/wp-json\/wp\/v2\/product_tag?post=12010"}],"curies":[{"name":"wp","href":"https:\/\/api.w.org\/{rel}","templated":true}]}}