{"id":12008,"date":"2026-03-18T22:04:20","date_gmt":"2026-03-18T21:04:20","guid":{"rendered":"https:\/\/gltestm.webology.pl\/produkt\/suszarka-do-wlosow-hd-212-satin-premium\/"},"modified":"2026-03-22T22:11:08","modified_gmt":"2026-03-22T21:11:08","slug":"suszarka-do-wlosow-hd-212-satin-premium","status":"publish","type":"product","link":"https:\/\/gltestm.webology.pl\/pl\/produkt\/suszarka-do-wlosow-hd-212-satin-premium\/","title":{"rendered":"Suszarka do w\u0142os\u00f3w HD-212 Satin Premium"},"content":{"rendered":"<h2>Suszarka do w\u0142os\u00f3w \u0141ucznik HD &#8211; 212<\/h2>\n<p><strong>Niewielka<\/strong> suszarka do w\u0142os\u00f3w bardzo przydaje si\u0119 podczas wszelkich <strong>podr\u00f3\u017cy<\/strong> &#8211; krajoznawczych wypad\u00f3w z przyjaci\u00f3\u0142mi, s\u0142u\u017cbowych wyjazd\u00f3w i dalekich wycieczek. Warto j\u0105 mie\u0107 r\u00f3wnie\u017c w torbie sportowej wybieraj\u0105c si\u0119 na basen, si\u0142owni\u0119 lub innego rodzaju trening sportowy.<\/p>\n<h2>Najwa\u017cniejsze cechy<\/h2>\n<ul>\n<li>Maksymalna moc: 1200 W<\/li>\n<li>2 pr\u0119dko\u015bci nadmuch<\/li>\n<li>Sk\u0142adana r\u0105czka<\/li>\n<li>Niewielkie rozmiary i niska waga<\/li>\n<li>Koncentrator w zestawie<\/li>\n<li>Funkcjonalny uchwyt to odwieszania suszarki<\/li>\n<\/ul>\n<h2>Kompaktowe rozmiary i niewielka waga<\/h2>\n<p><strong>Kompaktowa<\/strong> suszarka do w\u0142os\u00f3w \u0141ucznik HD &#8211; 212 idealnie nadaje si\u0119 do tego, by spakowa\u0107 j\u0105 do walizki, podr\u00f3\u017cnej torby czy plecaka. Dzi\u0119ki <strong>niewielkiej wadze<\/strong> i <strong>ma\u0142emu rozmiarowi<\/strong> nie zajmie du\u017co miejsca przeznaczonego na inne baga\u017ce.<\/p>\n<h2>Sk\u0142adana r\u0105czka<\/h2>\n<p>Suszarka \u0141ucznik HD &#8211; 212 posiada r\u00f3wnie\u017c <strong>sk\u0142adan\u0105<\/strong> <strong>r\u0105czk\u0119<\/strong>, kt\u00f3ra umo\u017cliwi komfortowe wsuni\u0119cie jej do kieszeni plecaka lub torby sportowej.<\/p>\n<h2>2 pr\u0119dko\u015bci nadmuch i 1200 W mocy<\/h2>\n<p>W tym modelu do wyboru dost\u0119pne s\u0105 <strong>2 pr\u0119dko\u015bci nadmuchu<\/strong>, kt\u00f3re pozwalaj\u0105 dostosowa\u0107 moc suszenia do bie\u017c\u0105cych potrzeb. Maksymalna moc suszarki do a\u017c <strong>1200 W<\/strong>. Niezale\u017cnie czy potrzebujesz wymodelowa\u0107 w\u0142osy po umyciu, czy pomagasz wyschn\u0105\u0107 sukience, wypranej po starciu z lodami &#8211; suszarka \u0141ucznik HD &#8211; 212 zawsze spe\u0142ni swoje zadanie.<\/p>\n<h2>Koncentrator powietrza u\u0142atwi modelowanie<\/h2>\n<p>Suszarka \u0141ucznik HD &#8211; 212 wyposa\u017cona jest r\u00f3wnie\u017c w <strong>koncentrator<\/strong> <strong>powietrza<\/strong>, kt\u00f3ry u\u0142atwia <strong>modelowanie<\/strong> fryzury i kierowanie strumienia gor\u0105cego powietrza w okre\u015blony punkt.<\/p>\n<h2>Stylowa i funkcjonalna konstrukcja<\/h2>\n<p>Bardzo stylowy i komfortowy design obudowy suszarki sprawia, \u017ce korzystanie z niej jest prawdziw\u0105 przyjemno\u015bci\u0105. Po sko\u0144czonej pacy z \u0142atwo\u015bci\u0105 umie\u015bcisz suszark\u0119 HD &#8211; 212 na wieszaku b\u0105d\u017a haczyku za pomoc\u0105 <strong>uchwytu<\/strong> do zawieszania umieszczonego w r\u0105czce.<\/p>\n<h2>24-miesi\u0119czna gwarancja<\/h2>\n<p>Suszarka posiada <strong>24-miesi\u0119czn\u0105 gwarancj\u0119<\/strong> oraz instrukcj\u0119 w j\u0119zyku polskim, z kt\u00f3r\u0105 nale\u017cy zapozna\u0107 si\u0119 przed rozpocz\u0119ciem jej u\u017cytkowania.<\/p>\n","protected":false},"excerpt":{"rendered":"<p>Kompaktowa, turystyczna suszarka do w\u0142os\u00f3w wyposa\u017cona w koncentrator powietrza. Ma\u0142a, sk\u0142adana konstrukcja. Moc: 1200 W.<\/p>\n","protected":false},"featured_media":12929,"comment_status":"open","ping_status":"closed","template":"","meta":[],"product_brand":[],"product_cat":[678],"product_tag":[],"class_list":{"0":"post-12008","1":"product","2":"type-product","3":"status-publish","4":"has-post-thumbnail","6":"product_cat-suszarki-do-wlosow","8":"first","9":"instock","10":"taxable","11":"shipping-taxable","12":"purchasable","13":"product-type-simple"},"_links":{"self":[{"href":"https:\/\/gltestm.webology.pl\/pl\/wp-json\/wp\/v2\/product\/12008","targetHints":{"allow":["GET"]}}],"collection":[{"href":"https:\/\/gltestm.webology.pl\/pl\/wp-json\/wp\/v2\/product"}],"about":[{"href":"https:\/\/gltestm.webology.pl\/pl\/wp-json\/wp\/v2\/types\/product"}],"replies":[{"embeddable":true,"href":"https:\/\/gltestm.webology.pl\/pl\/wp-json\/wp\/v2\/comments?post=12008"}],"version-history":[{"count":0,"href":"https:\/\/gltestm.webology.pl\/pl\/wp-json\/wp\/v2\/product\/12008\/revisions"}],"wp:featuredmedia":[{"embeddable":true,"href":"https:\/\/gltestm.webology.pl\/pl\/wp-json\/wp\/v2\/media\/12929"}],"wp:attachment":[{"href":"https:\/\/gltestm.webology.pl\/pl\/wp-json\/wp\/v2\/media?parent=12008"}],"wp:term":[{"taxonomy":"product_brand","embeddable":true,"href":"https:\/\/gltestm.webology.pl\/pl\/wp-json\/wp\/v2\/product_brand?post=12008"},{"taxonomy":"product_cat","embeddable":true,"href":"https:\/\/gltestm.webology.pl\/pl\/wp-json\/wp\/v2\/product_cat?post=12008"},{"taxonomy":"product_tag","embeddable":true,"href":"https:\/\/gltestm.webology.pl\/pl\/wp-json\/wp\/v2\/product_tag?post=12008"}],"curies":[{"name":"wp","href":"https:\/\/api.w.org\/{rel}","templated":true}]}}