{"id":12006,"date":"2026-03-18T22:04:20","date_gmt":"2026-03-18T21:04:20","guid":{"rendered":"https:\/\/gltestm.webology.pl\/produkt\/elektryczny-zarnowy-mlynek-do-kawy-cg-2019\/"},"modified":"2026-03-22T22:11:08","modified_gmt":"2026-03-22T21:11:08","slug":"elektryczny-zarnowy-mlynek-do-kawy-cg-2019","status":"publish","type":"product","link":"https:\/\/gltestm.webology.pl\/pl\/produkt\/elektryczny-zarnowy-mlynek-do-kawy-cg-2019\/","title":{"rendered":"Elektryczny \u017carnowy m\u0142ynek do kawy CG-2019"},"content":{"rendered":"<h2><strong>Elektryczny \u017carnowy m\u0142ynek do kawy \u0141ucznik CG-2019 &#8211; zosta\u0144 barist\u0105 w swoim domu!<strong><br \/><\/strong><\/strong><\/h2>\n<p>Z <strong>m\u0142ynkiem do kawy \u0141ucznik CG-2019<\/strong> przygotujesz kaw\u0119 idealn\u0105 &#8211; dok\u0142adnie tak\u0105 jak lubisz. Grubo\u015b\u0107 mielenia odpowiednia do r\u00f3\u017cnego rodzaju metodom parzenia kawy: zar\u00f3wno tradycyjnym, jak i parzeniu w ekspresach ci\u015bnieniowych, przelewowych oraz alternatywnych. French Press? Chemex? Drip? Aeropress? \u017baden problem! Osiemnastostopniowa gradacja mielenia umo\u017cliwi Ci dob\u00f3r odpowiedniej wielko\u015bci drobinek kawy do Twojego ulubionego sposobu parzenia i da okazj\u0119 do szalonych eksperyment\u00f3w z r\u00f3\u017cnymi rodzajami kaw z ca\u0142ego \u015bwiata. Niewa\u017cne czy masz ochot\u0119 na podw\u00f3jne espresso, na klasyczn\u0105 czarn\u0105 kaw\u0119 przelewow\u0105 czy na aksamitne latte &#8211; z \u0142atwo\u015bci\u0105 odpowiednio przygotujesz swoj\u0105 kaw\u0119 do zaparzenia.<\/p>\n<p><strong>M\u0142ynek do Kawy \u0141ucznik CG-2019<\/strong> to urz\u0105dzenie dla naprawd\u0119 wymagaj\u0105cych pasjonat\u00f3w kawy. Pozwala na profesjonalne zmielenie kawy pod r\u00f3\u017cnorodne sposoby parzenia daj\u0105c do wyboru a\u017c <strong>18 stopni gradacji mielenia<\/strong>. Wygodne pokr\u0119t\u0142o w czytelny spos\u00f3b informuje jakiemu sposobowi parzenia odpowiadaj\u0105 poszczeg\u00f3lne stopnie zmielenia kawy.<\/p>\n<p>Metalowy mechanizm \u017carnowy daje pewno\u015b\u0107 dok\u0142adnego i skutecznego dzia\u0142ania w ka\u017cdych warunkach dzi\u0119ki swojej precyzji oraz wytrzyma\u0142o\u015bci stanie si\u0119 \u015bwiadkiem niezliczonych spotka\u0144 przy kawie z przyjaci\u00f3\u0142mi oraz rze\u015bkich porank\u00f3w.<\/p>\n<p><span><strong>M\u0142ynek do Kawy \u0141ucznik CG-2019<\/strong> posiada <strong>inteligentny system dozowania<\/strong>, dzi\u0119ki kt\u00f3remu precyzyjnie przygotujesz odmierzon\u0105 kaw\u0119 dla kilku os\u00f3b &#8211; nawet <strong>do 14 fili\u017canek<\/strong>. Nie straszne Ci \u017cadne rodzinne uroczysto\u015bci ani niespodziewane odwiedziny znajomych. Tym bardziej, \u017ce pojemno\u015b\u0107 jego komory na zmielon\u0105 kaw\u0119 pozwala zmie\u015bci\u0107 a\u017c<strong> 240 g <\/strong>kawy<strong>. <\/strong>Sam hopper na ziarna mie\u015bci ich<strong> 95 g<\/strong>. M\u0142ynek \u0141ucznik <strong>CG-2019<\/strong> jest r\u00f3wnie\u017c energooszcz\u0119dny i oszcz\u0119dzaj\u0105c nam zb\u0119dnego zachodu <strong>automatycznie wy\u0142\u0105cza si\u0119 po sko\u0144czonej pracy<\/strong>. <\/span><\/p>\n<p><span><strong>M\u0142ynek do Kawy \u0141ucznik CG-2019<\/strong> prezentuje si\u0119 <strong>stylowo i profesjonalnie<\/strong> na ka\u017cdym blacie kuchennym. Jego <strong>antypo\u015blizgowe n\u00f3\u017cki<\/strong> na spodzie zabezpieczaj\u0105 urz\u0105dzenie przed przypadkowym przesuni\u0119ciem. M\u00f3wi\u0105c o bezpiecze\u0144stwie, warto wspomnie\u0107, \u017ce m\u0142ynek ten <strong>posiada certyfikat TUI<\/strong> &#8211; dzi\u0119ki temu oznaczeniu mo\u017cemy by\u0107 pewni, \u017ce urz\u0105dzenie zosta\u0142o kompleksowo przebadane pod wzgl\u0119dem elektrycznym, mechanicznym, toksycznym, a nawet termicznym i radiologicznym. Sprawdzono r\u00f3wnie\u017c jego odporno\u015b\u0107 na nacisk, elektryczne w\u0142a\u015bciwo\u015bci izolacyjne i inne czynniki kt\u00f3re bezpo\u015brednio wp\u0142ywaj\u0105 na bezpiecze\u0144stwo u\u017cytkownika podczas pracy.<\/span><\/p>\n<p><span><strong>M\u0142ynek do Kawy \u0141ucznik CG-2019<\/strong> posiada dwuletni\u0105 gwarancj\u0119 oraz instrukcj\u0119 w j\u0119zyku polskim, z kt\u00f3r\u0105 nale\u017cy zapozna\u0107 si\u0119 przed przyst\u0105pieniem do jego u\u017cytkowania.<\/span><\/p>\n","protected":false},"excerpt":{"rendered":"<p>Z m\u0142ynkiem do kawy \u0141ucznik CG-2019 przygotujesz kaw\u0119 idealn\u0105 &#8211; dok\u0142adnie tak\u0105 jak lubisz. Grubo\u015b\u0107 mielenia odpowiada r\u00f3\u017cnym rodzajom metod parzenia kawy: tradycyjnym, w ekspresach ci\u015bnieniowych, przelewowych oraz alternatywnych<\/p>\n","protected":false},"featured_media":13553,"comment_status":"open","ping_status":"closed","template":"","meta":[],"product_brand":[],"product_cat":[588],"product_tag":[],"class_list":{"0":"post-12006","1":"product","2":"type-product","3":"status-publish","4":"has-post-thumbnail","6":"product_cat-mlynki","8":"first","9":"instock","10":"taxable","11":"shipping-taxable","12":"purchasable","13":"product-type-simple"},"_links":{"self":[{"href":"https:\/\/gltestm.webology.pl\/pl\/wp-json\/wp\/v2\/product\/12006","targetHints":{"allow":["GET"]}}],"collection":[{"href":"https:\/\/gltestm.webology.pl\/pl\/wp-json\/wp\/v2\/product"}],"about":[{"href":"https:\/\/gltestm.webology.pl\/pl\/wp-json\/wp\/v2\/types\/product"}],"replies":[{"embeddable":true,"href":"https:\/\/gltestm.webology.pl\/pl\/wp-json\/wp\/v2\/comments?post=12006"}],"version-history":[{"count":0,"href":"https:\/\/gltestm.webology.pl\/pl\/wp-json\/wp\/v2\/product\/12006\/revisions"}],"wp:featuredmedia":[{"embeddable":true,"href":"https:\/\/gltestm.webology.pl\/pl\/wp-json\/wp\/v2\/media\/13553"}],"wp:attachment":[{"href":"https:\/\/gltestm.webology.pl\/pl\/wp-json\/wp\/v2\/media?parent=12006"}],"wp:term":[{"taxonomy":"product_brand","embeddable":true,"href":"https:\/\/gltestm.webology.pl\/pl\/wp-json\/wp\/v2\/product_brand?post=12006"},{"taxonomy":"product_cat","embeddable":true,"href":"https:\/\/gltestm.webology.pl\/pl\/wp-json\/wp\/v2\/product_cat?post=12006"},{"taxonomy":"product_tag","embeddable":true,"href":"https:\/\/gltestm.webology.pl\/pl\/wp-json\/wp\/v2\/product_tag?post=12006"}],"curies":[{"name":"wp","href":"https:\/\/api.w.org\/{rel}","templated":true}]}}