{"id":12004,"date":"2026-03-18T22:04:19","date_gmt":"2026-03-18T21:04:19","guid":{"rendered":"https:\/\/gltestm.webology.pl\/produkt\/oslonka-na-palce-do-maszyn-mini-i-lena\/"},"modified":"2026-03-22T21:54:26","modified_gmt":"2026-03-22T20:54:26","slug":"oslonka-na-palce-do-maszyn-mini-i-lena","status":"publish","type":"product","link":"https:\/\/gltestm.webology.pl\/pl\/produkt\/oslonka-na-palce-do-maszyn-mini-i-lena\/","title":{"rendered":"Os\u0142onka na palce do Maszyn Mini i Lena"},"content":{"rendered":"<p><strong>Cz\u0119\u015b\u0107 zamienna do maszyn do szycia \u0141ucznik Mini i Lena &#8211; os\u0142onka na palce<\/strong><\/p>\n<p>Os\u0142onka na palce w modelu Mini oraz Lena montowana jest do umieszczonego na maszynie uchwytu.<\/p>\n","protected":false},"excerpt":{"rendered":"<p>Cz\u0119\u015b\u0107 zamienna do maszyn do szycia \u0141ucznik Mini i Lena<\/p>\n","protected":false},"featured_media":14675,"comment_status":"open","ping_status":"closed","template":"","meta":[],"product_brand":[],"product_cat":[548],"product_tag":[],"class_list":{"0":"post-12004","1":"product","2":"type-product","3":"status-publish","4":"has-post-thumbnail","6":"product_cat-oslonki-na-palce","8":"first","9":"instock","10":"taxable","11":"shipping-taxable","12":"purchasable","13":"product-type-simple"},"_links":{"self":[{"href":"https:\/\/gltestm.webology.pl\/pl\/wp-json\/wp\/v2\/product\/12004","targetHints":{"allow":["GET"]}}],"collection":[{"href":"https:\/\/gltestm.webology.pl\/pl\/wp-json\/wp\/v2\/product"}],"about":[{"href":"https:\/\/gltestm.webology.pl\/pl\/wp-json\/wp\/v2\/types\/product"}],"replies":[{"embeddable":true,"href":"https:\/\/gltestm.webology.pl\/pl\/wp-json\/wp\/v2\/comments?post=12004"}],"version-history":[{"count":0,"href":"https:\/\/gltestm.webology.pl\/pl\/wp-json\/wp\/v2\/product\/12004\/revisions"}],"wp:featuredmedia":[{"embeddable":true,"href":"https:\/\/gltestm.webology.pl\/pl\/wp-json\/wp\/v2\/media\/14675"}],"wp:attachment":[{"href":"https:\/\/gltestm.webology.pl\/pl\/wp-json\/wp\/v2\/media?parent=12004"}],"wp:term":[{"taxonomy":"product_brand","embeddable":true,"href":"https:\/\/gltestm.webology.pl\/pl\/wp-json\/wp\/v2\/product_brand?post=12004"},{"taxonomy":"product_cat","embeddable":true,"href":"https:\/\/gltestm.webology.pl\/pl\/wp-json\/wp\/v2\/product_cat?post=12004"},{"taxonomy":"product_tag","embeddable":true,"href":"https:\/\/gltestm.webology.pl\/pl\/wp-json\/wp\/v2\/product_tag?post=12004"}],"curies":[{"name":"wp","href":"https:\/\/api.w.org\/{rel}","templated":true}]}}