{"id":12002,"date":"2026-03-18T22:04:19","date_gmt":"2026-03-18T21:04:19","guid":{"rendered":"https:\/\/gltestm.webology.pl\/produkt\/trzpien-na-nici-do-maszyny-mini\/"},"modified":"2026-03-22T21:54:25","modified_gmt":"2026-03-22T20:54:25","slug":"trzpien-na-nici-do-maszyny-mini","status":"publish","type":"product","link":"https:\/\/gltestm.webology.pl\/pl\/produkt\/trzpien-na-nici-do-maszyny-mini\/","title":{"rendered":"Trzpie\u0144 na nici do Maszyny Mini"},"content":{"rendered":"<p><strong>Trzpie\u0144 na ni\u0107 do maszyny do szycia dla dzieci \u0141ucznik Mini<\/strong><\/p>\n<p><strong>Drobne, wyjmowane elementy<\/strong> maj\u0105 tendencj\u0119 do znikania w niewyja\u015bnionych okoliczno\u015bciach &#8211; zw\u0142aszcza w dzieci\u0119cym pokoju. Prawdopodobnie podziewaj\u0105 si\u0119 tam, gdzie wszystkie brakuj\u0105ce puzzle, klocki i buciki lalek Barbie&#8230; Dlatego lepiej jest mie\u0107 takich cz\u0119\u015bci kilka w zapasie. <\/p>\n<p><strong>Trzpie\u0144 na nici<\/strong> pozwala na zamontowanie szpulki pionowo w maszynie w taki spos\u00f3b, by nie pl\u0105ta\u0142a si\u0119, pozostawa\u0142a w miejscu, odpowiednio przechodzi\u0142a przez prowadniki i posiada\u0142a prawid\u0142owe napr\u0119\u017cenie. <\/p>\n<p>Ten element pasuje do <a href=\"https:\/\/galerialucznik.pl\/pl\/menu\/dla-dzieci\/maszyny-dla-dzieci-687.html\" target=\"_blank\" rel=\"noopener\"><strong>maszyny do szycia dla dzieci<\/strong> <\/a><strong>\u0141ucznik Mini<\/strong>. <\/p>\n","protected":false},"excerpt":{"rendered":"<p>Wyjmowana podstawa na nici montowana w obudowie modelu \u0141ucznik Mini<\/p>\n","protected":false},"featured_media":14241,"comment_status":"open","ping_status":"closed","template":"","meta":[],"product_brand":[],"product_cat":[508],"product_tag":[],"class_list":{"0":"post-12002","1":"product","2":"type-product","3":"status-publish","4":"has-post-thumbnail","6":"product_cat-trzpienie-do-maszyn","8":"first","9":"instock","10":"taxable","11":"shipping-taxable","12":"purchasable","13":"product-type-simple"},"_links":{"self":[{"href":"https:\/\/gltestm.webology.pl\/pl\/wp-json\/wp\/v2\/product\/12002","targetHints":{"allow":["GET"]}}],"collection":[{"href":"https:\/\/gltestm.webology.pl\/pl\/wp-json\/wp\/v2\/product"}],"about":[{"href":"https:\/\/gltestm.webology.pl\/pl\/wp-json\/wp\/v2\/types\/product"}],"replies":[{"embeddable":true,"href":"https:\/\/gltestm.webology.pl\/pl\/wp-json\/wp\/v2\/comments?post=12002"}],"version-history":[{"count":0,"href":"https:\/\/gltestm.webology.pl\/pl\/wp-json\/wp\/v2\/product\/12002\/revisions"}],"wp:featuredmedia":[{"embeddable":true,"href":"https:\/\/gltestm.webology.pl\/pl\/wp-json\/wp\/v2\/media\/14241"}],"wp:attachment":[{"href":"https:\/\/gltestm.webology.pl\/pl\/wp-json\/wp\/v2\/media?parent=12002"}],"wp:term":[{"taxonomy":"product_brand","embeddable":true,"href":"https:\/\/gltestm.webology.pl\/pl\/wp-json\/wp\/v2\/product_brand?post=12002"},{"taxonomy":"product_cat","embeddable":true,"href":"https:\/\/gltestm.webology.pl\/pl\/wp-json\/wp\/v2\/product_cat?post=12002"},{"taxonomy":"product_tag","embeddable":true,"href":"https:\/\/gltestm.webology.pl\/pl\/wp-json\/wp\/v2\/product_tag?post=12002"}],"curies":[{"name":"wp","href":"https:\/\/api.w.org\/{rel}","templated":true}]}}