{"id":12000,"date":"2026-03-18T22:04:18","date_gmt":"2026-03-18T21:04:18","guid":{"rendered":"https:\/\/gltestm.webology.pl\/produkt\/filtr-do-odkurzacza-lucznik-op-2018\/"},"modified":"2026-03-22T22:11:08","modified_gmt":"2026-03-22T21:11:08","slug":"filtr-do-odkurzacza-lucznik-op-2018","status":"publish","type":"product","link":"https:\/\/gltestm.webology.pl\/pl\/produkt\/filtr-do-odkurzacza-lucznik-op-2018\/","title":{"rendered":"Filtr do odkurzacza \u0141ucznik OP-2018"},"content":{"rendered":"<h2><span>Zesp\u00f3\u0142 zmywalnego filtra do odkurzaczy \u0141ucznik OP-2018<\/span><\/h2>\n<p><span>Standardowy zesp\u00f3\u0142 wymiennego filtra pasuj\u0105cy do modelu odkurzacza pionowego OP-2018. Zaleca si\u0119 wymian\u0119 filtra co <strong>3 miesi\u0105ce u\u017cytkowania<\/strong>. W przypadku nieefektywnego dzia\u0142ania odkurzacza nale\u017cy <strong>oczy\u015bci\u0107 wod\u0105 oba filtry<\/strong> i pozostawi\u0107 do ca\u0142kowitego wyschni\u0119cia. <\/span><\/p>\n<h2><span>Zesp\u00f3\u0142 filtra sk\u0142ada si\u0119 z:<\/span><\/h2>\n<ul>\n<li><span>zewn\u0119trzny filtr <\/span><span><strong>siatkowy<\/strong> \u2014 zatrzymuje<\/span><span> piasek oraz wi\u0119ksze zanieczyszczenia<\/span><\/li>\n<li><span>wewn\u0119trzny filtr <\/span><span><strong>tkaninowy<\/strong> \u2014 zatrzymuje<\/span><span> drobne zanieczyszczenia<\/span><\/li>\n<\/ul>\n<p><span>Uwaga \u2014 do<\/span><span> prawid\u0142owego dzia\u0142ania odkurzacza wymagane jest <strong>u\u017cycie kompletnego zespo\u0142u filtra<\/strong> (2 filtr\u00f3w jednocze\u015bnie). Brak jednego z filtr\u00f3w mo\u017ce doprowadzi\u0107 do uszkodzenia odkurzacza.<\/span><\/p>\n","protected":false},"excerpt":{"rendered":"<p>Zesp\u00f3\u0142 filtra pasuj\u0105cy do odkurzacza \u0141ucznik OP-2018<\/p>\n","protected":false},"featured_media":14179,"comment_status":"open","ping_status":"closed","template":"","meta":[],"product_brand":[],"product_cat":[628],"product_tag":[],"class_list":{"0":"post-12000","1":"product","2":"type-product","3":"status-publish","4":"has-post-thumbnail","6":"product_cat-odkurzacze","8":"first","9":"instock","10":"taxable","11":"shipping-taxable","12":"purchasable","13":"product-type-simple"},"_links":{"self":[{"href":"https:\/\/gltestm.webology.pl\/pl\/wp-json\/wp\/v2\/product\/12000","targetHints":{"allow":["GET"]}}],"collection":[{"href":"https:\/\/gltestm.webology.pl\/pl\/wp-json\/wp\/v2\/product"}],"about":[{"href":"https:\/\/gltestm.webology.pl\/pl\/wp-json\/wp\/v2\/types\/product"}],"replies":[{"embeddable":true,"href":"https:\/\/gltestm.webology.pl\/pl\/wp-json\/wp\/v2\/comments?post=12000"}],"version-history":[{"count":0,"href":"https:\/\/gltestm.webology.pl\/pl\/wp-json\/wp\/v2\/product\/12000\/revisions"}],"wp:featuredmedia":[{"embeddable":true,"href":"https:\/\/gltestm.webology.pl\/pl\/wp-json\/wp\/v2\/media\/14179"}],"wp:attachment":[{"href":"https:\/\/gltestm.webology.pl\/pl\/wp-json\/wp\/v2\/media?parent=12000"}],"wp:term":[{"taxonomy":"product_brand","embeddable":true,"href":"https:\/\/gltestm.webology.pl\/pl\/wp-json\/wp\/v2\/product_brand?post=12000"},{"taxonomy":"product_cat","embeddable":true,"href":"https:\/\/gltestm.webology.pl\/pl\/wp-json\/wp\/v2\/product_cat?post=12000"},{"taxonomy":"product_tag","embeddable":true,"href":"https:\/\/gltestm.webology.pl\/pl\/wp-json\/wp\/v2\/product_tag?post=12000"}],"curies":[{"name":"wp","href":"https:\/\/api.w.org\/{rel}","templated":true}]}}