{"id":11999,"date":"2026-03-18T22:04:18","date_gmt":"2026-03-18T21:04:18","guid":{"rendered":"https:\/\/gltestm.webology.pl\/produkt\/kabel-do-pedala-do-maszyny-do-szycia-u-118\/"},"modified":"2026-03-22T22:11:08","modified_gmt":"2026-03-22T21:11:08","slug":"kabel-do-pedala-do-maszyny-do-szycia-u-118","status":"publish","type":"product","link":"https:\/\/gltestm.webology.pl\/pl\/produkt\/kabel-do-pedala-do-maszyny-do-szycia-u-118\/","title":{"rendered":"Kabel do peda\u0142a do maszyny do szycia U-118"},"content":{"rendered":"<p>Przew\u00f3d przy\u0142\u0105czeniowy typ 11-1 przeznaczony jest do po\u0142\u0105czenia silnika TUR2 maszyny szyj\u0105cej z regulatorem obrotu U118 i gniazdem pr\u0105du 230V<\/p>\n<p>Wsp\u00f3\u0142pracuje z silnikami typu: KN4, ASM. <\/p>\n<p>Pasuje do maszyn \u0141ucznik:  kl. 400, 700, 800<\/p>\n","protected":false},"excerpt":{"rendered":"<p>Kabel pasuj\u0105cy do regulatora no\u017cnego model U-118 .<\/p>\n","protected":false},"featured_media":15398,"comment_status":"open","ping_status":"closed","template":"","meta":[],"product_brand":[],"product_cat":[478],"product_tag":[],"class_list":{"0":"post-11999","1":"product","2":"type-product","3":"status-publish","4":"has-post-thumbnail","6":"product_cat-pedaly-do-maszyn-i-regulatory-obrotow","8":"first","9":"instock","10":"taxable","11":"shipping-taxable","12":"purchasable","13":"product-type-simple"},"_links":{"self":[{"href":"https:\/\/gltestm.webology.pl\/pl\/wp-json\/wp\/v2\/product\/11999","targetHints":{"allow":["GET"]}}],"collection":[{"href":"https:\/\/gltestm.webology.pl\/pl\/wp-json\/wp\/v2\/product"}],"about":[{"href":"https:\/\/gltestm.webology.pl\/pl\/wp-json\/wp\/v2\/types\/product"}],"replies":[{"embeddable":true,"href":"https:\/\/gltestm.webology.pl\/pl\/wp-json\/wp\/v2\/comments?post=11999"}],"version-history":[{"count":0,"href":"https:\/\/gltestm.webology.pl\/pl\/wp-json\/wp\/v2\/product\/11999\/revisions"}],"wp:featuredmedia":[{"embeddable":true,"href":"https:\/\/gltestm.webology.pl\/pl\/wp-json\/wp\/v2\/media\/15398"}],"wp:attachment":[{"href":"https:\/\/gltestm.webology.pl\/pl\/wp-json\/wp\/v2\/media?parent=11999"}],"wp:term":[{"taxonomy":"product_brand","embeddable":true,"href":"https:\/\/gltestm.webology.pl\/pl\/wp-json\/wp\/v2\/product_brand?post=11999"},{"taxonomy":"product_cat","embeddable":true,"href":"https:\/\/gltestm.webology.pl\/pl\/wp-json\/wp\/v2\/product_cat?post=11999"},{"taxonomy":"product_tag","embeddable":true,"href":"https:\/\/gltestm.webology.pl\/pl\/wp-json\/wp\/v2\/product_tag?post=11999"}],"curies":[{"name":"wp","href":"https:\/\/api.w.org\/{rel}","templated":true}]}}