{"id":11995,"date":"2026-03-18T22:04:17","date_gmt":"2026-03-18T21:04:17","guid":{"rendered":"https:\/\/gltestm.webology.pl\/produkt\/noz-dolny-do-overlocka\/"},"modified":"2026-03-22T22:11:08","modified_gmt":"2026-03-22T21:11:08","slug":"noz-dolny-do-overlocka","status":"publish","type":"product","link":"https:\/\/gltestm.webology.pl\/pl\/produkt\/noz-dolny-do-overlocka\/","title":{"rendered":"N\u00f3\u017c dolny do Overlocka"},"content":{"rendered":"<p><strong>N\u00f3\u017c dolny do overlocka<\/strong><\/p>\n<p>N\u00f3\u017c dolny pasuj\u0105cy do overlok\u00f3w 820D5 i 720D4 marki \u0141ucznik<\/p>\n","protected":false},"excerpt":{"rendered":"<p>N\u00f3\u017c dolny pasuj\u0105cy do overlok\u00f3w 820D5 i 720D4 marki \u0141ucznik<\/p>\n","protected":false},"featured_media":13149,"comment_status":"open","ping_status":"closed","template":"","meta":[],"product_brand":[],"product_cat":[498],"product_tag":[],"class_list":{"0":"post-11995","1":"product","2":"type-product","3":"status-publish","4":"has-post-thumbnail","6":"product_cat-noze-do-overlockow","8":"first","9":"instock","10":"taxable","11":"shipping-taxable","12":"purchasable","13":"product-type-simple"},"_links":{"self":[{"href":"https:\/\/gltestm.webology.pl\/pl\/wp-json\/wp\/v2\/product\/11995","targetHints":{"allow":["GET"]}}],"collection":[{"href":"https:\/\/gltestm.webology.pl\/pl\/wp-json\/wp\/v2\/product"}],"about":[{"href":"https:\/\/gltestm.webology.pl\/pl\/wp-json\/wp\/v2\/types\/product"}],"replies":[{"embeddable":true,"href":"https:\/\/gltestm.webology.pl\/pl\/wp-json\/wp\/v2\/comments?post=11995"}],"version-history":[{"count":0,"href":"https:\/\/gltestm.webology.pl\/pl\/wp-json\/wp\/v2\/product\/11995\/revisions"}],"wp:featuredmedia":[{"embeddable":true,"href":"https:\/\/gltestm.webology.pl\/pl\/wp-json\/wp\/v2\/media\/13149"}],"wp:attachment":[{"href":"https:\/\/gltestm.webology.pl\/pl\/wp-json\/wp\/v2\/media?parent=11995"}],"wp:term":[{"taxonomy":"product_brand","embeddable":true,"href":"https:\/\/gltestm.webology.pl\/pl\/wp-json\/wp\/v2\/product_brand?post=11995"},{"taxonomy":"product_cat","embeddable":true,"href":"https:\/\/gltestm.webology.pl\/pl\/wp-json\/wp\/v2\/product_cat?post=11995"},{"taxonomy":"product_tag","embeddable":true,"href":"https:\/\/gltestm.webology.pl\/pl\/wp-json\/wp\/v2\/product_tag?post=11995"}],"curies":[{"name":"wp","href":"https:\/\/api.w.org\/{rel}","templated":true}]}}