{"id":11992,"date":"2026-03-18T22:04:16","date_gmt":"2026-03-18T21:04:16","guid":{"rendered":"https:\/\/gltestm.webology.pl\/produkt\/prowadnik-krawedziowy\/"},"modified":"2026-03-22T21:53:54","modified_gmt":"2026-03-22T20:53:54","slug":"prowadnik-krawedziowy","status":"publish","type":"product","link":"https:\/\/gltestm.webology.pl\/pl\/produkt\/prowadnik-krawedziowy\/","title":{"rendered":"Prowadnik kraw\u0119dziowy"},"content":{"rendered":"<p>Prowadnik kraw\u0119dziowy u\u0142atwia szycie r\u00f3wnoleg\u0142e oraz w okre\u015blonej odleg\u0142o\u015bci od kraw\u0119dzi. \u015awietnie nadaje si\u0119 tak\u017ce do wykonywania pikowania np. kurtek, kamizelek, narzut czy kocyk\u00f3w. To doskona\u0142e narz\u0119dzie przy wykonywaniu patchworku. D\u0142ugo\u015b\u0107 prowadnika do maszyny do szycia wynosi 6 cm. Mimo ma\u0142ych rozmiar\u00f3w to akcesorium jest wyj\u0105tkowo przydatne i zapewnia wysok\u0105 precyzj\u0119.\n<\/p>\n<h2>\u0141atwy monta\u017c i u\u017cywanie &#8211; gad\u017cet dla ka\u017cdego!<br \/>\n<\/h2>\n<p>Prowadnik do maszyny do szycia jest niezwykle prosty w monta\u017cu &#8211; aby go u\u017cy\u0107, wetknij jego d\u0142u\u017cszy koniec w odpowiedni otw\u00f3r znajduj\u0105cy si\u0119 w uchwycie stopki, od prawej, tylnej strony uchwytu Matic na lewo. Proponowany przez nas prowadnik do pikowania jest kompatybilny z uchwytami Matic. Oznacza to, \u017ce pasuje do wszystkich modeli maszyn do szycia marki \u0141ucznik z obecnej oferty. Ka\u017cdy mo\u017ce go u\u017cywa\u0107, zar\u00f3wno pocz\u0105tkuj\u0105cy, jak i do\u015bwiadczeni.\n<\/p>\n<h2>Wygodna pomoc w pikowaniu<br \/>\n<\/h2>\n<p>Co istotne, prowadnik do maszyny do szycia nie musi by\u0107 demontowany podczas wykonywania innych prac, np. zwyk\u0142ego zszywania &#8211; mo\u017cna go odchyli\u0107. To wygodne rozwi\u0105zanie, kt\u00f3re sprawia, \u017ce nie trzeba przejmowa\u0107 si\u0119 zak\u0142adaniem i zdejmowaniem akcesoria. W ka\u017cdej chwili mo\u017cna wykorzysta\u0107 jego mo\u017cliwo\u015bci. Istnieje wiele przydatnych gad\u017cet\u00f3w, kt\u00f3re mog\u0105 pom\u00f3c w pracach krawieckich. Warto si\u0119 w nie zaopatrzy\u0107, nawet je\u017celi b\u0119d\u0105 u\u017cywane jedynie raz na jaki\u015b czas. Nieu\u017cywany, zamontowany prowadnik na maszynie do szycia nie sprawia \u017cadnych problem\u00f3w i nie wchodzi w drog\u0119 &#8211; a kiedy b\u0119dzie potrzebny, jest pod r\u0119k\u0105!<\/p>\n","protected":false},"excerpt":{"rendered":"<p>Prowadnik u\u0142atwiaj\u0105cy pikowanie pasuj\u0105cy do wszystkich uchwyt\u00f3w Matic<\/p>\n","protected":false},"featured_media":13805,"comment_status":"open","ping_status":"closed","template":"","meta":[],"product_brand":[],"product_cat":[528],"product_tag":[],"class_list":{"0":"post-11992","1":"product","2":"type-product","3":"status-publish","4":"has-post-thumbnail","6":"product_cat-prowadniki","8":"first","9":"instock","10":"taxable","11":"shipping-taxable","12":"purchasable","13":"product-type-simple"},"_links":{"self":[{"href":"https:\/\/gltestm.webology.pl\/pl\/wp-json\/wp\/v2\/product\/11992","targetHints":{"allow":["GET"]}}],"collection":[{"href":"https:\/\/gltestm.webology.pl\/pl\/wp-json\/wp\/v2\/product"}],"about":[{"href":"https:\/\/gltestm.webology.pl\/pl\/wp-json\/wp\/v2\/types\/product"}],"replies":[{"embeddable":true,"href":"https:\/\/gltestm.webology.pl\/pl\/wp-json\/wp\/v2\/comments?post=11992"}],"version-history":[{"count":0,"href":"https:\/\/gltestm.webology.pl\/pl\/wp-json\/wp\/v2\/product\/11992\/revisions"}],"wp:featuredmedia":[{"embeddable":true,"href":"https:\/\/gltestm.webology.pl\/pl\/wp-json\/wp\/v2\/media\/13805"}],"wp:attachment":[{"href":"https:\/\/gltestm.webology.pl\/pl\/wp-json\/wp\/v2\/media?parent=11992"}],"wp:term":[{"taxonomy":"product_brand","embeddable":true,"href":"https:\/\/gltestm.webology.pl\/pl\/wp-json\/wp\/v2\/product_brand?post=11992"},{"taxonomy":"product_cat","embeddable":true,"href":"https:\/\/gltestm.webology.pl\/pl\/wp-json\/wp\/v2\/product_cat?post=11992"},{"taxonomy":"product_tag","embeddable":true,"href":"https:\/\/gltestm.webology.pl\/pl\/wp-json\/wp\/v2\/product_tag?post=11992"}],"curies":[{"name":"wp","href":"https:\/\/api.w.org\/{rel}","templated":true}]}}