{"id":11988,"date":"2026-03-18T22:04:15","date_gmt":"2026-03-18T21:04:15","guid":{"rendered":"https:\/\/gltestm.webology.pl\/produkt\/docisk-gniazda-niski\/"},"modified":"2026-03-22T22:09:29","modified_gmt":"2026-03-22T21:09:29","slug":"docisk-gniazda-niski","status":"publish","type":"product","link":"https:\/\/gltestm.webology.pl\/pl\/produkt\/docisk-gniazda-niski\/","title":{"rendered":"Docisk gniazda Niski"},"content":{"rendered":"<h2>Docisk gniazda <\/h2>\n<p>Docisk gniazda to element przytrzymuj\u0105cy mechanizm chwytacza maszyny do szycia. Pasuje do maszyn do szycia \u0141ucznik: Ewa II 2014, Milena 419, Milena II 419, Karina 910, Weronika 2008, Weronika II 2008, Kornelia 2004, Zofia I 2015, Diana 417, Olga 418 i innych.<\/p>\n<p>Pasuje r\u00f3wnie\u017c do maszyn \u0141ucznik Klasy 400 oraz 700.<\/p>\n<p>Zestaw zawiera sam docisk bez kompletu \u015brub oraz spr\u0119\u017cyn. <\/p>\n<p>Nie pasuje do maszyny Laura 555, Zofia II 2015 oraz Natalia 2007.<\/p>\n","protected":false},"excerpt":{"rendered":"<p>Docisk gniazda niski &#8211; prawy i lewy.<\/p>\n","protected":false},"featured_media":14931,"comment_status":"open","ping_status":"closed","template":"","meta":[],"product_brand":[],"product_cat":[483],"product_tag":[],"class_list":{"0":"post-11988","1":"product","2":"type-product","3":"status-publish","4":"has-post-thumbnail","6":"product_cat-kosze-gniazda-i-dociski","8":"first","9":"instock","10":"sale","11":"taxable","12":"shipping-taxable","13":"purchasable","14":"product-type-simple"},"_links":{"self":[{"href":"https:\/\/gltestm.webology.pl\/pl\/wp-json\/wp\/v2\/product\/11988","targetHints":{"allow":["GET"]}}],"collection":[{"href":"https:\/\/gltestm.webology.pl\/pl\/wp-json\/wp\/v2\/product"}],"about":[{"href":"https:\/\/gltestm.webology.pl\/pl\/wp-json\/wp\/v2\/types\/product"}],"replies":[{"embeddable":true,"href":"https:\/\/gltestm.webology.pl\/pl\/wp-json\/wp\/v2\/comments?post=11988"}],"version-history":[{"count":0,"href":"https:\/\/gltestm.webology.pl\/pl\/wp-json\/wp\/v2\/product\/11988\/revisions"}],"wp:featuredmedia":[{"embeddable":true,"href":"https:\/\/gltestm.webology.pl\/pl\/wp-json\/wp\/v2\/media\/14931"}],"wp:attachment":[{"href":"https:\/\/gltestm.webology.pl\/pl\/wp-json\/wp\/v2\/media?parent=11988"}],"wp:term":[{"taxonomy":"product_brand","embeddable":true,"href":"https:\/\/gltestm.webology.pl\/pl\/wp-json\/wp\/v2\/product_brand?post=11988"},{"taxonomy":"product_cat","embeddable":true,"href":"https:\/\/gltestm.webology.pl\/pl\/wp-json\/wp\/v2\/product_cat?post=11988"},{"taxonomy":"product_tag","embeddable":true,"href":"https:\/\/gltestm.webology.pl\/pl\/wp-json\/wp\/v2\/product_tag?post=11988"}],"curies":[{"name":"wp","href":"https:\/\/api.w.org\/{rel}","templated":true}]}}