{"id":11984,"date":"2026-03-18T22:04:14","date_gmt":"2026-03-18T21:04:14","guid":{"rendered":"https:\/\/gltestm.webology.pl\/produkt\/gniazdo-kosza-lucznik-kl-466\/"},"modified":"2026-03-22T21:53:05","modified_gmt":"2026-03-22T20:53:05","slug":"gniazdo-kosza-lucznik-kl-466","status":"publish","type":"product","link":"https:\/\/gltestm.webology.pl\/pl\/produkt\/gniazdo-kosza-lucznik-kl-466\/","title":{"rendered":"Gniazdo kosza \u0141ucznik kl.466"},"content":{"rendered":"<p><strong>Gniazdo kosza pasuj\u0105ce do modeli \u0141ucznik kl. 466.432 . <\/strong><\/p>\n<p>Jest to samo gniazdo bez kosza g\u0142\u00f3wnego. <\/p>\n","protected":false},"excerpt":{"rendered":"<p>Gniazdo kosza pasuj\u0105ce do modelu kl 466\/432<\/p>\n","protected":false},"featured_media":14666,"comment_status":"open","ping_status":"closed","template":"","meta":[],"product_brand":[],"product_cat":[483],"product_tag":[],"class_list":{"0":"post-11984","1":"product","2":"type-product","3":"status-publish","4":"has-post-thumbnail","6":"product_cat-kosze-gniazda-i-dociski","8":"first","9":"instock","10":"taxable","11":"shipping-taxable","12":"purchasable","13":"product-type-simple"},"_links":{"self":[{"href":"https:\/\/gltestm.webology.pl\/pl\/wp-json\/wp\/v2\/product\/11984","targetHints":{"allow":["GET"]}}],"collection":[{"href":"https:\/\/gltestm.webology.pl\/pl\/wp-json\/wp\/v2\/product"}],"about":[{"href":"https:\/\/gltestm.webology.pl\/pl\/wp-json\/wp\/v2\/types\/product"}],"replies":[{"embeddable":true,"href":"https:\/\/gltestm.webology.pl\/pl\/wp-json\/wp\/v2\/comments?post=11984"}],"version-history":[{"count":0,"href":"https:\/\/gltestm.webology.pl\/pl\/wp-json\/wp\/v2\/product\/11984\/revisions"}],"wp:featuredmedia":[{"embeddable":true,"href":"https:\/\/gltestm.webology.pl\/pl\/wp-json\/wp\/v2\/media\/14666"}],"wp:attachment":[{"href":"https:\/\/gltestm.webology.pl\/pl\/wp-json\/wp\/v2\/media?parent=11984"}],"wp:term":[{"taxonomy":"product_brand","embeddable":true,"href":"https:\/\/gltestm.webology.pl\/pl\/wp-json\/wp\/v2\/product_brand?post=11984"},{"taxonomy":"product_cat","embeddable":true,"href":"https:\/\/gltestm.webology.pl\/pl\/wp-json\/wp\/v2\/product_cat?post=11984"},{"taxonomy":"product_tag","embeddable":true,"href":"https:\/\/gltestm.webology.pl\/pl\/wp-json\/wp\/v2\/product_tag?post=11984"}],"curies":[{"name":"wp","href":"https:\/\/api.w.org\/{rel}","templated":true}]}}