{"id":11982,"date":"2026-03-18T22:04:14","date_gmt":"2026-03-18T21:04:14","guid":{"rendered":"https:\/\/gltestm.webology.pl\/produkt\/bebenek-do-maszyn-przemyslowych-scieg-zygzak\/"},"modified":"2026-03-22T21:53:03","modified_gmt":"2026-03-22T20:53:03","slug":"bebenek-do-maszyn-przemyslowych-scieg-zygzak","status":"publish","type":"product","link":"https:\/\/gltestm.webology.pl\/pl\/produkt\/bebenek-do-maszyn-przemyslowych-scieg-zygzak\/","title":{"rendered":"B\u0119benek do maszyn przemys\u0142owych &#8211; \u015acieg zygzak"},"content":{"rendered":"<p><strong>B\u0119benek Maszyny KL86- Pasuje do Maszyn Przemys\u0142owych z Rotakiem na Zygzak<\/strong><\/p>\n<p><strong>Pasuje do maszyn<\/strong><\/p>\n<ul>\n<li><span><span>maszyna do szycia Brother TZ1-B652, XL2005, XL4001, XL5001, XL622, XL702, XL703<\/span><\/span><\/li>\n<li><span><span>maszyna do szycia Sinegr <span>20U, 20U12, 20U13, 20U31, 20U33<\/span><\/span><\/span><\/li>\n<\/ul>\n","protected":false},"excerpt":{"rendered":"<p>B\u0119benek pasuj\u0105cy do maszyn przemys\u0142owych, przy u\u017cyciu \u015bciegu zygzak.<\/p>\n","protected":false},"featured_media":13628,"comment_status":"open","ping_status":"closed","template":"","meta":[],"product_brand":[],"product_cat":[473],"product_tag":[],"class_list":{"0":"post-11982","1":"product","2":"type-product","3":"status-publish","4":"has-post-thumbnail","6":"product_cat-bebenki","8":"first","9":"instock","10":"taxable","11":"shipping-taxable","12":"purchasable","13":"product-type-simple"},"_links":{"self":[{"href":"https:\/\/gltestm.webology.pl\/pl\/wp-json\/wp\/v2\/product\/11982","targetHints":{"allow":["GET"]}}],"collection":[{"href":"https:\/\/gltestm.webology.pl\/pl\/wp-json\/wp\/v2\/product"}],"about":[{"href":"https:\/\/gltestm.webology.pl\/pl\/wp-json\/wp\/v2\/types\/product"}],"replies":[{"embeddable":true,"href":"https:\/\/gltestm.webology.pl\/pl\/wp-json\/wp\/v2\/comments?post=11982"}],"version-history":[{"count":0,"href":"https:\/\/gltestm.webology.pl\/pl\/wp-json\/wp\/v2\/product\/11982\/revisions"}],"wp:featuredmedia":[{"embeddable":true,"href":"https:\/\/gltestm.webology.pl\/pl\/wp-json\/wp\/v2\/media\/13628"}],"wp:attachment":[{"href":"https:\/\/gltestm.webology.pl\/pl\/wp-json\/wp\/v2\/media?parent=11982"}],"wp:term":[{"taxonomy":"product_brand","embeddable":true,"href":"https:\/\/gltestm.webology.pl\/pl\/wp-json\/wp\/v2\/product_brand?post=11982"},{"taxonomy":"product_cat","embeddable":true,"href":"https:\/\/gltestm.webology.pl\/pl\/wp-json\/wp\/v2\/product_cat?post=11982"},{"taxonomy":"product_tag","embeddable":true,"href":"https:\/\/gltestm.webology.pl\/pl\/wp-json\/wp\/v2\/product_tag?post=11982"}],"curies":[{"name":"wp","href":"https:\/\/api.w.org\/{rel}","templated":true}]}}