{"id":11981,"date":"2026-03-18T22:04:13","date_gmt":"2026-03-18T21:04:13","guid":{"rendered":"https:\/\/gltestm.webology.pl\/produkt\/bebenek-z-wycieciem-do-stebnowki\/"},"modified":"2026-03-22T21:53:03","modified_gmt":"2026-03-22T20:53:03","slug":"bebenek-z-wycieciem-do-stebnowki","status":"publish","type":"product","link":"https:\/\/gltestm.webology.pl\/pl\/produkt\/bebenek-z-wycieciem-do-stebnowki\/","title":{"rendered":"B\u0119benek z wyci\u0119ciem do st\u0119bn\u00f3wki"},"content":{"rendered":"<p><strong>B\u0119benek do st\u0119bn\u00f3wki ze standardowym chwytaczem poziomym.<\/strong><\/p>\n<p><strong>Pasuje do wi\u0119kszo\u015bci st\u0119bn\u00f3wek z transportem dolnym<\/strong>.<\/p>\n<p><span><br \/>Pasuje do modeli maszyn do szycia:<\/span><\/p>\n<p><strong>Brother:<\/strong><br \/><span>B714, B721-3, B722-003, B722-103, B722-203, B722-303, B722-403, B722-503, B722-603, B722-703, B722-803, B722-903, B735, DB2-B201, DB2-B622, DB2-B716, DB2-B736, DB2-B737, DB2-B737-MK2, DB2-B738, DB2-B755, DB2-B755MKIII, DB2-B756, DB2-B757, DB2-B758, DB2-B760, DB2-B763, DB2-B767-5, DB2-B780, DB2-B781, DB2-B790, DB2-B7910, PQ1500 <\/span><\/p>\n<p><strong>Janome (NewHome):<\/strong><br \/><span>701, 702, 703, 704, 705, 706, 707, 708, 709, 710, 761, 762, 763, 764, 765<\/span><\/p>\n<p><strong>Juki:<\/strong><br \/><span>DDL-227, DDL-555, DDL-5530, DL-5550<\/span><\/p>\n<p><strong>Singer:<\/strong><br \/><span>1300, 1400W, 188K, 188K1, 191, 195, 195K, 241, 241-11, 241-12, 241-13, 245, 251, 281, 281-1, 281-3, 281-21, 291U, 331K, 366K, 400W, 451K, 491, 600W, 660A, 660W, 701-710, 761-765, 95, 96, 96CL<\/span><\/p>\n<p><span><strong>Pfaff:<\/strong><br \/>130,133,134,138,230,232,234,238,260,300,331,332,333,335,-H2,337-734,341,343,360,430,432,433,434,437,438,439,461,-900,462,-900,464,-900,465,-900,466,-900,<br \/>467,-900,468,-900,480,482,-900,483,-900,484,-900,485,-900,486,-900,487,-900, 487NL,488,-900,489,-900,489NL,563NL,734,837,838,3516,3518-481-900,3518-483-900,3541,3553,3557,3563,3565,3568,3571-483-900<\/span><\/p>\n","protected":false},"excerpt":{"rendered":"<p>B\u0119benek pasuj\u0105cy do maszyn przemys\u0142owych. Pasuje do st\u0119bn\u00f3wek z funkcj\u0105 obcinania nici.<\/p>\n","protected":false},"featured_media":15490,"comment_status":"open","ping_status":"closed","template":"","meta":[],"product_brand":[],"product_cat":[473],"product_tag":[],"class_list":{"0":"post-11981","1":"product","2":"type-product","3":"status-publish","4":"has-post-thumbnail","6":"product_cat-bebenki","8":"first","9":"instock","10":"sale","11":"taxable","12":"shipping-taxable","13":"purchasable","14":"product-type-simple"},"_links":{"self":[{"href":"https:\/\/gltestm.webology.pl\/pl\/wp-json\/wp\/v2\/product\/11981","targetHints":{"allow":["GET"]}}],"collection":[{"href":"https:\/\/gltestm.webology.pl\/pl\/wp-json\/wp\/v2\/product"}],"about":[{"href":"https:\/\/gltestm.webology.pl\/pl\/wp-json\/wp\/v2\/types\/product"}],"replies":[{"embeddable":true,"href":"https:\/\/gltestm.webology.pl\/pl\/wp-json\/wp\/v2\/comments?post=11981"}],"version-history":[{"count":0,"href":"https:\/\/gltestm.webology.pl\/pl\/wp-json\/wp\/v2\/product\/11981\/revisions"}],"wp:featuredmedia":[{"embeddable":true,"href":"https:\/\/gltestm.webology.pl\/pl\/wp-json\/wp\/v2\/media\/15490"}],"wp:attachment":[{"href":"https:\/\/gltestm.webology.pl\/pl\/wp-json\/wp\/v2\/media?parent=11981"}],"wp:term":[{"taxonomy":"product_brand","embeddable":true,"href":"https:\/\/gltestm.webology.pl\/pl\/wp-json\/wp\/v2\/product_brand?post=11981"},{"taxonomy":"product_cat","embeddable":true,"href":"https:\/\/gltestm.webology.pl\/pl\/wp-json\/wp\/v2\/product_cat?post=11981"},{"taxonomy":"product_tag","embeddable":true,"href":"https:\/\/gltestm.webology.pl\/pl\/wp-json\/wp\/v2\/product_tag?post=11981"}],"curies":[{"name":"wp","href":"https:\/\/api.w.org\/{rel}","templated":true}]}}