{"id":11980,"date":"2026-03-18T22:04:13","date_gmt":"2026-03-18T21:04:13","guid":{"rendered":"https:\/\/gltestm.webology.pl\/produkt\/bebenek-do-maszyny-lucznik\/"},"modified":"2026-03-22T21:53:02","modified_gmt":"2026-03-22T20:53:02","slug":"bebenek-do-maszyny-lucznik","status":"publish","type":"product","link":"https:\/\/gltestm.webology.pl\/pl\/produkt\/bebenek-do-maszyny-lucznik\/","title":{"rendered":"B\u0119benek do maszyny \u0141ucznik"},"content":{"rendered":"<p>Uniwersalny b\u0119benek do maszyn Pasuj\u0105cy do modeli firm takich jak \u0141ucznik, Singer, Pfaff, Juki, Janome, Elna, Brother, Husqvarna. B\u0119benek pasuje do wszystkich maszyn do szycia \u0141ucznik z obecnej oferty posiadaj\u0105cych <strong>chwytacz wahad\u0142owy<\/strong>.<\/p>\n<p><strong>Szczeg\u00f3\u0142owy spis modeli : <\/strong><\/p>\n<ul>\n<li><span><span><span><span><span><span><strong>\u0141ucznik:<\/strong>  413, 414, 415, 431, 432, 438, 449, 450, 451, 455, 465, 466, 468, 653, 721, 760, 722, 723, 747, 753, 760, 761, 2000, 2001, 2002, 2003, 2004<\/span><\/span><\/span><\/span><\/span><\/span><\/li>\n<li><span><span><span><span><span><span><strong>\u0141ucznik:<\/strong> Alicja, Anna, Amelia II, Diana, Dorota, Ewa, Jagoda, Kornelia, Katarzyna, Karina, Lidia, Laura, Maria, Milena, Marta, Ola, Paulina, Teresa, Weronika, ZofiaI, Zofia II,<\/span><\/span><\/span><\/span><\/span><\/span><\/li>\n<li><span><span><span><span><span><span><strong>Singer<\/strong> 160 Limited Edition, 2009, 2639, 3962, 4116, 6518, 7256, 7258, 7412, 7422, 7424, 7426, 7430, 7436, 7442, 7444, 7462, 7463, 7464, 7466, 7467, 7468, 7469, 7469Q, 7470, 8763 Curvy, 8770, 8780 (Curvy), CE-100, CE-150, CE-200, CE-250, CE-350, SES1000 &amp; SES2000.<\/span><\/span><\/span><\/span><\/span><\/span><\/li>\n<li><span><span><span><span><span><span><strong>Singer<\/strong> 223, 237, 239, 293B, 1107, 1120, 1507, 1525, 1732, 2010 Professional, 2250, 2259, 2263, 3001, 3002, 3003, 3004, 3005, 3011, 3012, 3013, 3014, 30215, 30518, 3116 Simple, 4001, 4002, 4005, 4006, 4009, 4011, 4012, 4015, 4016, 4019, 4022, 4166, 4411 Heavy Duty, 4423 Heavy Duty, 5102, 5107, 5123, 5127, 5502, 5504, 5505, 5508, 5522, 5524, 5525, 5528, 7312, 7322, 7350, 9910, 9920, 9940, 15-30, 15-88, 15-90, 15-91, 15CL, 15-125, 15-86, 15-96, 15-97, 15-87, 227, 331K1, 331K4, 331K5, 331K6, 331K16, 31-15, Scholastic, Scholastic Plus XL1000, XL2021, XL6000.<\/span><\/span><\/span><\/span><\/span><\/span><\/li>\n<li><span><span><span><span><span><span><strong>Singer<\/strong> 1019, 1025, 1027, 1105, 1107, 1116, 116, 1120, 1130, 132, 132Q, 140Q, 1408 Prelude, 1408 Promise, 1409 Promise, 1507, 1525, 15-30, 1725, 1732, 1748, 2050, 2250, 2259, 2263, 227, 2273, 2277 Tradition, 228, 2282, 2300, 239, 3001, 3002, 3003, 3004, 3005, 3011, 3012, 3013, 3014, 3015, 30215, 30518, 3116, 3207, 3208, 3214, 3221 Simple, 3223 Simple, 3229, 3232 Simple, 324 Featherweight Plus, 324 Prelude, 3302, 3305, 3311, 4001, 4002, 4005, 4006, 4009, 4011, 4012, 4015, 4016, 4019, 4022, 5101, 5102, 5107, 5122, 5123, 5124, 5127, 5170, 5180, Sew Mate 5400, 5522, 5528, 5500 Fashion Mate, 6160 Brilliance, 6199 Brilliance, 6680, 6699, 7100, 71 Class, 8275, 8280, W764<\/span><\/span><\/span><\/span><\/span><\/span><\/li>\n<li><span><span><span><span><span><span><strong>Pfaff<\/strong> 139, 204, 205, 206, 207, 208, 209, 210, 211, 521, 541, 645, 721, 741, 1020, 1022, 1030, 1032, 1040, 1042, 4240, 4250 &amp; 4260.<\/span><\/span><\/span><\/span><\/span><\/span><\/li>\n<li><span><span><span><span><span><span><strong>Juki<\/strong> HZL-25Z, T-100, E80<\/span><\/span><\/span><\/span><\/span><\/span><\/li>\n<li><span><span><span><span><span><span><strong>Janome<\/strong> 100, 105, 106, 108, 110, 2003P, 300, 344, 372, 373, 393, 415, 419S, 423S, 436, 444, 446, 4612, 532, 535, 552, 556, 592, 609, 620, 623, 625FA, 626, 628, 640, 641, 642, 655, 656A, 656B, 657, 657A, Jem Gold 660, 670, 692, 792, 808, 844, 900, 910, 920, 980, 990, 1004, 1008, 1014, 1018, 1308, 1312, 1406, 1408, 1410, 1504, 1506, 1508, 1510, 1512, 1518, 1550, 1560, 1570, 1571, 1580, 1585, 1612, 1622, 1714, 1722, 1780, 1803, 1804, 1806, 1810, 1812, 1814, 1816, 1818, 1822, 1918, 2039, 2041, 3822, ENX24, Combi, Combi-10, HF107 &amp; Schoolmate S-3015.<\/span><\/span><\/span><\/span><\/span><\/span><\/li>\n<li><span><span><span><span><span><span><strong>Husqvarna<\/strong> 140, 160, 207, E20 Huskystar<\/span><\/span><\/span><\/span><\/span><\/span><\/li>\n<li><span><span><span><span><span><span><strong>Elna<\/strong> 110, 120, 130, 140, 149, 150, 200, 220, 225, 230, 240, 250, 255, 255i, 410, 1010, 2002, 2004, 2006, 2110, 2130.<\/span><\/span><\/span><\/span><\/span><\/span><\/li>\n<li><span><span><span><span><span><span><strong>Brother<\/strong> 268, 320, 360, 451, 461, 641, 661, 681, 666, 741, 751, 761, 1681, 7029, LS1217, LS1520, LS2125, LS2720, LS2725, LS2820, LS2825, LS2920, PE700, PE700II, PE750-D, PS1200, QC1000, Quattro 6000D, SE-270D, SE-350, SE-400, VX520, VX540, VX560, VX620, VX640, VX660, VX707, VX710, VX757, VX760, VX780, VX800, VX808, VX809, VX810, VX880, VX890, VX920, VX940, VX950, VX970, VX980, VX1010, VX1020, VX1100, VX1120, VX1125, VX1140, XL1351, XL1561, XL1781, XL2010, XL2015, XL2021, XL2025, XL2030, XL711, XL781, XL791, XL851, XR29, XR23, Innovis 500D, 900D, 1000, 1500D, 2500D, 2800D, 4000D, 4000LTD, Duetta 4500D, 4500 Cuetta<\/span><\/span><\/span><\/span><\/span><\/span><\/li>\n<li><span><span><span><span><span><span><strong>Bernina<\/strong> Deco 330, 340<\/span><\/span><\/span><\/span><\/span><\/span><\/li>\n<\/ul>\n","protected":false},"excerpt":{"rendered":"<p>Uniwersalny b\u0119benek do maszyny do szycia wyposa\u017conej w chwytacz wahad\u0142owy \u2014 \u0141ucznik, Pfaff, Singer, Janome, Juki, Husqvarna, Elna, Brother.<\/p>\n","protected":false},"featured_media":15109,"comment_status":"open","ping_status":"closed","template":"","meta":[],"product_brand":[],"product_cat":[473],"product_tag":[],"class_list":{"0":"post-11980","1":"product","2":"type-product","3":"status-publish","4":"has-post-thumbnail","6":"product_cat-bebenki","8":"first","9":"instock","10":"taxable","11":"shipping-taxable","12":"purchasable","13":"product-type-simple"},"_links":{"self":[{"href":"https:\/\/gltestm.webology.pl\/pl\/wp-json\/wp\/v2\/product\/11980","targetHints":{"allow":["GET"]}}],"collection":[{"href":"https:\/\/gltestm.webology.pl\/pl\/wp-json\/wp\/v2\/product"}],"about":[{"href":"https:\/\/gltestm.webology.pl\/pl\/wp-json\/wp\/v2\/types\/product"}],"replies":[{"embeddable":true,"href":"https:\/\/gltestm.webology.pl\/pl\/wp-json\/wp\/v2\/comments?post=11980"}],"version-history":[{"count":0,"href":"https:\/\/gltestm.webology.pl\/pl\/wp-json\/wp\/v2\/product\/11980\/revisions"}],"wp:featuredmedia":[{"embeddable":true,"href":"https:\/\/gltestm.webology.pl\/pl\/wp-json\/wp\/v2\/media\/15109"}],"wp:attachment":[{"href":"https:\/\/gltestm.webology.pl\/pl\/wp-json\/wp\/v2\/media?parent=11980"}],"wp:term":[{"taxonomy":"product_brand","embeddable":true,"href":"https:\/\/gltestm.webology.pl\/pl\/wp-json\/wp\/v2\/product_brand?post=11980"},{"taxonomy":"product_cat","embeddable":true,"href":"https:\/\/gltestm.webology.pl\/pl\/wp-json\/wp\/v2\/product_cat?post=11980"},{"taxonomy":"product_tag","embeddable":true,"href":"https:\/\/gltestm.webology.pl\/pl\/wp-json\/wp\/v2\/product_tag?post=11980"}],"curies":[{"name":"wp","href":"https:\/\/api.w.org\/{rel}","templated":true}]}}