{"id":11979,"date":"2026-03-18T22:04:12","date_gmt":"2026-03-18T21:04:12","guid":{"rendered":"https:\/\/gltestm.webology.pl\/produkt\/pasek-klinowy-410\/"},"modified":"2026-03-22T21:52:55","modified_gmt":"2026-03-22T20:52:55","slug":"pasek-klinowy-410","status":"publish","type":"product","link":"https:\/\/gltestm.webology.pl\/pl\/produkt\/pasek-klinowy-410\/","title":{"rendered":"Pasek Klinowy 410"},"content":{"rendered":"<p>Pasek nap\u0119dowy 410 do maszyn szwalniczych. Produkt wykonany z bardzo wysokiej jako\u015bci materia\u0142u. Pas klinowy tego typu w maszynach LZ-3 z silnikiem 120 wat.<\/p>\n<p><strong>Wymiary paska:<\/strong> 5 x 3 x 410 mm<br \/><strong>D\u0142ugo\u015b\u0107 paska:<\/strong> 410 mm<\/p>\n","protected":false},"excerpt":{"rendered":"<p>Pasek nap\u0119dowy o wymiarze 5x3x410<\/p>\n","protected":false},"featured_media":15859,"comment_status":"open","ping_status":"closed","template":"","meta":[],"product_brand":[],"product_cat":[488],"product_tag":[],"class_list":{"0":"post-11979","1":"product","2":"type-product","3":"status-publish","4":"has-post-thumbnail","6":"product_cat-paski-klinowe","8":"first","9":"instock","10":"taxable","11":"shipping-taxable","12":"purchasable","13":"product-type-simple"},"_links":{"self":[{"href":"https:\/\/gltestm.webology.pl\/pl\/wp-json\/wp\/v2\/product\/11979","targetHints":{"allow":["GET"]}}],"collection":[{"href":"https:\/\/gltestm.webology.pl\/pl\/wp-json\/wp\/v2\/product"}],"about":[{"href":"https:\/\/gltestm.webology.pl\/pl\/wp-json\/wp\/v2\/types\/product"}],"replies":[{"embeddable":true,"href":"https:\/\/gltestm.webology.pl\/pl\/wp-json\/wp\/v2\/comments?post=11979"}],"version-history":[{"count":0,"href":"https:\/\/gltestm.webology.pl\/pl\/wp-json\/wp\/v2\/product\/11979\/revisions"}],"wp:featuredmedia":[{"embeddable":true,"href":"https:\/\/gltestm.webology.pl\/pl\/wp-json\/wp\/v2\/media\/15859"}],"wp:attachment":[{"href":"https:\/\/gltestm.webology.pl\/pl\/wp-json\/wp\/v2\/media?parent=11979"}],"wp:term":[{"taxonomy":"product_brand","embeddable":true,"href":"https:\/\/gltestm.webology.pl\/pl\/wp-json\/wp\/v2\/product_brand?post=11979"},{"taxonomy":"product_cat","embeddable":true,"href":"https:\/\/gltestm.webology.pl\/pl\/wp-json\/wp\/v2\/product_cat?post=11979"},{"taxonomy":"product_tag","embeddable":true,"href":"https:\/\/gltestm.webology.pl\/pl\/wp-json\/wp\/v2\/product_tag?post=11979"}],"curies":[{"name":"wp","href":"https:\/\/api.w.org\/{rel}","templated":true}]}}