{"id":11977,"date":"2026-03-18T22:04:12","date_gmt":"2026-03-18T21:04:12","guid":{"rendered":"https:\/\/gltestm.webology.pl\/produkt\/pasek-klinowy-315\/"},"modified":"2026-03-22T21:52:53","modified_gmt":"2026-03-22T20:52:53","slug":"pasek-klinowy-315","status":"publish","type":"product","link":"https:\/\/gltestm.webology.pl\/pl\/produkt\/pasek-klinowy-315\/","title":{"rendered":"Pasek Klinowy 315"},"content":{"rendered":"<p>Sprawne dzia\u0142anie maszyny do szycia jest zale\u017cne od wielu czynnik\u00f3w i element\u00f3w. Jednym z najwa\u017cniejszych, bez kt\u00f3rych praca jest niemo\u017cliwa, jest pasek nap\u0119dowy. To niezb\u0119dna cz\u0119\u015b\u0107 urz\u0105dzenia, i tak jak inne, mo\u017ce ulega\u0107 zniszczeniu oraz potrzebowa\u0107 wymiany. W naszej ofercie mo\u017cna znale\u017a\u0107 modele dopasowane idealnie do naszych maszyn. Ich u\u017cywanie to gwarancja bezawaryjnego i p\u0142ynnego dzia\u0142ania nap\u0119du. Przedstawiamy doskona\u0142y przyk\u0142ad wysokiej jako\u015bci, trwa\u0142ej cz\u0119\u015bci: pasek do maszyny do szycia \u0141ucznik 451 i innych.\n<\/p>\n<p>Pasek klinowy 315 \u0141ucznik kl. 400\/700. Pasuje do silnik\u00f3w typu: TUR2, KN4bs, KN4a, ASN oraz wielu innych. To oznacza, \u017ce to odpowiedni pasek do maszyny do szycia \u0141ucznik 451, 466, 465, 444, 723, 747, 738, oraz 723.\n<\/p>\n<p>Produkt wykonany z mocnego materia\u0142u, doskonale dostosowany do pracy w domowej maszynie. Modele pask\u00f3w nap\u0119dowych r\u00f3\u017cni\u0105 si\u0119 d\u0142ugo\u015bci\u0105 obwodu. Kiedy pojawia si\u0119 potrzeba wymiany tego elementu, wa\u017cne jest, aby dok\u0142adnie ustali\u0107 potrzebne parametry. Pasek klinowy 315 \u0141ucznik wyr\u00f3\u017cnia si\u0119 przede wszystkim trwa\u0142o\u015bci\u0105 i jako\u015bci\u0105 wykonania.\n<\/p>\n<p>Wymiary paska: 5 x 3 x 315 mm\n<\/p>\n<p>D\u0142ugo\u015b\u0107 paska: 315 mm<\/p>\n","protected":false},"excerpt":{"rendered":"<p>Pasek nap\u0119dowy o wymiarze 3 x 5 x 315 mm<\/p>\n","protected":false},"featured_media":13558,"comment_status":"open","ping_status":"closed","template":"","meta":[],"product_brand":[],"product_cat":[488],"product_tag":[],"class_list":{"0":"post-11977","1":"product","2":"type-product","3":"status-publish","4":"has-post-thumbnail","6":"product_cat-paski-klinowe","8":"first","9":"instock","10":"taxable","11":"shipping-taxable","12":"purchasable","13":"product-type-simple"},"_links":{"self":[{"href":"https:\/\/gltestm.webology.pl\/pl\/wp-json\/wp\/v2\/product\/11977","targetHints":{"allow":["GET"]}}],"collection":[{"href":"https:\/\/gltestm.webology.pl\/pl\/wp-json\/wp\/v2\/product"}],"about":[{"href":"https:\/\/gltestm.webology.pl\/pl\/wp-json\/wp\/v2\/types\/product"}],"replies":[{"embeddable":true,"href":"https:\/\/gltestm.webology.pl\/pl\/wp-json\/wp\/v2\/comments?post=11977"}],"version-history":[{"count":0,"href":"https:\/\/gltestm.webology.pl\/pl\/wp-json\/wp\/v2\/product\/11977\/revisions"}],"wp:featuredmedia":[{"embeddable":true,"href":"https:\/\/gltestm.webology.pl\/pl\/wp-json\/wp\/v2\/media\/13558"}],"wp:attachment":[{"href":"https:\/\/gltestm.webology.pl\/pl\/wp-json\/wp\/v2\/media?parent=11977"}],"wp:term":[{"taxonomy":"product_brand","embeddable":true,"href":"https:\/\/gltestm.webology.pl\/pl\/wp-json\/wp\/v2\/product_brand?post=11977"},{"taxonomy":"product_cat","embeddable":true,"href":"https:\/\/gltestm.webology.pl\/pl\/wp-json\/wp\/v2\/product_cat?post=11977"},{"taxonomy":"product_tag","embeddable":true,"href":"https:\/\/gltestm.webology.pl\/pl\/wp-json\/wp\/v2\/product_tag?post=11977"}],"curies":[{"name":"wp","href":"https:\/\/api.w.org\/{rel}","templated":true}]}}