{"id":11975,"date":"2026-03-18T22:04:11","date_gmt":"2026-03-18T21:04:11","guid":{"rendered":"https:\/\/gltestm.webology.pl\/produkt\/pasek-klinowy-290\/"},"modified":"2026-03-22T22:09:23","modified_gmt":"2026-03-22T21:09:23","slug":"pasek-klinowy-290","status":"publish","type":"product","link":"https:\/\/gltestm.webology.pl\/pl\/produkt\/pasek-klinowy-290\/","title":{"rendered":"Pasek Klinowy 290"},"content":{"rendered":"<p>Pasek nap\u0119dowy, klinowy 290 do maszyn do szycia \u0141ucznik kl. 400 pierwszej produkcji. Produkt wykonany z bardzo wysokiej jako\u015bci materia\u0142u. Pasuje do silnik\u00f3w typu: TUR2, KN4bs, KN4a, ASN oraz innych.<\/p>\n<p><strong>Wymiary paska:<\/strong> 5 x 3 x 290 mm<br \/><strong>D\u0142ugo\u015b\u0107 paska:<\/strong> 290 mm<\/p>\n","protected":false},"excerpt":{"rendered":"<p>Pasek nap\u0119dowy o wymiarze 5x3x290<\/p>\n","protected":false},"featured_media":13848,"comment_status":"open","ping_status":"closed","template":"","meta":[],"product_brand":[],"product_cat":[488],"product_tag":[],"class_list":{"0":"post-11975","1":"product","2":"type-product","3":"status-publish","4":"has-post-thumbnail","6":"product_cat-paski-klinowe","8":"first","9":"instock","10":"taxable","11":"shipping-taxable","12":"purchasable","13":"product-type-simple"},"_links":{"self":[{"href":"https:\/\/gltestm.webology.pl\/pl\/wp-json\/wp\/v2\/product\/11975","targetHints":{"allow":["GET"]}}],"collection":[{"href":"https:\/\/gltestm.webology.pl\/pl\/wp-json\/wp\/v2\/product"}],"about":[{"href":"https:\/\/gltestm.webology.pl\/pl\/wp-json\/wp\/v2\/types\/product"}],"replies":[{"embeddable":true,"href":"https:\/\/gltestm.webology.pl\/pl\/wp-json\/wp\/v2\/comments?post=11975"}],"version-history":[{"count":0,"href":"https:\/\/gltestm.webology.pl\/pl\/wp-json\/wp\/v2\/product\/11975\/revisions"}],"wp:featuredmedia":[{"embeddable":true,"href":"https:\/\/gltestm.webology.pl\/pl\/wp-json\/wp\/v2\/media\/13848"}],"wp:attachment":[{"href":"https:\/\/gltestm.webology.pl\/pl\/wp-json\/wp\/v2\/media?parent=11975"}],"wp:term":[{"taxonomy":"product_brand","embeddable":true,"href":"https:\/\/gltestm.webology.pl\/pl\/wp-json\/wp\/v2\/product_brand?post=11975"},{"taxonomy":"product_cat","embeddable":true,"href":"https:\/\/gltestm.webology.pl\/pl\/wp-json\/wp\/v2\/product_cat?post=11975"},{"taxonomy":"product_tag","embeddable":true,"href":"https:\/\/gltestm.webology.pl\/pl\/wp-json\/wp\/v2\/product_tag?post=11975"}],"curies":[{"name":"wp","href":"https:\/\/api.w.org\/{rel}","templated":true}]}}