{"id":11973,"date":"2026-03-18T22:04:11","date_gmt":"2026-03-18T21:04:11","guid":{"rendered":"https:\/\/gltestm.webology.pl\/produkt\/pedal-regulator-obrotow-do-maszyny-do-szycia-lucznik-model-u-118-1\/"},"modified":"2026-03-22T22:11:08","modified_gmt":"2026-03-22T21:11:08","slug":"pedal-regulator-obrotow-do-maszyny-do-szycia-lucznik-model-u-118-1","status":"publish","type":"product","link":"https:\/\/gltestm.webology.pl\/pl\/produkt\/pedal-regulator-obrotow-do-maszyny-do-szycia-lucznik-model-u-118-1\/","title":{"rendered":"Peda\u0142 regulator obrot\u00f3w do maszyny do szycia \u0141ucznik, model U-118\/1"},"content":{"rendered":"<h2>Regulator obrot\u00f3w do maszyny do szycia \u0141ucznik, model U-118\/1<\/h2>\n<p><strong>Regulator pr\u0119dko\u015bci szycia<\/strong> pasuj\u0105cy do <strong>maszyn \u0141ucznik<\/strong>. Steruje pr\u0119dko\u015bci\u0105 obrotow\u0105 silnik\u00f3w w <strong>maszynach do szycia<\/strong>. Uwaga, regulator obrot\u00f3w U-118\/1 to sama &#8222;stopka&#8221; &#8211; bez przewod\u00f3w zasilaj\u0105cych.<\/p>\n<p>Przew\u00f3d zasilaj\u0105cy mo\u017cna kupi\u0107 <a href=\"https:\/\/galerialucznik.pl\/pl\/products\/czesci-i-akcesoria\/czesci-zamienne-do-maszyn-do-szycia\/pedaly-do-maszyn-i-regulatory-obrotow\/kabel-do-pedala-do-maszyny-do-szycia-u-118-989.html\" target=\"_blank\" rel=\"noopener\"><strong>tutaj<\/strong><\/a>.<\/p>\n<h2><strong>Maszyny do kt\u00f3rych pasuje regulator U-118\/1<\/strong><\/h2>\n<p><strong>Maszyny \u0141ucznik<\/strong> kompatybilne z tym regulatorem:<\/p>\n<ul>\n<li>\u0141ucznik \/ Singer klasa 400<\/li>\n<li>\u0141ucznik \/ Singer klasa 700<\/li>\n<li>\u0141ucznik \/ Singer klasa 800<\/li>\n<\/ul>\n","protected":false},"excerpt":{"rendered":"<p>Regulator pr\u0119dko\u015bci szycia pasuj\u0105cy do maszyn \u0141ucznik. Steruje pr\u0119dko\u015bci\u0105 obrotow\u0105 silnik\u00f3w w maszynach do szycia.<\/p>\n","protected":false},"featured_media":13057,"comment_status":"open","ping_status":"closed","template":"","meta":[],"product_brand":[],"product_cat":[478],"product_tag":[],"class_list":{"0":"post-11973","1":"product","2":"type-product","3":"status-publish","4":"has-post-thumbnail","6":"product_cat-pedaly-do-maszyn-i-regulatory-obrotow","8":"first","9":"instock","10":"taxable","11":"shipping-taxable","12":"purchasable","13":"product-type-simple"},"_links":{"self":[{"href":"https:\/\/gltestm.webology.pl\/pl\/wp-json\/wp\/v2\/product\/11973","targetHints":{"allow":["GET"]}}],"collection":[{"href":"https:\/\/gltestm.webology.pl\/pl\/wp-json\/wp\/v2\/product"}],"about":[{"href":"https:\/\/gltestm.webology.pl\/pl\/wp-json\/wp\/v2\/types\/product"}],"replies":[{"embeddable":true,"href":"https:\/\/gltestm.webology.pl\/pl\/wp-json\/wp\/v2\/comments?post=11973"}],"version-history":[{"count":0,"href":"https:\/\/gltestm.webology.pl\/pl\/wp-json\/wp\/v2\/product\/11973\/revisions"}],"wp:featuredmedia":[{"embeddable":true,"href":"https:\/\/gltestm.webology.pl\/pl\/wp-json\/wp\/v2\/media\/13057"}],"wp:attachment":[{"href":"https:\/\/gltestm.webology.pl\/pl\/wp-json\/wp\/v2\/media?parent=11973"}],"wp:term":[{"taxonomy":"product_brand","embeddable":true,"href":"https:\/\/gltestm.webology.pl\/pl\/wp-json\/wp\/v2\/product_brand?post=11973"},{"taxonomy":"product_cat","embeddable":true,"href":"https:\/\/gltestm.webology.pl\/pl\/wp-json\/wp\/v2\/product_cat?post=11973"},{"taxonomy":"product_tag","embeddable":true,"href":"https:\/\/gltestm.webology.pl\/pl\/wp-json\/wp\/v2\/product_tag?post=11973"}],"curies":[{"name":"wp","href":"https:\/\/api.w.org\/{rel}","templated":true}]}}