{"id":11970,"date":"2026-03-18T22:04:10","date_gmt":"2026-03-18T21:04:10","guid":{"rendered":"https:\/\/gltestm.webology.pl\/produkt\/nozyk-do-wycinania\/"},"modified":"2026-03-22T21:51:58","modified_gmt":"2026-03-22T20:51:58","slug":"nozyk-do-wycinania","status":"publish","type":"product","link":"https:\/\/gltestm.webology.pl\/pl\/produkt\/nozyk-do-wycinania\/","title":{"rendered":"No\u017cyk do wycinania"},"content":{"rendered":"<h2>Przeznaczenie<\/h2>\n<p>Skalpel jest przeznaczony do wycinania skomplikowanych wzor&oacute;w z papieru, plastikowej i metalowej cienkiej folii, sk&oacute;ry i innych materia\u0142&oacute;w. Praca z no\u017cykiem jest bardzo bezpieczna. Ostrze posiada skrytk\u0119 do bezpiecznego i \u0142atwego przechowywania. Dzi\u0119ki temu specjalnemu sprz\u0119towi osi\u0105gniemy najdoskonalsze ci\u0119cia.<\/p>\n<p>Rade\u0142kowane wyko\u0144czenie r\u0119koje\u015bci sprawia, \u017ce no\u017cyk bardzo \u0142atwo si\u0119 trzyma i nie wy\u015blizguje si\u0119 z r\u0119ki.<\/p>\n<h2>Zestaw zawiera<\/h2>\n<p>12 wymiennych ostrzy 4&#215;22 mm, z ostrzami o d\u0142ugo\u015bci 7 mm, plastikowy uchwyt w kszta\u0142cie d\u0142ugopisu o \u015brednicy 0,9 cm i d\u0142ugo\u015bci 14 cm oraz \u015bruby do mocowania metalowej obudowy ostrza.<\/p>\n","protected":false},"excerpt":{"rendered":"<p>Precyzyjny n\u00f3\u017c do wycinania r\u00f3\u017cnych kszta\u0142t\u00f3w z wymiennymi ostrzami.<\/p>\n","protected":false},"featured_media":15728,"comment_status":"open","ping_status":"closed","template":"","meta":[],"product_brand":[],"product_cat":[758],"product_tag":[],"class_list":{"0":"post-11970","1":"product","2":"type-product","3":"status-publish","4":"has-post-thumbnail","6":"product_cat-noze-noze-krazkowe-i-przecinaki","8":"first","9":"instock","10":"taxable","11":"shipping-taxable","12":"purchasable","13":"product-type-simple"},"_links":{"self":[{"href":"https:\/\/gltestm.webology.pl\/pl\/wp-json\/wp\/v2\/product\/11970","targetHints":{"allow":["GET"]}}],"collection":[{"href":"https:\/\/gltestm.webology.pl\/pl\/wp-json\/wp\/v2\/product"}],"about":[{"href":"https:\/\/gltestm.webology.pl\/pl\/wp-json\/wp\/v2\/types\/product"}],"replies":[{"embeddable":true,"href":"https:\/\/gltestm.webology.pl\/pl\/wp-json\/wp\/v2\/comments?post=11970"}],"version-history":[{"count":0,"href":"https:\/\/gltestm.webology.pl\/pl\/wp-json\/wp\/v2\/product\/11970\/revisions"}],"wp:featuredmedia":[{"embeddable":true,"href":"https:\/\/gltestm.webology.pl\/pl\/wp-json\/wp\/v2\/media\/15728"}],"wp:attachment":[{"href":"https:\/\/gltestm.webology.pl\/pl\/wp-json\/wp\/v2\/media?parent=11970"}],"wp:term":[{"taxonomy":"product_brand","embeddable":true,"href":"https:\/\/gltestm.webology.pl\/pl\/wp-json\/wp\/v2\/product_brand?post=11970"},{"taxonomy":"product_cat","embeddable":true,"href":"https:\/\/gltestm.webology.pl\/pl\/wp-json\/wp\/v2\/product_cat?post=11970"},{"taxonomy":"product_tag","embeddable":true,"href":"https:\/\/gltestm.webology.pl\/pl\/wp-json\/wp\/v2\/product_tag?post=11970"}],"curies":[{"name":"wp","href":"https:\/\/api.w.org\/{rel}","templated":true}]}}