{"id":11969,"date":"2026-03-18T22:04:10","date_gmt":"2026-03-18T21:04:10","guid":{"rendered":"https:\/\/gltestm.webology.pl\/produkt\/olej-wazelinowy-do-konserwacji-maszyn-do-szycia-80-ml\/"},"modified":"2026-03-22T21:51:31","modified_gmt":"2026-03-22T20:51:31","slug":"olej-wazelinowy-do-konserwacji-maszyn-do-szycia-80-ml","status":"publish","type":"product","link":"https:\/\/gltestm.webology.pl\/pl\/produkt\/olej-wazelinowy-do-konserwacji-maszyn-do-szycia-80-ml\/","title":{"rendered":"Olej wazelinowy do konserwacji maszyn do szycia 80 ml"},"content":{"rendered":"<div>\n<div>\n<h2>Olej wazelinowy &#8211; niezast\u0105piony pomocnik w konserwacji maszyny do szycia<\/h2>\n<p>Olej wazelinowy do maszyn do szycia r\u00f3\u017cnych typ\u00f3w. U\u017cywa si\u0119 go do oliwienia precyzyjnych element\u00f3w w mechanizmie urz\u0105dze\u0144. Tworzy na powierzchni trwa\u0142\u0105 i \u015bci\u015ble przylegaj\u0105c\u0105 pow\u0142ok\u0119, kt\u00f3ra ochrania cz\u0119\u015b\u0107 sprz\u0119tu. Regularne stosowanie oleju wazelinowego do maszyn do szycia wyd\u0142u\u017ca znacz\u0105co d\u0142ugo\u015b\u0107 eksploatacji i zabezpiecza maszyny przed korozj\u0105 i utlenianiem, a tak\u017ce pomaga zniwelowa\u0107 ryzyko awarii. Zapewnij p\u0142ynne dzia\u0142anie mechanizm\u00f3w &#8211; u\u017cyj naszego efektywnego produktu.<\/p>\n<h2>Zalety naszego oleju wazelinowego<\/h2>\n<p>Smaruje i konserwuje. Jest niebrudz\u0105cy, bezbarwny i bezwonny. Pojemno\u015b\u0107 oferowanej przez nas buteleczki oleju wazelinowego do maszyn do szycia to 80 ml. Ma specjaln\u0105 nakr\u0119tk\u0119, kt\u00f3ra u\u0142atwia precyzyjne rozprowadzanie. Nale\u017cy stosowa\u0107 w temperaturze do 50\u00b0C.<\/p>\n<p>Przed u\u017cyciem przebi\u0107 ko\u0144c\u00f3wk\u0119 butelki. Po u\u017cyciu zatka\u0107 j\u0105 nak\u0142adk\u0105, aby zapobiec rozlaniu si\u0119 oleju. To proste rozwi\u0105zanie gwarantuje zachowanie czysto\u015bci podczas smarowania mechanizmu. Olej wazelinowy do maszyn do szycia to wygodne, wydajne rozwi\u0105zanie, kt\u00f3re sprawdzi si\u0119 w domowych warunkach. Nie wymaga specjalnego przygotowania ani u\u017cycia dodatkowego wyposa\u017cenia &#8211; ka\u017cdy mo\u017ce z niego skorzysta\u0107, zachowuj\u0105c zasady bezpiecze\u0144stwa wymagane przy maszynach do szycia.<\/p>\n<p><span><span><span><strong><span><span>Uwaga! Aktualnie olej jest sprzedawany w butelce z czerwona nakr\u0119tk\u0105.<\/span><\/span><\/strong><\/span><\/span><\/span><\/p>\n<\/div>\n<\/div>\n","protected":false},"excerpt":{"rendered":"<p>Olej wazelinowy nadaje si\u0119 do oliwienia mechanizm\u00f3w maszyn szyj\u0105cych wszystkich typ\u00f3w. U\u017cywa si\u0119 go do smarowania mechanizm\u00f3w, poniewa\u017c doskonale redukuje tarcie, zgrzyty oraz konserwuje i u\u0142atwia dzia\u0142anie.<\/p>\n","protected":false},"featured_media":15943,"comment_status":"open","ping_status":"closed","template":"","meta":[],"product_brand":[],"product_cat":[533],"product_tag":[],"class_list":{"0":"post-11969","1":"product","2":"type-product","3":"status-publish","4":"has-post-thumbnail","6":"product_cat-oleje-do-maszyn","8":"first","9":"instock","10":"taxable","11":"shipping-taxable","12":"purchasable","13":"product-type-simple"},"_links":{"self":[{"href":"https:\/\/gltestm.webology.pl\/pl\/wp-json\/wp\/v2\/product\/11969","targetHints":{"allow":["GET"]}}],"collection":[{"href":"https:\/\/gltestm.webology.pl\/pl\/wp-json\/wp\/v2\/product"}],"about":[{"href":"https:\/\/gltestm.webology.pl\/pl\/wp-json\/wp\/v2\/types\/product"}],"replies":[{"embeddable":true,"href":"https:\/\/gltestm.webology.pl\/pl\/wp-json\/wp\/v2\/comments?post=11969"}],"version-history":[{"count":0,"href":"https:\/\/gltestm.webology.pl\/pl\/wp-json\/wp\/v2\/product\/11969\/revisions"}],"wp:featuredmedia":[{"embeddable":true,"href":"https:\/\/gltestm.webology.pl\/pl\/wp-json\/wp\/v2\/media\/15943"}],"wp:attachment":[{"href":"https:\/\/gltestm.webology.pl\/pl\/wp-json\/wp\/v2\/media?parent=11969"}],"wp:term":[{"taxonomy":"product_brand","embeddable":true,"href":"https:\/\/gltestm.webology.pl\/pl\/wp-json\/wp\/v2\/product_brand?post=11969"},{"taxonomy":"product_cat","embeddable":true,"href":"https:\/\/gltestm.webology.pl\/pl\/wp-json\/wp\/v2\/product_cat?post=11969"},{"taxonomy":"product_tag","embeddable":true,"href":"https:\/\/gltestm.webology.pl\/pl\/wp-json\/wp\/v2\/product_tag?post=11969"}],"curies":[{"name":"wp","href":"https:\/\/api.w.org\/{rel}","templated":true}]}}