{"id":11967,"date":"2026-03-18T22:04:09","date_gmt":"2026-03-18T21:04:09","guid":{"rendered":"https:\/\/gltestm.webology.pl\/produkt\/grzybek-do-cerowania\/"},"modified":"2026-03-22T21:51:18","modified_gmt":"2026-03-22T20:51:18","slug":"grzybek-do-cerowania","status":"publish","type":"product","link":"https:\/\/gltestm.webology.pl\/pl\/produkt\/grzybek-do-cerowania\/","title":{"rendered":"Grzybek do cerowania"},"content":{"rendered":"<p><strong>Drewniany grzybek<\/strong> s\u0142u\u017cy do cerowania skarpet, ale mo\u017ce by\u0107 r\u00f3wnie\u017c u\u017cyty do dekoracji<\/p>\n<p>dzi\u0119ki g\u0142adkiej powierzchni mo\u017cna na nim malowa\u0107, lub go wyklei\u0107<\/p>\n<p>\u015brednica kapelusza: 7 cm<\/p>\n<p>d\u0142ugo\u015b\u0107 n\u00f3\u017cki: 10 cm<\/p>\n<p>d\u0142ugo\u015b\u0107 ca\u0142kowita: 13 cm<\/p>\n","protected":false},"excerpt":{"rendered":"<p>Drewniany grzybek do cerowania.<\/p>\n","protected":false},"featured_media":13968,"comment_status":"open","ping_status":"closed","template":"","meta":[],"product_brand":[],"product_cat":[773],"product_tag":[],"class_list":{"0":"post-11967","1":"product","2":"type-product","3":"status-publish","4":"has-post-thumbnail","6":"product_cat-inne-narzedzia-i-akcesoria","8":"first","9":"instock","10":"taxable","11":"shipping-taxable","12":"purchasable","13":"product-type-simple"},"_links":{"self":[{"href":"https:\/\/gltestm.webology.pl\/pl\/wp-json\/wp\/v2\/product\/11967","targetHints":{"allow":["GET"]}}],"collection":[{"href":"https:\/\/gltestm.webology.pl\/pl\/wp-json\/wp\/v2\/product"}],"about":[{"href":"https:\/\/gltestm.webology.pl\/pl\/wp-json\/wp\/v2\/types\/product"}],"replies":[{"embeddable":true,"href":"https:\/\/gltestm.webology.pl\/pl\/wp-json\/wp\/v2\/comments?post=11967"}],"version-history":[{"count":0,"href":"https:\/\/gltestm.webology.pl\/pl\/wp-json\/wp\/v2\/product\/11967\/revisions"}],"wp:featuredmedia":[{"embeddable":true,"href":"https:\/\/gltestm.webology.pl\/pl\/wp-json\/wp\/v2\/media\/13968"}],"wp:attachment":[{"href":"https:\/\/gltestm.webology.pl\/pl\/wp-json\/wp\/v2\/media?parent=11967"}],"wp:term":[{"taxonomy":"product_brand","embeddable":true,"href":"https:\/\/gltestm.webology.pl\/pl\/wp-json\/wp\/v2\/product_brand?post=11967"},{"taxonomy":"product_cat","embeddable":true,"href":"https:\/\/gltestm.webology.pl\/pl\/wp-json\/wp\/v2\/product_cat?post=11967"},{"taxonomy":"product_tag","embeddable":true,"href":"https:\/\/gltestm.webology.pl\/pl\/wp-json\/wp\/v2\/product_tag?post=11967"}],"curies":[{"name":"wp","href":"https:\/\/api.w.org\/{rel}","templated":true}]}}