{"id":11966,"date":"2026-03-18T22:04:09","date_gmt":"2026-03-18T21:04:09","guid":{"rendered":"https:\/\/gltestm.webology.pl\/produkt\/pedal-do-maszyn-elektronicznych-c-9000\/"},"modified":"2026-03-22T22:11:08","modified_gmt":"2026-03-22T21:11:08","slug":"pedal-do-maszyn-elektronicznych-c-9000","status":"publish","type":"product","link":"https:\/\/gltestm.webology.pl\/pl\/produkt\/pedal-do-maszyn-elektronicznych-c-9000\/","title":{"rendered":"Peda\u0142 do maszyn elektronicznych C-9000"},"content":{"rendered":"<h2>Regulator obrot\u00f3w C-9000<\/h2>\n<p>Regulator obrot\u00f3w (peda\u0142) u\u017cywany do kontroli szybko\u015bci szycia. Szary regulator dedykowany jest do elektronicznych maszyn do szycia \u0141ucznik. Pozwala na wygodn\u0105 i p\u0142ynn\u0105 regulacj\u0119 pr\u0119dko\u015bci szycia.<\/p>\n<p>Pasuje do modeli maszyn do szycia \u0141ucznik:<\/p>\n<ul>\n<li><strong>Malwina 2070<\/strong><\/li>\n<li><strong>Helena 2060<\/strong><\/li>\n<li><strong>Balladyna 2020<\/strong><\/li>\n<\/ul>\n<p><strong>UWAGA! <\/strong>Rozrusznik NIE posiada kabla do zasilana sieciowego.<\/p>\n","protected":false},"excerpt":{"rendered":"<p>Regulator obrot\u00f3w C-9000 do elektronicznych maszyn do szycia \u0141ucznik: Helena 2060, Malwina 2070, Balladyna 2020. Zesp\u00f3\u0142 nap\u0119dowy do elektronicznych maszyn \u0141ucznik. Steruje pr\u0119dko\u015bci\u0105 obrotow\u0105 silnik\u00f3w w maszynach do szycia.<\/p>\n","protected":false},"featured_media":14418,"comment_status":"open","ping_status":"closed","template":"","meta":[],"product_brand":[],"product_cat":[478],"product_tag":[],"class_list":{"0":"post-11966","1":"product","2":"type-product","3":"status-publish","4":"has-post-thumbnail","6":"product_cat-pedaly-do-maszyn-i-regulatory-obrotow","8":"first","9":"instock","10":"taxable","11":"shipping-taxable","12":"purchasable","13":"product-type-simple"},"_links":{"self":[{"href":"https:\/\/gltestm.webology.pl\/pl\/wp-json\/wp\/v2\/product\/11966","targetHints":{"allow":["GET"]}}],"collection":[{"href":"https:\/\/gltestm.webology.pl\/pl\/wp-json\/wp\/v2\/product"}],"about":[{"href":"https:\/\/gltestm.webology.pl\/pl\/wp-json\/wp\/v2\/types\/product"}],"replies":[{"embeddable":true,"href":"https:\/\/gltestm.webology.pl\/pl\/wp-json\/wp\/v2\/comments?post=11966"}],"version-history":[{"count":0,"href":"https:\/\/gltestm.webology.pl\/pl\/wp-json\/wp\/v2\/product\/11966\/revisions"}],"wp:featuredmedia":[{"embeddable":true,"href":"https:\/\/gltestm.webology.pl\/pl\/wp-json\/wp\/v2\/media\/14418"}],"wp:attachment":[{"href":"https:\/\/gltestm.webology.pl\/pl\/wp-json\/wp\/v2\/media?parent=11966"}],"wp:term":[{"taxonomy":"product_brand","embeddable":true,"href":"https:\/\/gltestm.webology.pl\/pl\/wp-json\/wp\/v2\/product_brand?post=11966"},{"taxonomy":"product_cat","embeddable":true,"href":"https:\/\/gltestm.webology.pl\/pl\/wp-json\/wp\/v2\/product_cat?post=11966"},{"taxonomy":"product_tag","embeddable":true,"href":"https:\/\/gltestm.webology.pl\/pl\/wp-json\/wp\/v2\/product_tag?post=11966"}],"curies":[{"name":"wp","href":"https:\/\/api.w.org\/{rel}","templated":true}]}}