{"id":11963,"date":"2026-03-18T22:04:08","date_gmt":"2026-03-18T21:04:08","guid":{"rendered":"https:\/\/gltestm.webology.pl\/produkt\/etykieta-ubraniowa-do-naprasowania-z-pisakiem\/"},"modified":"2026-03-22T21:51:04","modified_gmt":"2026-03-22T20:51:04","slug":"etykieta-ubraniowa-do-naprasowania-z-pisakiem","status":"publish","type":"product","link":"https:\/\/gltestm.webology.pl\/pl\/produkt\/etykieta-ubraniowa-do-naprasowania-z-pisakiem\/","title":{"rendered":"Etykieta ubraniowa do naprasowania z pisakiem"},"content":{"rendered":"<h2>Etykiety ubraniowe &#8211; jak u\u017cywa\u0107?<\/h2>\n<p>Etykiety ubraniowe naklejamy na odzie\u017c, gdy potrzebujemy oznaczy\u0107 j\u0105, aby wiedzie\u0107 do kogo nale\u017cy. Przydaje si\u0119 przede wszystkim w \u017c\u0142obkach, przedszkolach, szko\u0142ach czy szpitalach. Nada si\u0119 r\u00f3wnie\u017c do znakowania bielizny po\u015bcielowej oddawanej do pralni. Mo\u017cemy je u\u017cywa\u0107 do wszelkich tekstyli\u00f3w.<\/p>\n<p>Do opisywania nale\u017cy u\u017cywa\u0107 wy\u0142\u0105cznie pisak\u00f3w do tekstyli\u00f3w. Taki marker jest do\u0142\u0105czony do zestawu.<\/p>\n<p>Zalecamy by dodatkowo przyszy\u0107 etykietk\u0119, aby zapobiec odklejeniu si\u0119 podczas prania.<\/p>\n<h2>Wymiary<\/h2>\n<p>Jeden produkt zawiera 45 tabliczek imiennych w j\u0119zyku angielskich (name).<\/p>\n<p>Rozmiar jednej tabliczki imiennej: szeroko\u015b\u0107 5,5 cm x wysoko\u015b\u0107 1,5 cm.<\/p>\n<p>Rozmiar ca\u0142ej etykiety: szeroko\u015b\u0107 5,5 cm x wysoko\u015b\u0107 10,5 cm.<\/p>\n<h2>Utrzymanie<\/h2>\n<p><img decoding=\"async\" src=\"https:\/\/www.stoklasa.pl\/obr_praci_symboly.php?symbol=70-3-46-48-21\" alt=\"\" \/><\/p>\n","protected":false},"excerpt":{"rendered":"<p>Etykiety imienne do oznakowania ubra\u0144, po\u015bcieli i innych tekstyli\u00f3w.<\/p>\n","protected":false},"featured_media":13883,"comment_status":"open","ping_status":"closed","template":"","meta":[],"product_brand":[],"product_cat":[773],"product_tag":[],"class_list":{"0":"post-11963","1":"product","2":"type-product","3":"status-publish","4":"has-post-thumbnail","6":"product_cat-inne-narzedzia-i-akcesoria","8":"first","9":"instock","10":"taxable","11":"shipping-taxable","12":"purchasable","13":"product-type-simple"},"_links":{"self":[{"href":"https:\/\/gltestm.webology.pl\/pl\/wp-json\/wp\/v2\/product\/11963","targetHints":{"allow":["GET"]}}],"collection":[{"href":"https:\/\/gltestm.webology.pl\/pl\/wp-json\/wp\/v2\/product"}],"about":[{"href":"https:\/\/gltestm.webology.pl\/pl\/wp-json\/wp\/v2\/types\/product"}],"replies":[{"embeddable":true,"href":"https:\/\/gltestm.webology.pl\/pl\/wp-json\/wp\/v2\/comments?post=11963"}],"version-history":[{"count":0,"href":"https:\/\/gltestm.webology.pl\/pl\/wp-json\/wp\/v2\/product\/11963\/revisions"}],"wp:featuredmedia":[{"embeddable":true,"href":"https:\/\/gltestm.webology.pl\/pl\/wp-json\/wp\/v2\/media\/13883"}],"wp:attachment":[{"href":"https:\/\/gltestm.webology.pl\/pl\/wp-json\/wp\/v2\/media?parent=11963"}],"wp:term":[{"taxonomy":"product_brand","embeddable":true,"href":"https:\/\/gltestm.webology.pl\/pl\/wp-json\/wp\/v2\/product_brand?post=11963"},{"taxonomy":"product_cat","embeddable":true,"href":"https:\/\/gltestm.webology.pl\/pl\/wp-json\/wp\/v2\/product_cat?post=11963"},{"taxonomy":"product_tag","embeddable":true,"href":"https:\/\/gltestm.webology.pl\/pl\/wp-json\/wp\/v2\/product_tag?post=11963"}],"curies":[{"name":"wp","href":"https:\/\/api.w.org\/{rel}","templated":true}]}}