{"id":11962,"date":"2026-03-18T22:04:08","date_gmt":"2026-03-18T21:04:08","guid":{"rendered":"https:\/\/gltestm.webology.pl\/produkt\/naparstek-z-obcinaczem-nitek\/"},"modified":"2026-03-22T21:51:03","modified_gmt":"2026-03-22T20:51:03","slug":"naparstek-z-obcinaczem-nitek","status":"publish","type":"product","link":"https:\/\/gltestm.webology.pl\/pl\/produkt\/naparstek-z-obcinaczem-nitek\/","title":{"rendered":"Naparstek z obcinaczem nitek"},"content":{"rendered":"<h2>Naparstek z no\u017cykiem<\/h2>\n<p>Naparstek z no\u017cykiem to niezwykle praktyczny przyrz\u0105d, kt&oacute;ry usprawni twoj\u0105 prac\u0119 z u\u017cyciem nici, tak\u0105 jak szycie czy haftowanie. Ostrze jest integraln\u0105 cz\u0119\u015bci\u0105 naparstka i umiejscowione jest nad otworem na palec. Sprawia, \u017ce nie trzeba przerywa\u0107 pracy, aby si\u0119gn\u0105\u0107 po no\u017cyczki le\u017c\u0105ce na stole &#8211; wystarczy jednym ruchem przeci\u0105gn\u0105\u0107 nitk\u0119 wzd\u0142u\u017c jego ostrza. Plastikowy naparstek posiada rozci\u0119cie, dzi\u0119ki kt&oacute;remu mo\u017cliwe jest dopasowanie go do wielko\u015bci palca.<\/p>\n<h2>Wymiary<\/h2>\n<p>\u015arednica naparstka bez rozszerzenia to 16 mm. D\u0142ugo\u015b\u0107 jego ostrza wynosi 10 mm. <\/p>\n","protected":false},"excerpt":{"rendered":"<p>Praktyczny i por\u0119czny naparstek z no\u017cykiem do obcinania nici.<\/p>\n","protected":false},"featured_media":13948,"comment_status":"open","ping_status":"closed","template":"","meta":[],"product_brand":[],"product_cat":[758],"product_tag":[],"class_list":{"0":"post-11962","1":"product","2":"type-product","3":"status-publish","4":"has-post-thumbnail","6":"product_cat-noze-noze-krazkowe-i-przecinaki","8":"first","9":"instock","10":"taxable","11":"shipping-taxable","12":"purchasable","13":"product-type-simple"},"_links":{"self":[{"href":"https:\/\/gltestm.webology.pl\/pl\/wp-json\/wp\/v2\/product\/11962","targetHints":{"allow":["GET"]}}],"collection":[{"href":"https:\/\/gltestm.webology.pl\/pl\/wp-json\/wp\/v2\/product"}],"about":[{"href":"https:\/\/gltestm.webology.pl\/pl\/wp-json\/wp\/v2\/types\/product"}],"replies":[{"embeddable":true,"href":"https:\/\/gltestm.webology.pl\/pl\/wp-json\/wp\/v2\/comments?post=11962"}],"version-history":[{"count":0,"href":"https:\/\/gltestm.webology.pl\/pl\/wp-json\/wp\/v2\/product\/11962\/revisions"}],"wp:featuredmedia":[{"embeddable":true,"href":"https:\/\/gltestm.webology.pl\/pl\/wp-json\/wp\/v2\/media\/13948"}],"wp:attachment":[{"href":"https:\/\/gltestm.webology.pl\/pl\/wp-json\/wp\/v2\/media?parent=11962"}],"wp:term":[{"taxonomy":"product_brand","embeddable":true,"href":"https:\/\/gltestm.webology.pl\/pl\/wp-json\/wp\/v2\/product_brand?post=11962"},{"taxonomy":"product_cat","embeddable":true,"href":"https:\/\/gltestm.webology.pl\/pl\/wp-json\/wp\/v2\/product_cat?post=11962"},{"taxonomy":"product_tag","embeddable":true,"href":"https:\/\/gltestm.webology.pl\/pl\/wp-json\/wp\/v2\/product_tag?post=11962"}],"curies":[{"name":"wp","href":"https:\/\/api.w.org\/{rel}","templated":true}]}}