{"id":11961,"date":"2026-03-18T22:04:07","date_gmt":"2026-03-18T21:04:07","guid":{"rendered":"https:\/\/gltestm.webology.pl\/produkt\/igla-do-filcowania-z-drewniana-rekojescia\/"},"modified":"2026-03-22T21:51:02","modified_gmt":"2026-03-22T20:51:02","slug":"igla-do-filcowania-z-drewniana-rekojescia","status":"publish","type":"product","link":"https:\/\/gltestm.webology.pl\/pl\/produkt\/igla-do-filcowania-z-drewniana-rekojescia\/","title":{"rendered":"Ig\u0142a do filcowania z drewnian\u0105 r\u0119koje\u015bci\u0105"},"content":{"rendered":"<p><strong>Ig\u0142y do filcowania<\/strong><span> s\u0105 niezb\u0119dnikiem w tej technice. <\/span><br \/><span>S\u0105 tr\u00f3jk\u0105tne, po bokach <\/span><strong>maj\u0105 drobne rowki do uchwycenia we\u0142ny.<span>Ich <\/span><strong>\u015brednia wielko\u015b\u0107<\/strong><span> jest idealna od pocz\u0105tku pracy z filcem a\u017c do finalnego formowania.Mo\u017cna \u0142atwo wymienia\u0107 ig\u0142y w r\u0105czkach.<\/span><\/strong><\/p>\n<p><strong>Instrukcja u\u017cycia:<br \/><span>We\u017a kawa\u0142ek runa i palcami stw\u00f3rz po\u017c\u0105dany kszta\u0142t. Ig\u0142\u0105 do filcu nak\u0142uwaj filc r\u00f3wnomiernie z ka\u017cdej strony. Ig\u0142a do filcu ma po bokach ma\u0142e rowki, do kt\u00f3rych w\u0142\u00f3kna we\u0142ny zaczepiaj\u0105 si\u0119, a przez to, \u017ce nak\u0142uwamy we\u0142n\u0119, w\u0142\u00f3kna splataj\u0105 si\u0119. <\/span><\/strong><\/p>\n<p><strong>Uwaga!<\/strong><\/p>\n<p><strong>Ig\u0142y sprzedawane pojedynczo !<\/strong><\/p>\n","protected":false},"excerpt":{"rendered":"<p>Wygodna i praktyczna ig\u0142a niezb\u0119dna przy filcowaniu.<\/p>\n","protected":false},"featured_media":14609,"comment_status":"open","ping_status":"closed","template":"","meta":[],"product_brand":[],"product_cat":[358],"product_tag":[],"class_list":{"0":"post-11961","1":"product","2":"type-product","3":"status-publish","4":"has-post-thumbnail","6":"product_cat-igly","8":"first","9":"instock","10":"taxable","11":"shipping-taxable","12":"purchasable","13":"product-type-simple"},"_links":{"self":[{"href":"https:\/\/gltestm.webology.pl\/pl\/wp-json\/wp\/v2\/product\/11961","targetHints":{"allow":["GET"]}}],"collection":[{"href":"https:\/\/gltestm.webology.pl\/pl\/wp-json\/wp\/v2\/product"}],"about":[{"href":"https:\/\/gltestm.webology.pl\/pl\/wp-json\/wp\/v2\/types\/product"}],"replies":[{"embeddable":true,"href":"https:\/\/gltestm.webology.pl\/pl\/wp-json\/wp\/v2\/comments?post=11961"}],"version-history":[{"count":0,"href":"https:\/\/gltestm.webology.pl\/pl\/wp-json\/wp\/v2\/product\/11961\/revisions"}],"wp:featuredmedia":[{"embeddable":true,"href":"https:\/\/gltestm.webology.pl\/pl\/wp-json\/wp\/v2\/media\/14609"}],"wp:attachment":[{"href":"https:\/\/gltestm.webology.pl\/pl\/wp-json\/wp\/v2\/media?parent=11961"}],"wp:term":[{"taxonomy":"product_brand","embeddable":true,"href":"https:\/\/gltestm.webology.pl\/pl\/wp-json\/wp\/v2\/product_brand?post=11961"},{"taxonomy":"product_cat","embeddable":true,"href":"https:\/\/gltestm.webology.pl\/pl\/wp-json\/wp\/v2\/product_cat?post=11961"},{"taxonomy":"product_tag","embeddable":true,"href":"https:\/\/gltestm.webology.pl\/pl\/wp-json\/wp\/v2\/product_tag?post=11961"}],"curies":[{"name":"wp","href":"https:\/\/api.w.org\/{rel}","templated":true}]}}